{"id":148,"date":"2020-04-10T19:37:16","date_gmt":"2020-04-10T17:37:16","guid":{"rendered":"http:\/\/www.walhalla-lamm.de\/cms\/versandarten\/"},"modified":"2025-04-01T20:13:50","modified_gmt":"2025-04-01T18:13:50","slug":"versandarten","status":"publish","type":"page","link":"https:\/\/www.walhalla-lamm.de\/cms\/versandarten\/","title":{"rendered":"Versandarten"},"content":{"rendered":"\n<p>Wir versenden in der Regel mit Hermes. <\/p>\n\n\n\n<p>Sollten Sie eine andere Versandart w\u00fcnschen, lassen Sie es uns wissen, wir bearbeiten dann Ihre Bestellung und \u00fcbermitteln aktualisierte Bestelldaten.<\/p>\n\n\n\n<p>Die Versandkosten betragen pauschal \u20ac 5,95.<\/p>\n\n\n\n<h2 class=\"wp-block-heading\">R\u00fccksendungen<\/h2>\n\n\n\n<p>Falls Sie Grund zur Beanstandung haben und uns deshalb etwas zur\u00fccksenden m\u00f6chten: Nehmen Sie Kontakt zu uns auf &#8211; in der Regel \u00fcbermitteln wir Ihnen ein Versandetikett bzw. einen Versandcode f\u00fcr Ihren kostenlosen R\u00fcckversand.  <\/p>\n","protected":false},"excerpt":{"rendered":"<p>Wir versenden in der Regel mit Hermes. Sollten Sie eine andere Versandart w\u00fcnschen, lassen Sie es uns wissen, wir bearbeiten dann Ihre Bestellung und \u00fcbermitteln aktualisierte Bestelldaten. Die Versandkosten betragen pauschal \u20ac 5,95. R\u00fccksendungen Falls Sie Grund zur Beanstandung haben und uns deshalb etwas zur\u00fccksenden m\u00f6chten: Nehmen Sie Kontakt zu uns auf &#8211; in der [&hellip;]<\/p>\n","protected":false},"author":399,"featured_media":0,"parent":0,"menu_order":0,"comment_status":"closed","ping_status":"closed","template":"","meta":{"footnotes":""},"class_list":["post-148","page","type-page","status-publish","hentry"],"_links":{"self":[{"href":"https:\/\/www.walhalla-lamm.de\/cms\/wp-json\/wp\/v2\/pages\/148","targetHints":{"allow":["GET"]}}],"collection":[{"href":"https:\/\/www.walhalla-lamm.de\/cms\/wp-json\/wp\/v2\/pages"}],"about":[{"href":"https:\/\/www.walhalla-lamm.de\/cms\/wp-json\/wp\/v2\/types\/page"}],"author":[{"embeddable":true,"href":"https:\/\/www.walhalla-lamm.de\/cms\/wp-json\/wp\/v2\/users\/399"}],"replies":[{"embeddable":true,"href":"https:\/\/www.walhalla-lamm.de\/cms\/wp-json\/wp\/v2\/comments?post=148"}],"version-history":[{"count":4,"href":"https:\/\/www.walhalla-lamm.de\/cms\/wp-json\/wp\/v2\/pages\/148\/revisions"}],"predecessor-version":[{"id":7574,"href":"https:\/\/www.walhalla-lamm.de\/cms\/wp-json\/wp\/v2\/pages\/148\/revisions\/7574"}],"wp:attachment":[{"href":"https:\/\/www.walhalla-lamm.de\/cms\/wp-json\/wp\/v2\/media?parent=148"}],"curies":[{"name":"wp","href":"https:\/\/api.w.org\/{rel}","templated":true}]}}