{"id":3672,"date":"2022-02-21T17:46:09","date_gmt":"2022-02-21T16:46:09","guid":{"rendered":"http:\/\/www.walhalla-lamm.de\/cms\/?page_id=3672"},"modified":"2022-02-23T12:24:39","modified_gmt":"2022-02-23T11:24:39","slug":"unsere-tiere","status":"publish","type":"page","link":"https:\/\/www.walhalla-lamm.de\/cms\/unsere-tiere\/","title":{"rendered":"Unsere Tiere"},"content":{"rendered":"\n<p>Was urspr\u00fcnglich einmal mit ein paar Laufenten zur Bek\u00e4mpfung der Nacktschneckenplage begonnen hatte, hat sich mittlerweile zu einem vielf\u00e4ltigen Tierbestand entwickelt.<\/p>\n\n\n\n<p>Allen bei uns gehaltenen Tieren ist gemeinsam, dass die Haltung ausgesprochen extensiv erfolgt.<\/p>\n\n\n\n<p>Informationen zu den einzelnen Rassen finden Sie unter:<\/p>\n\n\n\n<div class=\"wp-block-media-text alignwide is-stacked-on-mobile\" style=\"grid-template-columns:15% auto\"><figure class=\"wp-block-media-text__media\"><img decoding=\"async\" width=\"300\" height=\"300\" data-src=\"http:\/\/www.walhalla-lamm.de\/cms\/wp-content\/uploads\/2022\/02\/logo_schaf_dunkelgruen.gif\" alt=\"logo_schaf_dunkelgruen\" class=\"wp-image-3674 size-full lazyload\" src=\"data:image\/svg+xml;base64,PHN2ZyB3aWR0aD0iMSIgaGVpZ2h0PSIxIiB4bWxucz0iaHR0cDovL3d3dy53My5vcmcvMjAwMC9zdmciPjwvc3ZnPg==\" style=\"--smush-placeholder-width: 300px; --smush-placeholder-aspect-ratio: 300\/300;\" \/><\/figure><div class=\"wp-block-media-text__content\">\n<p class=\"has-large-font-size\"><a href=\"http:\/\/www.walhalla-lamm.de\/cms\/waldschaf-eine-vom-aussterben-bedrohte-nutztierrasse\/\">Waldschafe<\/a><\/p>\n<\/div><\/div>\n\n\n\n<div class=\"wp-block-media-text alignwide is-stacked-on-mobile\" style=\"grid-template-columns:15% auto\"><figure class=\"wp-block-media-text__media\"><img decoding=\"async\" width=\"300\" height=\"300\" data-src=\"http:\/\/www.walhalla-lamm.de\/cms\/wp-content\/uploads\/2022\/02\/logo_schaf_dunkelgruen.gif\" alt=\"logo_schaf_dunkelgruen\" class=\"wp-image-3674 size-full lazyload\" src=\"data:image\/svg+xml;base64,PHN2ZyB3aWR0aD0iMSIgaGVpZ2h0PSIxIiB4bWxucz0iaHR0cDovL3d3dy53My5vcmcvMjAwMC9zdmciPjwvc3ZnPg==\" style=\"--smush-placeholder-width: 300px; --smush-placeholder-aspect-ratio: 300\/300;\" \/><\/figure><div class=\"wp-block-media-text__content\">\n<p class=\"has-large-font-size\"><a href=\"http:\/\/www.walhalla-lamm.de\/cms\/coburger-fuchsschaf-eine-vom-aussterben-bedrohte-nutztierrasse\/\">Coburger Fuchsschafe<\/a><\/p>\n<\/div><\/div>\n\n\n\n<div class=\"wp-block-media-text alignwide is-stacked-on-mobile\" style=\"grid-template-columns:15% auto\"><figure class=\"wp-block-media-text__media\"><img decoding=\"async\" width=\"300\" height=\"300\" data-src=\"http:\/\/www.walhalla-lamm.de\/cms\/wp-content\/uploads\/2022\/02\/logo_schaf_dunkelgruen.gif\" alt=\"logo_schaf_dunkelgruen\" class=\"wp-image-3674 size-full lazyload\" src=\"data:image\/svg+xml;base64,PHN2ZyB3aWR0aD0iMSIgaGVpZ2h0PSIxIiB4bWxucz0iaHR0cDovL3d3dy53My5vcmcvMjAwMC9zdmciPjwvc3ZnPg==\" style=\"--smush-placeholder-width: 300px; --smush-placeholder-aspect-ratio: 300\/300;\" \/><\/figure><div class=\"wp-block-media-text__content\">\n<p class=\"has-large-font-size\"><a href=\"http:\/\/www.walhalla-lamm.de\/cms\/bentheimer-landschaf-eine-vom-aussterben-bedrohte-nutztierrasse\/\">Bentheimer Landschafe<\/a><\/p>\n<\/div><\/div>\n\n\n\n<div class=\"wp-block-media-text alignwide is-stacked-on-mobile\" style=\"grid-template-columns:15% auto\"><figure class=\"wp-block-media-text__media\"><img decoding=\"async\" width=\"300\" height=\"300\" data-src=\"http:\/\/www.walhalla-lamm.de\/cms\/wp-content\/uploads\/2022\/02\/logo_ziege_dunkelgruen.gif\" alt=\"logo_ziege_dunkelgruen\" class=\"wp-image-3676 size-full lazyload\" src=\"data:image\/svg+xml;base64,PHN2ZyB3aWR0aD0iMSIgaGVpZ2h0PSIxIiB4bWxucz0iaHR0cDovL3d3dy53My5vcmcvMjAwMC9zdmciPjwvc3ZnPg==\" style=\"--smush-placeholder-width: 300px; --smush-placeholder-aspect-ratio: 300\/300;\" \/><\/figure><div class=\"wp-block-media-text__content\">\n<p class=\"has-large-font-size\"><a href=\"http:\/\/www.walhalla-lamm.de\/cms\/buendner-strahlenziege-eine-vom-aussterben-bedrohte-nutztierrasse\/\">B\u00fcndner Strahlenziegen<\/a><\/p>\n<\/div><\/div>\n\n\n\n<div class=\"wp-block-media-text alignwide is-stacked-on-mobile\" style=\"grid-template-columns:15% auto\"><figure class=\"wp-block-media-text__media\"><img decoding=\"async\" width=\"300\" height=\"300\" data-src=\"http:\/\/www.walhalla-lamm.de\/cms\/wp-content\/uploads\/2022\/02\/logo_rind_dunkelgruen.gif\" alt=\"logo_rind_dunkelgruen\" class=\"wp-image-3678 size-full lazyload\" src=\"data:image\/svg+xml;base64,PHN2ZyB3aWR0aD0iMSIgaGVpZ2h0PSIxIiB4bWxucz0iaHR0cDovL3d3dy53My5vcmcvMjAwMC9zdmciPjwvc3ZnPg==\" style=\"--smush-placeholder-width: 300px; --smush-placeholder-aspect-ratio: 300\/300;\" \/><\/figure><div class=\"wp-block-media-text__content\">\n<p class=\"has-large-font-size\"><a href=\"http:\/\/www.walhalla-lamm.de\/cms\/hinterwaelder-rind-eine-vom-aussterben-bedrohte-nutztierrasse\/\">Hinterw\u00e4lder Rinder<\/a><\/p>\n<\/div><\/div>\n\n\n\n<div class=\"wp-block-media-text alignwide is-stacked-on-mobile\" style=\"grid-template-columns:15% auto\"><figure class=\"wp-block-media-text__media\"><img decoding=\"async\" width=\"300\" height=\"300\" data-src=\"http:\/\/www.walhalla-lamm.de\/cms\/wp-content\/uploads\/2022\/02\/logo_gans_dunkelgruen.gif\" alt=\"logo_gans_dunkelgruen\" class=\"wp-image-3679 size-full lazyload\" src=\"data:image\/svg+xml;base64,PHN2ZyB3aWR0aD0iMSIgaGVpZ2h0PSIxIiB4bWxucz0iaHR0cDovL3d3dy53My5vcmcvMjAwMC9zdmciPjwvc3ZnPg==\" style=\"--smush-placeholder-width: 300px; --smush-placeholder-aspect-ratio: 300\/300;\" \/><\/figure><div class=\"wp-block-media-text__content\">\n<p class=\"has-large-font-size\"><a href=\"http:\/\/www.walhalla-lamm.de\/tiere\/fraenkische_landgans.htm\" target=\"_blank\" rel=\"noreferrer noopener\">Fr\u00e4nkische Landg\u00e4nse<\/a><\/p>\n<\/div><\/div>\n\n\n\n<div class=\"wp-block-media-text alignwide is-stacked-on-mobile\" style=\"grid-template-columns:15% auto\"><figure class=\"wp-block-media-text__media\"><img decoding=\"async\" width=\"300\" height=\"300\" data-src=\"http:\/\/www.walhalla-lamm.de\/cms\/wp-content\/uploads\/2022\/02\/logo_gans_dunkelgruen.gif\" alt=\"logo_gans_dunkelgruen\" class=\"wp-image-3679 size-full lazyload\" src=\"data:image\/svg+xml;base64,PHN2ZyB3aWR0aD0iMSIgaGVpZ2h0PSIxIiB4bWxucz0iaHR0cDovL3d3dy53My5vcmcvMjAwMC9zdmciPjwvc3ZnPg==\" style=\"--smush-placeholder-width: 300px; --smush-placeholder-aspect-ratio: 300\/300;\" \/><\/figure><div class=\"wp-block-media-text__content\">\n<p class=\"has-large-font-size\"><a href=\"http:\/\/www.walhalla-lamm.de\/tiere\/diepholzer_gans.htm\" target=\"_blank\" rel=\"noreferrer noopener\">Diepholzer G\u00e4nse<\/a><\/p>\n<\/div><\/div>\n\n\n\n<div class=\"wp-block-media-text alignwide is-stacked-on-mobile\" style=\"grid-template-columns:15% auto\"><figure class=\"wp-block-media-text__media\"><img decoding=\"async\" width=\"300\" height=\"300\" data-src=\"http:\/\/www.walhalla-lamm.de\/cms\/wp-content\/uploads\/2022\/02\/logo_huhn_dunkelgruen.gif\" alt=\"logo_huhn_dunkelgruen\" class=\"wp-image-3680 size-full lazyload\" src=\"data:image\/svg+xml;base64,PHN2ZyB3aWR0aD0iMSIgaGVpZ2h0PSIxIiB4bWxucz0iaHR0cDovL3d3dy53My5vcmcvMjAwMC9zdmciPjwvc3ZnPg==\" style=\"--smush-placeholder-width: 300px; --smush-placeholder-aspect-ratio: 300\/300;\" \/><\/figure><div class=\"wp-block-media-text__content\">\n<p class=\"has-large-font-size\"><a href=\"http:\/\/www.walhalla-lamm.de\/tiere\/sulmtaler_huhn.htm\" target=\"_blank\" rel=\"noreferrer noopener\">Sulmtaler H\u00fchner<\/a><\/p>\n<\/div><\/div>\n\n\n\n<div class=\"wp-block-media-text alignwide is-stacked-on-mobile\" style=\"grid-template-columns:15% auto\"><figure class=\"wp-block-media-text__media\"><img decoding=\"async\" width=\"300\" height=\"300\" data-src=\"http:\/\/www.walhalla-lamm.de\/cms\/wp-content\/uploads\/2022\/02\/logo_ente_dunkelgruen.gif\" alt=\"logo_ente_dunkelgruen\" class=\"wp-image-3681 size-full lazyload\" src=\"data:image\/svg+xml;base64,PHN2ZyB3aWR0aD0iMSIgaGVpZ2h0PSIxIiB4bWxucz0iaHR0cDovL3d3dy53My5vcmcvMjAwMC9zdmciPjwvc3ZnPg==\" style=\"--smush-placeholder-width: 300px; --smush-placeholder-aspect-ratio: 300\/300;\" \/><\/figure><div class=\"wp-block-media-text__content\">\n<p class=\"has-large-font-size\"><a href=\"http:\/\/www.walhalla-lamm.de\/tiere\/enten.htm\" target=\"_blank\" rel=\"noreferrer noopener\">Enten<\/a><\/p>\n<\/div><\/div>\n","protected":false},"excerpt":{"rendered":"<p>Was urspr\u00fcnglich einmal mit ein paar Laufenten zur Bek\u00e4mpfung der Nacktschneckenplage begonnen hatte, hat sich mittlerweile zu einem vielf\u00e4ltigen Tierbestand entwickelt. Allen bei uns gehaltenen Tieren ist gemeinsam, dass die Haltung ausgesprochen extensiv erfolgt. Informationen zu den einzelnen Rassen finden Sie unter: Waldschafe Coburger Fuchsschafe Bentheimer Landschafe B\u00fcndner Strahlenziegen Hinterw\u00e4lder Rinder Fr\u00e4nkische Landg\u00e4nse Diepholzer G\u00e4nse [&hellip;]<\/p>\n","protected":false},"author":399,"featured_media":0,"parent":0,"menu_order":0,"comment_status":"closed","ping_status":"closed","template":"","meta":{"footnotes":""},"class_list":["post-3672","page","type-page","status-publish","hentry"],"_links":{"self":[{"href":"https:\/\/www.walhalla-lamm.de\/cms\/wp-json\/wp\/v2\/pages\/3672","targetHints":{"allow":["GET"]}}],"collection":[{"href":"https:\/\/www.walhalla-lamm.de\/cms\/wp-json\/wp\/v2\/pages"}],"about":[{"href":"https:\/\/www.walhalla-lamm.de\/cms\/wp-json\/wp\/v2\/types\/page"}],"author":[{"embeddable":true,"href":"https:\/\/www.walhalla-lamm.de\/cms\/wp-json\/wp\/v2\/users\/399"}],"replies":[{"embeddable":true,"href":"https:\/\/www.walhalla-lamm.de\/cms\/wp-json\/wp\/v2\/comments?post=3672"}],"version-history":[{"count":10,"href":"https:\/\/www.walhalla-lamm.de\/cms\/wp-json\/wp\/v2\/pages\/3672\/revisions"}],"predecessor-version":[{"id":3793,"href":"https:\/\/www.walhalla-lamm.de\/cms\/wp-json\/wp\/v2\/pages\/3672\/revisions\/3793"}],"wp:attachment":[{"href":"https:\/\/www.walhalla-lamm.de\/cms\/wp-json\/wp\/v2\/media?parent=3672"}],"curies":[{"name":"wp","href":"https:\/\/api.w.org\/{rel}","templated":true}]}}