{"id":1110,"date":"2020-07-09T09:25:34","date_gmt":"2020-07-09T07:25:34","guid":{"rendered":"http:\/\/www.walhalla-lamm.de\/cms\/?post_type=product&#038;p=1110"},"modified":"2026-03-06T09:17:25","modified_gmt":"2026-03-06T08:17:25","slug":"textilspray-anti-mott","status":"publish","type":"product","link":"https:\/\/www.walhalla-lamm.de\/cms\/shop\/fellprodukte\/textilspray-anti-mott\/","title":{"rendered":"Textilspray Anti-Mott"},"content":{"rendered":"<p>Das Textilspray Anti-Mott mit Lavandin vertreibt Kleidermotten und beugt dem Larvenfra\u00df vor.<\/p>\n<p>Dieses \u00f6kologische Textilspray ist frei von synthetischen Inhaltstoffen und duftet angenehm nach Lavendel, Zeder und Citronella.\u00a0 Der Wirkstoff Azadirachitin wird aus dem Samen des indischen Neembaumes gewonnen und ist gegen Sch\u00e4dlinge besonders wirksam. Es handelt sich nicht um ein Gift sondern um ein Repellent: Insekten werden nicht get\u00f6tet, sondern abgewehrt und ferngehalten.<\/p>\n<p>Bespr\u00fchen Sie vorbeugend eingelagerte Textilien. Nach 6 Monaten Behandlung auffrischen.<\/p>\n<p>Gr\u00f6\u00dfe: 200 ml<\/p>\n","protected":false},"excerpt":{"rendered":"<p>Ein \u00f6kologisches Repellent mit Neem-\u00d6l zur nat\u00fcrlichen Abwehr von Insekten.<\/p>\n","protected":false},"featured_media":1092,"comment_status":"closed","ping_status":"closed","template":"","meta":[],"product_brand":[],"product_cat":[72,234,71],"product_tag":[],"class_list":{"0":"post-1110","1":"product","2":"type-product","3":"status-publish","4":"has-post-thumbnail","6":"product_cat-fellprodukte","7":"product_cat-repellent","8":"product_cat-schafwoll-strickwolle","10":"first","11":"outofstock","12":"taxable","13":"shipping-taxable","14":"purchasable","15":"product-type-simple"},"_links":{"self":[{"href":"https:\/\/www.walhalla-lamm.de\/cms\/wp-json\/wp\/v2\/product\/1110","targetHints":{"allow":["GET"]}}],"collection":[{"href":"https:\/\/www.walhalla-lamm.de\/cms\/wp-json\/wp\/v2\/product"}],"about":[{"href":"https:\/\/www.walhalla-lamm.de\/cms\/wp-json\/wp\/v2\/types\/product"}],"replies":[{"embeddable":true,"href":"https:\/\/www.walhalla-lamm.de\/cms\/wp-json\/wp\/v2\/comments?post=1110"}],"wp:featuredmedia":[{"embeddable":true,"href":"https:\/\/www.walhalla-lamm.de\/cms\/wp-json\/wp\/v2\/media\/1092"}],"wp:attachment":[{"href":"https:\/\/www.walhalla-lamm.de\/cms\/wp-json\/wp\/v2\/media?parent=1110"}],"wp:term":[{"taxonomy":"product_brand","embeddable":true,"href":"https:\/\/www.walhalla-lamm.de\/cms\/wp-json\/wp\/v2\/product_brand?post=1110"},{"taxonomy":"product_cat","embeddable":true,"href":"https:\/\/www.walhalla-lamm.de\/cms\/wp-json\/wp\/v2\/product_cat?post=1110"},{"taxonomy":"product_tag","embeddable":true,"href":"https:\/\/www.walhalla-lamm.de\/cms\/wp-json\/wp\/v2\/product_tag?post=1110"}],"curies":[{"name":"wp","href":"https:\/\/api.w.org\/{rel}","templated":true}]}}