{"id":125,"date":"2020-04-10T15:17:14","date_gmt":"2020-04-10T13:17:14","guid":{"rendered":"http:\/\/www.walhalla-lamm.de\/cms\/?post_type=product&#038;p=125"},"modified":"2026-03-14T19:12:01","modified_gmt":"2026-03-14T18:12:01","slug":"lanolinseife-grapefruit-mohn","status":"publish","type":"product","link":"https:\/\/www.walhalla-lamm.de\/cms\/shop\/seife-kosmetik\/100gstuecke\/lanolinseife\/lanolinseife-grapefruit-mohn\/","title":{"rendered":"Lanolinseife Grapefruit Mohn"},"content":{"rendered":"<p>Erm\u00fcdungserscheinungen,&#8230;. ADE!<\/p>\n<p>Der leckere Duft nach Grapefruit wird Sie aufmuntern und Ihr Gem\u00fct munter stimmen. F\u00fcr eine leicht durchblutungsf\u00f6rdernde Massage Ihrer Haut wurden dieser Seife noch Mohnsamen beigef\u00fcgt. Durch das enthaltene Lanolin in dieser Seife erhalten Sie eine perfekte R\u00fcckfettung und Pflege f\u00fcr Ihre Haut, ganz ohne anschlie\u00dfendes Eincremen.<\/p>\n<p>Viel Spa\u00df bei Waschen und Duschen.<\/p>\n","protected":false},"excerpt":{"rendered":"<p>Erm\u00fcdungserscheinungen,&#8230;. ADE! Der leckere Duft nach Grapefruit wird Sie aufmuntern und Ihr Gem\u00fct munter stimmen. F\u00fcr eine leicht durchblutungsf\u00f6rdernde Massage Ihrer Haut wurden dieser Seife noch Mohnsamen beigef\u00fcgt. Durch das enthaltene Lanolin in dieser Seife erhalten Sie eine perfekte R\u00fcckfettung und Pflege f\u00fcr Ihre Haut, ganz ohne anschlie\u00dfendes Eincremen. Viel Spa\u00df bei Waschen und Duschen.<\/p>\n","protected":false},"featured_media":4538,"comment_status":"closed","ping_status":"closed","template":"","meta":[],"product_brand":[],"product_cat":[23,22],"product_tag":[],"class_list":{"0":"post-125","1":"product","2":"type-product","3":"status-publish","4":"has-post-thumbnail","6":"product_cat-lanolinseife","7":"product_cat-seife-kosmetik","9":"first","10":"instock","11":"taxable","12":"shipping-taxable","13":"purchasable","14":"product-type-simple"},"_links":{"self":[{"href":"https:\/\/www.walhalla-lamm.de\/cms\/wp-json\/wp\/v2\/product\/125","targetHints":{"allow":["GET"]}}],"collection":[{"href":"https:\/\/www.walhalla-lamm.de\/cms\/wp-json\/wp\/v2\/product"}],"about":[{"href":"https:\/\/www.walhalla-lamm.de\/cms\/wp-json\/wp\/v2\/types\/product"}],"replies":[{"embeddable":true,"href":"https:\/\/www.walhalla-lamm.de\/cms\/wp-json\/wp\/v2\/comments?post=125"}],"wp:featuredmedia":[{"embeddable":true,"href":"https:\/\/www.walhalla-lamm.de\/cms\/wp-json\/wp\/v2\/media\/4538"}],"wp:attachment":[{"href":"https:\/\/www.walhalla-lamm.de\/cms\/wp-json\/wp\/v2\/media?parent=125"}],"wp:term":[{"taxonomy":"product_brand","embeddable":true,"href":"https:\/\/www.walhalla-lamm.de\/cms\/wp-json\/wp\/v2\/product_brand?post=125"},{"taxonomy":"product_cat","embeddable":true,"href":"https:\/\/www.walhalla-lamm.de\/cms\/wp-json\/wp\/v2\/product_cat?post=125"},{"taxonomy":"product_tag","embeddable":true,"href":"https:\/\/www.walhalla-lamm.de\/cms\/wp-json\/wp\/v2\/product_tag?post=125"}],"curies":[{"name":"wp","href":"https:\/\/api.w.org\/{rel}","templated":true}]}}