{"id":131,"date":"2020-04-10T15:28:06","date_gmt":"2020-04-10T13:28:06","guid":{"rendered":"http:\/\/www.walhalla-lamm.de\/cms\/?post_type=product&#038;p=131"},"modified":"2026-04-17T23:51:56","modified_gmt":"2026-04-17T21:51:56","slug":"lanolinseife-ideal-classic","status":"publish","type":"product","link":"https:\/\/www.walhalla-lamm.de\/cms\/shop\/seife-kosmetik\/100gstuecke\/lanolinseife\/lanolinseife-ideal-classic\/","title":{"rendered":"Lanolinseife Ideal Classic"},"content":{"rendered":"<p>Bl\u00fctenwei\u00df und unschuldig!<\/p>\n<p>Wie schon Ihr Name sagt, kommt diese Seife ganz klassisch daher. Rein wei\u00df mit einem zauberhaften, klassischen Seifenduft und einem unheimlich fein-cremigen Schaum schmeicheln Sie Ihrer Haut.\u00a0Durch das enthaltene Lanolin in dieser Seife erhalten Sie eine perfekte R\u00fcckfettung und Pflege f\u00fcr Ihre Haut, ganz ohne anschlie\u00dfendes Eincremen.<\/p>\n<p>Viel Spa\u00df bei Waschen und Duschen.<\/p>\n","protected":false},"excerpt":{"rendered":"<p>Bl\u00fctenwei\u00df und unschuldig! Wie schon Ihr Name sagt, kommt diese Seife ganz klassisch daher. Rein wei\u00df mit einem zauberhaften, klassischen Seifenduft und einem unheimlich fein-cremigen Schaum schmeicheln Sie Ihrer Haut.\u00a0Durch das enthaltene Lanolin in dieser Seife erhalten Sie eine perfekte R\u00fcckfettung und Pflege f\u00fcr Ihre Haut, ganz ohne anschlie\u00dfendes Eincremen. Viel Spa\u00df bei Waschen und [&hellip;]<\/p>\n","protected":false},"featured_media":4536,"comment_status":"closed","ping_status":"closed","template":"","meta":[],"product_brand":[],"product_cat":[23,22],"product_tag":[],"class_list":{"0":"post-131","1":"product","2":"type-product","3":"status-publish","4":"has-post-thumbnail","6":"product_cat-lanolinseife","7":"product_cat-seife-kosmetik","9":"first","10":"instock","11":"taxable","12":"shipping-taxable","13":"purchasable","14":"product-type-simple"},"_links":{"self":[{"href":"https:\/\/www.walhalla-lamm.de\/cms\/wp-json\/wp\/v2\/product\/131","targetHints":{"allow":["GET"]}}],"collection":[{"href":"https:\/\/www.walhalla-lamm.de\/cms\/wp-json\/wp\/v2\/product"}],"about":[{"href":"https:\/\/www.walhalla-lamm.de\/cms\/wp-json\/wp\/v2\/types\/product"}],"replies":[{"embeddable":true,"href":"https:\/\/www.walhalla-lamm.de\/cms\/wp-json\/wp\/v2\/comments?post=131"}],"wp:featuredmedia":[{"embeddable":true,"href":"https:\/\/www.walhalla-lamm.de\/cms\/wp-json\/wp\/v2\/media\/4536"}],"wp:attachment":[{"href":"https:\/\/www.walhalla-lamm.de\/cms\/wp-json\/wp\/v2\/media?parent=131"}],"wp:term":[{"taxonomy":"product_brand","embeddable":true,"href":"https:\/\/www.walhalla-lamm.de\/cms\/wp-json\/wp\/v2\/product_brand?post=131"},{"taxonomy":"product_cat","embeddable":true,"href":"https:\/\/www.walhalla-lamm.de\/cms\/wp-json\/wp\/v2\/product_cat?post=131"},{"taxonomy":"product_tag","embeddable":true,"href":"https:\/\/www.walhalla-lamm.de\/cms\/wp-json\/wp\/v2\/product_tag?post=131"}],"curies":[{"name":"wp","href":"https:\/\/api.w.org\/{rel}","templated":true}]}}