{"id":1333,"date":"2020-09-25T16:57:20","date_gmt":"2020-09-25T14:57:20","guid":{"rendered":"http:\/\/www.walhalla-lamm.de\/cms\/?post_type=product&#038;p=1333"},"modified":"2026-01-21T08:37:52","modified_gmt":"2026-01-21T07:37:52","slug":"schafwoll-kuscheltier-lamm-mit-kirschkern-kissen","status":"publish","type":"product","link":"https:\/\/www.walhalla-lamm.de\/cms\/shop\/schafwoll-kuscheltiere\/schafwoll-kuscheltier-kirschkern-kissen\/schafwoll-kuscheltier-lamm-mit-kirschkern-kissen\/","title":{"rendered":"Schafwoll-Kuscheltier Lamm mit Kirschkern-Kissen"},"content":{"rendered":"<p>Das Kirschkernkissen ist der ideale W\u00e4rmespender<\/p>\n<p>Der absolut trockene Kirschkern <strong>speichert die Hitze<\/strong> und gibt sie dann langsam wieder ab. Hinzu kommt, dass er <strong>nicht so schnell abk\u00fchlt<\/strong>, wie eine mit Wasser gef\u00fcllte W\u00e4rmflasche, ohne Bezug.<br \/>\nEr wird \u00fcberall dort eingesetzt und verwendet, wo trockene W\u00e4rme gut und angenehm empfunden wird; z.B. bei allen Verspannungen, Bauchweh, Blasenentz\u00fcndung, Hexenschuss, Ischias usw.<\/p>\n<p>\u00dcbrigens kann das Kirschkernkissen auch als K\u00e4ltekompresse angewendet werden und leistet z.B. bei Kopfschmerzen oder Zahnweh gute Dienste. Einfach einige Stunden in den Gefrierschrank legen und schon ist der Eisbeutel fertig.<\/p>\n<p>Unsere Kirschkern-Schmusetiere stammen von der Schw\u00e4bischen Alb und werden dort liebevoll in Handarbeit hergestellt.<\/p>\n<p>Die Tierchen werden aus reiner Schafwolle gefertigt, welche auf ein Tr\u00e4gergewebe aus Baumwolle aufgebracht ist.<\/p>\n<p>Der Bauch der Tiere ist eine Tasche, in die durch eine \u00d6ffnung das Kirschkernkissen gesteckt werden kann. Geschlossen wird die Bauchtasche bei den L\u00e4mmern durch einen Klettverschluss.<\/p>\n<p>Anwendung zum Erw\u00e4rmen:<\/p>\n<p>Das Inlett f\u00fcr eine milde W\u00e4rme auf den Kachelofen oder Heizk\u00f6rper legen. F\u00fcr eine st\u00e4rkere W\u00e4rme im Backofen bei 80-100\u00b0C ca. 10 bis 15 Minuten oder in der Mikrowelle bei 360 Watt max. 2 Minuten \u2013 langsam an die richtige Einstellung herantasten &#8211; erw\u00e4rmen.<\/p>\n<p>Die Schmusetiere sind bei 30\u00b0 Handw\u00e4sche mit einem Wollwaschmittel problemlos zu reinigen.<br \/>\nH\u00fclle:<br \/>\nObermaterial 100% Schurwolle<br \/>\nTr\u00e4gergewebe 100% Baumwolle<\/p>\n<p>Kissen:<br \/>\nBezug 100% Baumwolle<br \/>\nF\u00fcllung 100% Kirschkerne<\/p>\n","protected":false},"excerpt":{"rendered":"<p>Das Kirschkernkissen ist der ideale W\u00e4rmespender Der absolut trockene Kirschkern speichert die Hitze und gibt sie dann langsam wieder ab. Hinzu kommt, dass er nicht so schnell abk\u00fchlt, wie eine mit Wasser gef\u00fcllte W\u00e4rmflasche, ohne Bezug. Er wird \u00fcberall dort eingesetzt und verwendet, wo trockene W\u00e4rme gut und angenehm empfunden wird; z.B. bei allen Verspannungen, [&hellip;]<\/p>\n","protected":false},"featured_media":4742,"comment_status":"closed","ping_status":"closed","template":"","meta":[],"product_brand":[],"product_cat":[179],"product_tag":[],"class_list":{"0":"post-1333","1":"product","2":"type-product","3":"status-publish","4":"has-post-thumbnail","6":"product_cat-schafwoll-kuscheltier-kirschkern-kissen","8":"first","9":"instock","10":"taxable","11":"shipping-taxable","12":"purchasable","13":"product-type-simple"},"_links":{"self":[{"href":"https:\/\/www.walhalla-lamm.de\/cms\/wp-json\/wp\/v2\/product\/1333","targetHints":{"allow":["GET"]}}],"collection":[{"href":"https:\/\/www.walhalla-lamm.de\/cms\/wp-json\/wp\/v2\/product"}],"about":[{"href":"https:\/\/www.walhalla-lamm.de\/cms\/wp-json\/wp\/v2\/types\/product"}],"replies":[{"embeddable":true,"href":"https:\/\/www.walhalla-lamm.de\/cms\/wp-json\/wp\/v2\/comments?post=1333"}],"wp:featuredmedia":[{"embeddable":true,"href":"https:\/\/www.walhalla-lamm.de\/cms\/wp-json\/wp\/v2\/media\/4742"}],"wp:attachment":[{"href":"https:\/\/www.walhalla-lamm.de\/cms\/wp-json\/wp\/v2\/media?parent=1333"}],"wp:term":[{"taxonomy":"product_brand","embeddable":true,"href":"https:\/\/www.walhalla-lamm.de\/cms\/wp-json\/wp\/v2\/product_brand?post=1333"},{"taxonomy":"product_cat","embeddable":true,"href":"https:\/\/www.walhalla-lamm.de\/cms\/wp-json\/wp\/v2\/product_cat?post=1333"},{"taxonomy":"product_tag","embeddable":true,"href":"https:\/\/www.walhalla-lamm.de\/cms\/wp-json\/wp\/v2\/product_tag?post=1333"}],"curies":[{"name":"wp","href":"https:\/\/api.w.org\/{rel}","templated":true}]}}