{"id":1338,"date":"2020-09-25T17:06:03","date_gmt":"2020-09-25T15:06:03","guid":{"rendered":"http:\/\/www.walhalla-lamm.de\/cms\/?post_type=product&#038;p=1338"},"modified":"2026-01-08T09:19:49","modified_gmt":"2026-01-08T08:19:49","slug":"schafwoll-flor-nacken-hoernchen-mit-kirschkern-fuellung","status":"publish","type":"product","link":"https:\/\/www.walhalla-lamm.de\/cms\/shop\/schafwoll-kuscheltiere\/schafwoll-kuscheltier-kirschkern-kissen\/schafwoll-flor-nacken-hoernchen-mit-kirschkern-fuellung\/","title":{"rendered":"Schafwoll-Flor Nacken-H\u00f6rnchen mit Kirschkern-F\u00fcllung"},"content":{"rendered":"<p>Das Kirschkernkissen ist der ideale W\u00e4rmespender<\/p>\n<p>Der absolut trockene Kirschkern\u00a0<strong>speichert die Hitze<\/strong>\u00a0und gibt sie dann langsam wieder ab. Hinzu kommt, dass er\u00a0<strong>nicht so schnell abk\u00fchlt<\/strong>, wie eine mit Wasser gef\u00fcllte W\u00e4rmflasche, ohne Bezug.<br \/>\nEr wird \u00fcberall dort eingesetzt und verwendet, wo trockene W\u00e4rme gut und angenehm empfunden wird; z.B. bei allen Verspannungen, Bauchweh, Blasenentz\u00fcndung, Hexenschuss, Ischias usw.<\/p>\n<p>\u00dcbrigens kann das Kirschkernkissen auch als K\u00e4ltekompresse angewendet werden und leistet z.B. bei Kopfschmerzen oder Zahnweh gute Dienste. Einfach einige Stunden in den Gefrierschrank legen und schon ist der Eisbeutel fertig.<\/p>\n<p>Das Kirschkern-Nackenh\u00f6rnchen stammt von der Schw\u00e4bischen Alb und wird liebevoll in Handarbeit hergestellt.<\/p>\n<p>Die H\u00fclle wird aus reiner Schafwolle gefertigt, welche auf ein Tr\u00e4gergewebe aus Baumwolle aufgebracht ist.<\/p>\n<p>Anwendung zum Erw\u00e4rmen:<\/p>\n<p>Das H\u00f6rnchen f\u00fcr eine milde W\u00e4rme auf den Kachelofen oder Heizk\u00f6rper legen. F\u00fcr eine st\u00e4rkere W\u00e4rme im Backofen bei 80-100\u00b0C ca. 10 bis 15 Minuten oder in der Mikrowelle bei 360 Watt max. 2 Minuten \u2013 langsam an die richtige Einstellung herantasten \u2013 erw\u00e4rmen.<\/p>\n<p>H\u00fclle:<br \/>\nObermaterial 100% Schurwolle<br \/>\nTr\u00e4gergewebe 100% Baumwolle<\/p>\n<p>F\u00fcllung 100% Kirschkerne<\/p>\n","protected":false},"excerpt":{"rendered":"<p>Das Kirschkernkissen ist der ideale W\u00e4rmespender Der absolut trockene Kirschkern\u00a0speichert die Hitze\u00a0und gibt sie dann langsam wieder ab. Hinzu kommt, dass er\u00a0nicht so schnell abk\u00fchlt, wie eine mit Wasser gef\u00fcllte W\u00e4rmflasche, ohne Bezug. Er wird \u00fcberall dort eingesetzt und verwendet, wo trockene W\u00e4rme gut und angenehm empfunden wird; z.B. bei allen Verspannungen, Bauchweh, Blasenentz\u00fcndung, Hexenschuss, [&hellip;]<\/p>\n","protected":false},"featured_media":4749,"comment_status":"closed","ping_status":"closed","template":"","meta":[],"product_brand":[],"product_cat":[179],"product_tag":[],"class_list":{"0":"post-1338","1":"product","2":"type-product","3":"status-publish","4":"has-post-thumbnail","6":"product_cat-schafwoll-kuscheltier-kirschkern-kissen","8":"first","9":"outofstock","10":"taxable","11":"shipping-taxable","12":"purchasable","13":"product-type-simple"},"_links":{"self":[{"href":"https:\/\/www.walhalla-lamm.de\/cms\/wp-json\/wp\/v2\/product\/1338","targetHints":{"allow":["GET"]}}],"collection":[{"href":"https:\/\/www.walhalla-lamm.de\/cms\/wp-json\/wp\/v2\/product"}],"about":[{"href":"https:\/\/www.walhalla-lamm.de\/cms\/wp-json\/wp\/v2\/types\/product"}],"replies":[{"embeddable":true,"href":"https:\/\/www.walhalla-lamm.de\/cms\/wp-json\/wp\/v2\/comments?post=1338"}],"wp:featuredmedia":[{"embeddable":true,"href":"https:\/\/www.walhalla-lamm.de\/cms\/wp-json\/wp\/v2\/media\/4749"}],"wp:attachment":[{"href":"https:\/\/www.walhalla-lamm.de\/cms\/wp-json\/wp\/v2\/media?parent=1338"}],"wp:term":[{"taxonomy":"product_brand","embeddable":true,"href":"https:\/\/www.walhalla-lamm.de\/cms\/wp-json\/wp\/v2\/product_brand?post=1338"},{"taxonomy":"product_cat","embeddable":true,"href":"https:\/\/www.walhalla-lamm.de\/cms\/wp-json\/wp\/v2\/product_cat?post=1338"},{"taxonomy":"product_tag","embeddable":true,"href":"https:\/\/www.walhalla-lamm.de\/cms\/wp-json\/wp\/v2\/product_tag?post=1338"}],"curies":[{"name":"wp","href":"https:\/\/api.w.org\/{rel}","templated":true}]}}