{"id":1341,"date":"2020-09-25T17:12:23","date_gmt":"2020-09-25T15:12:23","guid":{"rendered":"http:\/\/www.walhalla-lamm.de\/cms\/?post_type=product&#038;p=1341"},"modified":"2025-12-03T05:30:41","modified_gmt":"2025-12-03T04:30:41","slug":"lammfell-sitzauflage","status":"publish","type":"product","link":"https:\/\/www.walhalla-lamm.de\/cms\/shop\/fellprodukte\/lammfell-sitzauflage\/","title":{"rendered":"Lammfell Sitzauflage"},"content":{"rendered":"<p>Kuschelige Sitzauflage aus 100%\u00a0 hochwertigem Lammfell.<\/p>\n<p>Ob im Wohnzimmer auf Ihrem Lieblingssessel oder als Auflage auf Ihren Esszimmerst\u00fchlen l\u00e4dt diese flauschige kleine Fell zum Gem\u00fctlichmachen ein. Auch der Schlafplatz Ihres Haustieres kann mit dieser Auflage wunderbar weich gepolstert werden.<\/p>\n<p>Die Sitzauflagen wurden fachm\u00e4nnisch aus mehreren St\u00fccken zusammen gen\u00e4ht, sodass die N\u00e4hte von der Fellseite aus nicht sichtbar sind.<\/p>\n<p>&nbsp;<\/p>\n<p>Gr\u00f6\u00dfe: Durchmesser ca. 45 cm (Fellma\u00df) \/ das Haar ist nat\u00fcrlich belassen und ca. 6 bis 7 cm lang<\/p>\n","protected":false},"excerpt":{"rendered":"<p>W\u00e4hlen Sie die Farbe.<\/p>\n<p>Der Rabatt wird auch bei unterschiedlicher Sortierung im Warenkorb abgezogen.<\/p>\n","protected":false},"featured_media":4752,"comment_status":"closed","ping_status":"closed","template":"","meta":[],"product_brand":[],"product_cat":[72],"product_tag":[],"class_list":{"0":"post-1341","1":"product","2":"type-product","3":"status-publish","4":"has-post-thumbnail","6":"product_cat-fellprodukte","8":"first","9":"instock","10":"taxable","11":"shipping-taxable","12":"purchasable","13":"product-type-variable"},"_links":{"self":[{"href":"https:\/\/www.walhalla-lamm.de\/cms\/wp-json\/wp\/v2\/product\/1341","targetHints":{"allow":["GET"]}}],"collection":[{"href":"https:\/\/www.walhalla-lamm.de\/cms\/wp-json\/wp\/v2\/product"}],"about":[{"href":"https:\/\/www.walhalla-lamm.de\/cms\/wp-json\/wp\/v2\/types\/product"}],"replies":[{"embeddable":true,"href":"https:\/\/www.walhalla-lamm.de\/cms\/wp-json\/wp\/v2\/comments?post=1341"}],"wp:featuredmedia":[{"embeddable":true,"href":"https:\/\/www.walhalla-lamm.de\/cms\/wp-json\/wp\/v2\/media\/4752"}],"wp:attachment":[{"href":"https:\/\/www.walhalla-lamm.de\/cms\/wp-json\/wp\/v2\/media?parent=1341"}],"wp:term":[{"taxonomy":"product_brand","embeddable":true,"href":"https:\/\/www.walhalla-lamm.de\/cms\/wp-json\/wp\/v2\/product_brand?post=1341"},{"taxonomy":"product_cat","embeddable":true,"href":"https:\/\/www.walhalla-lamm.de\/cms\/wp-json\/wp\/v2\/product_cat?post=1341"},{"taxonomy":"product_tag","embeddable":true,"href":"https:\/\/www.walhalla-lamm.de\/cms\/wp-json\/wp\/v2\/product_tag?post=1341"}],"curies":[{"name":"wp","href":"https:\/\/api.w.org\/{rel}","templated":true}]}}