{"id":152,"date":"2020-04-10T20:25:41","date_gmt":"2020-04-10T18:25:41","guid":{"rendered":"http:\/\/www.walhalla-lamm.de\/cms\/?post_type=product&#038;p=152"},"modified":"2026-03-31T10:40:31","modified_gmt":"2026-03-31T08:40:31","slug":"koerperbutter-orange","status":"publish","type":"product","link":"https:\/\/www.walhalla-lamm.de\/cms\/shop\/seife-kosmetik\/koerperpflege\/koerperbutter-orange\/","title":{"rendered":"K\u00f6rperbutter Orange"},"content":{"rendered":"<p>Ein echter Genuss &#8211; ganz ohne Weichmacher<\/p>\n<p>Die K\u00f6rperbutter verwendet man anstelle einer K\u00f6rperlotion oder eines Massage\u00f6ls.<\/p>\n<p>Der warme frische Duft der Orange wird Sie beleben und einfach gute Stimmung verbreiten.<\/p>\n<p>Die Pflegebutter ist nach dem Duschen auf feuchter oder trockener warmer Haut anwendbar. Bei Ber\u00fchrung mit der Haut f\u00e4ngt sie langsam an zu schmelzen und l\u00e4sst sich dadurch leicht verteilen und einmassieren.<\/p>\n<p>Reine, nat\u00fcrliche Shea- und Kakaobutter in BIO- Qualit\u00e4t, Bienenwachs und Vitamin E sind verantwortlich f\u00fcr die feine Pflege des Massageriegels.<\/p>\n<p>Auch als pflegender und entspannender Badezusatz kann die K\u00f6rperbutter verwendet werden. Einfach ein kleines St\u00fcck ins flie\u00dfende, warme Badewasser geben, aufl\u00f6sen lassen und genie\u00dfen. Ein anschlie\u00dfendes Eincremen nach dem Bad entf\u00e4llt.<\/p>\n<p>Achtung: Da dieses Produkt bereits bei einer Temperatur von ca. 28\u00b0 C zu schmelzen beginnt, k\u00f6nnen wir es im Hochsommer nicht versenden.<\/p>\n","protected":false},"excerpt":{"rendered":"<p class=\"stock out-of-stock\"><strong>Saisonprodukt! Bei hohen Au\u00dfentemperaturen kein Versand!<\/strong><\/p>\n","protected":false},"featured_media":3778,"comment_status":"closed","ping_status":"closed","template":"","meta":[],"product_brand":[],"product_cat":[41,22],"product_tag":[],"class_list":{"0":"post-152","1":"product","2":"type-product","3":"status-publish","4":"has-post-thumbnail","6":"product_cat-koerperpflege","7":"product_cat-seife-kosmetik","9":"first","10":"instock","11":"taxable","12":"shipping-taxable","13":"purchasable","14":"product-type-simple"},"_links":{"self":[{"href":"https:\/\/www.walhalla-lamm.de\/cms\/wp-json\/wp\/v2\/product\/152","targetHints":{"allow":["GET"]}}],"collection":[{"href":"https:\/\/www.walhalla-lamm.de\/cms\/wp-json\/wp\/v2\/product"}],"about":[{"href":"https:\/\/www.walhalla-lamm.de\/cms\/wp-json\/wp\/v2\/types\/product"}],"replies":[{"embeddable":true,"href":"https:\/\/www.walhalla-lamm.de\/cms\/wp-json\/wp\/v2\/comments?post=152"}],"wp:featuredmedia":[{"embeddable":true,"href":"https:\/\/www.walhalla-lamm.de\/cms\/wp-json\/wp\/v2\/media\/3778"}],"wp:attachment":[{"href":"https:\/\/www.walhalla-lamm.de\/cms\/wp-json\/wp\/v2\/media?parent=152"}],"wp:term":[{"taxonomy":"product_brand","embeddable":true,"href":"https:\/\/www.walhalla-lamm.de\/cms\/wp-json\/wp\/v2\/product_brand?post=152"},{"taxonomy":"product_cat","embeddable":true,"href":"https:\/\/www.walhalla-lamm.de\/cms\/wp-json\/wp\/v2\/product_cat?post=152"},{"taxonomy":"product_tag","embeddable":true,"href":"https:\/\/www.walhalla-lamm.de\/cms\/wp-json\/wp\/v2\/product_tag?post=152"}],"curies":[{"name":"wp","href":"https:\/\/api.w.org\/{rel}","templated":true}]}}