{"id":154,"date":"2020-04-11T12:38:59","date_gmt":"2020-04-11T10:38:59","guid":{"rendered":"http:\/\/www.walhalla-lamm.de\/cms\/?post_type=product&#038;p=154"},"modified":"2026-04-15T10:56:00","modified_gmt":"2026-04-15T08:56:00","slug":"lanolinseife-eisenkraut","status":"publish","type":"product","link":"https:\/\/www.walhalla-lamm.de\/cms\/shop\/seife-kosmetik\/100gstuecke\/lanolinseife\/lanolinseife-eisenkraut\/","title":{"rendered":"Lanolinseife Eisenkraut"},"content":{"rendered":"<p>Frisch in den Tag,&#8230; der Muntermacher No\u00b0 1<\/p>\n<p>Mit dem erfrischenden, zitronigen Duft des Eisenkrauts, wie man die Zitronenverbene auch nennt, haben Sie einen der frischesten nat\u00fcrlichen D\u00fcfte in Ihr Badezimmer geholt. F\u00fcr das starke Peeling dieser Seife sind die Bl\u00e4tter und St\u00e4ngelchen des Eisenkrauts verantwortlich. Die morgendliche Dusche wird zum Massagevergn\u00fcgen.\u00a0Durch das enthaltene Lanolin in dieser Seife erhalten Sie eine perfekte R\u00fcckfettung und Pflege f\u00fcr Ihre Haut, ganz ohne anschlie\u00dfendes Eincremen.<\/p>\n<p>Viel Spa\u00df bei Waschen und Duschen.<\/p>\n<p>&nbsp;<\/p>\n<p>&nbsp;<\/p>\n","protected":false},"excerpt":{"rendered":"<p>Frisch in den Tag,&#8230; der Muntermacher No\u00b0 1 Mit dem erfrischenden, zitronigen Duft des Eisenkrauts, wie man die Zitronenverbene auch nennt, haben Sie einen der frischesten nat\u00fcrlichen D\u00fcfte in Ihr Badezimmer geholt. F\u00fcr das starke Peeling dieser Seife sind die Bl\u00e4tter und St\u00e4ngelchen des Eisenkrauts verantwortlich. Die morgendliche Dusche wird zum Massagevergn\u00fcgen.\u00a0Durch das enthaltene Lanolin [&hellip;]<\/p>\n","protected":false},"featured_media":4542,"comment_status":"closed","ping_status":"closed","template":"","meta":[],"product_brand":[],"product_cat":[23,22],"product_tag":[],"class_list":{"0":"post-154","1":"product","2":"type-product","3":"status-publish","4":"has-post-thumbnail","6":"product_cat-lanolinseife","7":"product_cat-seife-kosmetik","9":"first","10":"instock","11":"taxable","12":"shipping-taxable","13":"purchasable","14":"product-type-simple"},"_links":{"self":[{"href":"https:\/\/www.walhalla-lamm.de\/cms\/wp-json\/wp\/v2\/product\/154","targetHints":{"allow":["GET"]}}],"collection":[{"href":"https:\/\/www.walhalla-lamm.de\/cms\/wp-json\/wp\/v2\/product"}],"about":[{"href":"https:\/\/www.walhalla-lamm.de\/cms\/wp-json\/wp\/v2\/types\/product"}],"replies":[{"embeddable":true,"href":"https:\/\/www.walhalla-lamm.de\/cms\/wp-json\/wp\/v2\/comments?post=154"}],"wp:featuredmedia":[{"embeddable":true,"href":"https:\/\/www.walhalla-lamm.de\/cms\/wp-json\/wp\/v2\/media\/4542"}],"wp:attachment":[{"href":"https:\/\/www.walhalla-lamm.de\/cms\/wp-json\/wp\/v2\/media?parent=154"}],"wp:term":[{"taxonomy":"product_brand","embeddable":true,"href":"https:\/\/www.walhalla-lamm.de\/cms\/wp-json\/wp\/v2\/product_brand?post=154"},{"taxonomy":"product_cat","embeddable":true,"href":"https:\/\/www.walhalla-lamm.de\/cms\/wp-json\/wp\/v2\/product_cat?post=154"},{"taxonomy":"product_tag","embeddable":true,"href":"https:\/\/www.walhalla-lamm.de\/cms\/wp-json\/wp\/v2\/product_tag?post=154"}],"curies":[{"name":"wp","href":"https:\/\/api.w.org\/{rel}","templated":true}]}}