{"id":1616,"date":"2020-11-14T21:21:22","date_gmt":"2020-11-14T20:21:22","guid":{"rendered":"http:\/\/www.walhalla-lamm.de\/cms\/?post_type=product&#038;p=1616"},"modified":"2026-02-19T18:14:51","modified_gmt":"2026-02-19T17:14:51","slug":"socken-aus-virgin-wool-schafwolle-doppelpack","status":"publish","type":"product","link":"https:\/\/www.walhalla-lamm.de\/cms\/shop\/wollsocken\/socken-aus-virgin-wool-schafwolle-doppelpack\/","title":{"rendered":"Socken aus Virgin-Wool Schafwolle Doppelpack"},"content":{"rendered":"<p>Warme und kuschelige Wollsocken sind schon immer der ideale Wegbegleiter f\u00fcr die kalte Jahreszeit.<\/p>\n<p>Diese dicke Wollsocke, mit breitem, elastischem Rippstrick-B\u00fcndchen ist angenehm weich und h\u00e4lt den Fu\u00df wohlig warm.<\/p>\n<p>Virgin Wool ist die englische Bezeichnung f\u00fcr die besonders feine Wolle, die bei der ersten Schur der fast erwachsenen L\u00e4mmern gewonnen wird.<\/p>\n<p>Jede Farbe im 2er-B\u00fcndel<\/p>\n<p>Material: 100% Wolle<\/p>\n","protected":false},"excerpt":{"rendered":"<p>W\u00e4hlen Sie Farbe und Gr\u00f6\u00dfe f\u00fcr Ihren Doppelpack.<\/p>\n","protected":false},"featured_media":4930,"comment_status":"closed","ping_status":"closed","template":"","meta":[],"product_brand":[],"product_cat":[168],"product_tag":[],"class_list":{"0":"post-1616","1":"product","2":"type-product","3":"status-publish","4":"has-post-thumbnail","6":"product_cat-wollsocken","8":"first","9":"instock","10":"taxable","11":"shipping-taxable","12":"purchasable","13":"product-type-variable"},"_links":{"self":[{"href":"https:\/\/www.walhalla-lamm.de\/cms\/wp-json\/wp\/v2\/product\/1616","targetHints":{"allow":["GET"]}}],"collection":[{"href":"https:\/\/www.walhalla-lamm.de\/cms\/wp-json\/wp\/v2\/product"}],"about":[{"href":"https:\/\/www.walhalla-lamm.de\/cms\/wp-json\/wp\/v2\/types\/product"}],"replies":[{"embeddable":true,"href":"https:\/\/www.walhalla-lamm.de\/cms\/wp-json\/wp\/v2\/comments?post=1616"}],"wp:featuredmedia":[{"embeddable":true,"href":"https:\/\/www.walhalla-lamm.de\/cms\/wp-json\/wp\/v2\/media\/4930"}],"wp:attachment":[{"href":"https:\/\/www.walhalla-lamm.de\/cms\/wp-json\/wp\/v2\/media?parent=1616"}],"wp:term":[{"taxonomy":"product_brand","embeddable":true,"href":"https:\/\/www.walhalla-lamm.de\/cms\/wp-json\/wp\/v2\/product_brand?post=1616"},{"taxonomy":"product_cat","embeddable":true,"href":"https:\/\/www.walhalla-lamm.de\/cms\/wp-json\/wp\/v2\/product_cat?post=1616"},{"taxonomy":"product_tag","embeddable":true,"href":"https:\/\/www.walhalla-lamm.de\/cms\/wp-json\/wp\/v2\/product_tag?post=1616"}],"curies":[{"name":"wp","href":"https:\/\/api.w.org\/{rel}","templated":true}]}}