{"id":168,"date":"2020-04-22T18:01:35","date_gmt":"2020-04-22T16:01:35","guid":{"rendered":"http:\/\/www.walhalla-lamm.de\/cms\/?post_type=product&#038;p=168"},"modified":"2025-12-31T17:50:57","modified_gmt":"2025-12-31T16:50:57","slug":"schafmilchseife-gaensebluemchen","status":"publish","type":"product","link":"https:\/\/www.walhalla-lamm.de\/cms\/shop\/seife-kosmetik\/100gstuecke\/schafmilchseifen\/schafmilchseife-gaensebluemchen\/","title":{"rendered":"Schafmilchseife G\u00e4nsebl\u00fcmchen"},"content":{"rendered":"<div class=\"cc-m-hgrid-column last\">\n<div id=\"cc-matrix-4722117025\">\n<div id=\"cc-m-15381406925\" class=\"j-module n j-text \">\n<p>Bellis perennis &#8211; das G\u00e4nsebl\u00fcmchen &#8211; hei\u00dft ins Deutsche \u00fcbersetzt &#8220;Ewig sch\u00f6n &#8211; Tausendsch\u00f6n&#8221;.<\/p>\n<p>Die kleine Sonnenanbeterin, die sich am Tag freudig der Sonne entgegen reckt, warten mit gesch\u00e4tzten Eigenschaften auf: sie kann bei vielen Hautproblemen helfen, sie wirkt entz\u00fcndungshemmend, wundheilend und wird von Neurodermitikern sehr gesch\u00e4tzt.<\/p>\n<p>Diese wunderbar cremige Seife verzaubert wahrhaftig.<\/p>\n<\/div>\n<\/div>\n<\/div>\n<div class=\"cc-m-hgrid-overlay\" data-display=\"cms-only\"><\/div>\n","protected":false},"excerpt":{"rendered":"<p>Bellis perennis &#8211; das G\u00e4nsebl\u00fcmchen &#8211; hei\u00dft ins Deutsche \u00fcbersetzt &#8220;Ewig sch\u00f6n &#8211; Tausendsch\u00f6n&#8221;. Die kleine Sonnenanbeterin, die sich am Tag freudig der Sonne entgegen reckt, warten mit gesch\u00e4tzten Eigenschaften auf: sie kann bei vielen Hautproblemen helfen, sie wirkt entz\u00fcndungshemmend, wundheilend und wird von Neurodermitikern sehr gesch\u00e4tzt. Diese wunderbar cremige Seife verzaubert wahrhaftig.<\/p>\n","protected":false},"featured_media":3937,"comment_status":"closed","ping_status":"closed","template":"","meta":[],"product_brand":[],"product_cat":[26],"product_tag":[],"class_list":{"0":"post-168","1":"product","2":"type-product","3":"status-publish","4":"has-post-thumbnail","6":"product_cat-schafmilchseifen","8":"first","9":"instock","10":"taxable","11":"shipping-taxable","12":"purchasable","13":"product-type-simple"},"_links":{"self":[{"href":"https:\/\/www.walhalla-lamm.de\/cms\/wp-json\/wp\/v2\/product\/168","targetHints":{"allow":["GET"]}}],"collection":[{"href":"https:\/\/www.walhalla-lamm.de\/cms\/wp-json\/wp\/v2\/product"}],"about":[{"href":"https:\/\/www.walhalla-lamm.de\/cms\/wp-json\/wp\/v2\/types\/product"}],"replies":[{"embeddable":true,"href":"https:\/\/www.walhalla-lamm.de\/cms\/wp-json\/wp\/v2\/comments?post=168"}],"wp:featuredmedia":[{"embeddable":true,"href":"https:\/\/www.walhalla-lamm.de\/cms\/wp-json\/wp\/v2\/media\/3937"}],"wp:attachment":[{"href":"https:\/\/www.walhalla-lamm.de\/cms\/wp-json\/wp\/v2\/media?parent=168"}],"wp:term":[{"taxonomy":"product_brand","embeddable":true,"href":"https:\/\/www.walhalla-lamm.de\/cms\/wp-json\/wp\/v2\/product_brand?post=168"},{"taxonomy":"product_cat","embeddable":true,"href":"https:\/\/www.walhalla-lamm.de\/cms\/wp-json\/wp\/v2\/product_cat?post=168"},{"taxonomy":"product_tag","embeddable":true,"href":"https:\/\/www.walhalla-lamm.de\/cms\/wp-json\/wp\/v2\/product_tag?post=168"}],"curies":[{"name":"wp","href":"https:\/\/api.w.org\/{rel}","templated":true}]}}