{"id":173,"date":"2020-04-22T18:13:02","date_gmt":"2020-04-22T16:13:02","guid":{"rendered":"http:\/\/www.walhalla-lamm.de\/cms\/?post_type=product&#038;p=173"},"modified":"2025-12-31T17:50:36","modified_gmt":"2025-12-31T16:50:36","slug":"schafmilchseife-heu","status":"publish","type":"product","link":"https:\/\/www.walhalla-lamm.de\/cms\/shop\/seife-kosmetik\/100gstuecke\/schafmilchseifen\/schafmilchseife-heu\/","title":{"rendered":"Schafmilchseife Heu"},"content":{"rendered":"<p>Der frisch-herbe Duft der Seife erinnert an eine frisch gem\u00e4hte Bergwiese.<\/p>\n<p>Die beigef\u00fcgten Bl\u00fcten und Kr\u00e4uter erzeugen einen angenehmen Peelingeffekt.<\/p>\n","protected":false},"excerpt":{"rendered":"<p>Der frisch-herbe Duft der Seife erinnert an eine frisch gem\u00e4hte Bergwiese. Die beigef\u00fcgten Bl\u00fcten und Kr\u00e4uter erzeugen einen angenehmen Peelingeffekt.<\/p>\n","protected":false},"featured_media":3940,"comment_status":"closed","ping_status":"closed","template":"","meta":[],"product_brand":[],"product_cat":[26],"product_tag":[],"class_list":{"0":"post-173","1":"product","2":"type-product","3":"status-publish","4":"has-post-thumbnail","6":"product_cat-schafmilchseifen","8":"first","9":"instock","10":"taxable","11":"shipping-taxable","12":"purchasable","13":"product-type-simple"},"_links":{"self":[{"href":"https:\/\/www.walhalla-lamm.de\/cms\/wp-json\/wp\/v2\/product\/173","targetHints":{"allow":["GET"]}}],"collection":[{"href":"https:\/\/www.walhalla-lamm.de\/cms\/wp-json\/wp\/v2\/product"}],"about":[{"href":"https:\/\/www.walhalla-lamm.de\/cms\/wp-json\/wp\/v2\/types\/product"}],"replies":[{"embeddable":true,"href":"https:\/\/www.walhalla-lamm.de\/cms\/wp-json\/wp\/v2\/comments?post=173"}],"wp:featuredmedia":[{"embeddable":true,"href":"https:\/\/www.walhalla-lamm.de\/cms\/wp-json\/wp\/v2\/media\/3940"}],"wp:attachment":[{"href":"https:\/\/www.walhalla-lamm.de\/cms\/wp-json\/wp\/v2\/media?parent=173"}],"wp:term":[{"taxonomy":"product_brand","embeddable":true,"href":"https:\/\/www.walhalla-lamm.de\/cms\/wp-json\/wp\/v2\/product_brand?post=173"},{"taxonomy":"product_cat","embeddable":true,"href":"https:\/\/www.walhalla-lamm.de\/cms\/wp-json\/wp\/v2\/product_cat?post=173"},{"taxonomy":"product_tag","embeddable":true,"href":"https:\/\/www.walhalla-lamm.de\/cms\/wp-json\/wp\/v2\/product_tag?post=173"}],"curies":[{"name":"wp","href":"https:\/\/api.w.org\/{rel}","templated":true}]}}