{"id":1814,"date":"2020-11-27T15:08:08","date_gmt":"2020-11-27T14:08:08","guid":{"rendered":"http:\/\/www.walhalla-lamm.de\/cms\/?post_type=product&#038;p=1814"},"modified":"2025-05-04T18:07:25","modified_gmt":"2025-05-04T16:07:25","slug":"schafwoll-filz-runde-sitzauflagen","status":"publish","type":"product","link":"https:\/\/www.walhalla-lamm.de\/cms\/shop\/filzprodukte\/schafwoll-filz-runde-sitzauflagen\/","title":{"rendered":"Schafwoll-Filz runde Sitzauflagen"},"content":{"rendered":"<p>Sitzauflagen aus 100% Schafwolle. Die Grundfarbe ist ein helles grau und auf der Oberseite befindet sich jeweils eine Figur.<\/p>\n<p>Wollfilz ist ein besonders sch\u00f6nes Material, da es sowohl weich und w\u00e4rmend als auch schmutzabweisend und somit pflegeleicht ist. Grobe Verschmutzungen k\u00f6nnen abgeb\u00fcrstet werden. Handw\u00e4sche mit einer r\u00fcckfettenden Seife ist auch m\u00f6glich.<\/p>\n<p>&nbsp;<\/p>\n<p>Durchmesser: ca. 35 cm \/ H\u00f6he der Auflage: ca. 1,5 cm<\/p>\n","protected":false},"excerpt":{"rendered":"<p>Sitzauflagen aus 100% Schafwolle. Die Grundfarbe ist ein helles grau und auf der Oberseite befindet sich jeweils eine Figur. Wollfilz ist ein besonders sch\u00f6nes Material, da es sowohl weich und w\u00e4rmend als auch schmutzabweisend und somit pflegeleicht ist. Grobe Verschmutzungen k\u00f6nnen abgeb\u00fcrstet werden. Handw\u00e4sche mit einer r\u00fcckfettenden Seife ist auch m\u00f6glich. &nbsp; Durchmesser: ca. 35 [&hellip;]<\/p>\n","protected":false},"featured_media":5336,"comment_status":"closed","ping_status":"closed","template":"","meta":[],"product_brand":[],"product_cat":[135],"product_tag":[],"class_list":{"0":"post-1814","1":"product","2":"type-product","3":"status-publish","4":"has-post-thumbnail","6":"product_cat-filzprodukte","8":"first","9":"instock","10":"taxable","11":"shipping-taxable","12":"purchasable","13":"product-type-variable"},"_links":{"self":[{"href":"https:\/\/www.walhalla-lamm.de\/cms\/wp-json\/wp\/v2\/product\/1814","targetHints":{"allow":["GET"]}}],"collection":[{"href":"https:\/\/www.walhalla-lamm.de\/cms\/wp-json\/wp\/v2\/product"}],"about":[{"href":"https:\/\/www.walhalla-lamm.de\/cms\/wp-json\/wp\/v2\/types\/product"}],"replies":[{"embeddable":true,"href":"https:\/\/www.walhalla-lamm.de\/cms\/wp-json\/wp\/v2\/comments?post=1814"}],"wp:featuredmedia":[{"embeddable":true,"href":"https:\/\/www.walhalla-lamm.de\/cms\/wp-json\/wp\/v2\/media\/5336"}],"wp:attachment":[{"href":"https:\/\/www.walhalla-lamm.de\/cms\/wp-json\/wp\/v2\/media?parent=1814"}],"wp:term":[{"taxonomy":"product_brand","embeddable":true,"href":"https:\/\/www.walhalla-lamm.de\/cms\/wp-json\/wp\/v2\/product_brand?post=1814"},{"taxonomy":"product_cat","embeddable":true,"href":"https:\/\/www.walhalla-lamm.de\/cms\/wp-json\/wp\/v2\/product_cat?post=1814"},{"taxonomy":"product_tag","embeddable":true,"href":"https:\/\/www.walhalla-lamm.de\/cms\/wp-json\/wp\/v2\/product_tag?post=1814"}],"curies":[{"name":"wp","href":"https:\/\/api.w.org\/{rel}","templated":true}]}}