{"id":183,"date":"2020-04-11T18:41:01","date_gmt":"2020-04-11T16:41:01","guid":{"rendered":"http:\/\/www.walhalla-lamm.de\/cms\/?post_type=product&#038;p=183"},"modified":"2025-02-17T09:15:04","modified_gmt":"2025-02-17T08:15:04","slug":"seifenablage-travertin-laenglich","status":"publish","type":"product","link":"https:\/\/www.walhalla-lamm.de\/cms\/shop\/kosmetikzubehoer\/seifenablage-travertin-laenglich\/","title":{"rendered":"Seifenablage Travertin, l\u00e4nglich"},"content":{"rendered":"<p>Unser Seifenstein sorgt f\u00fcr eine stets trockene Seife<\/p>\n<p>Der Travertin &#8211; ein Kalkstein &#8211; verf\u00fcgt von Natur aus \u00fcber eine grobporige Grundsubstanz, welche optimal die Feuchtigkeit der Seife aufnimmt und eine st\u00e4ndige Luftzirkulation zul\u00e4sst. Dadurch liegt die Seife sch\u00f6n trocken, kann wieder fest werden und verbraucht sich dadurch nicht so schnell.<br \/>\nDieser Seifenstein ist nicht nur optisch ein Hingucker, sondern verhindert auch Seifenmatsch, wie man ihn von handels\u00fcblichen Seifenschalen kennt. Die unterseitig angebrachten F\u00fc\u00dfchen sorgen daf\u00fcr, dass auf Ihren Ablagen nichts zerkratzt.<\/p>\n<p>Zur Reinigung den Stein hin und wieder unter flie\u00dfendem Wasser abb\u00fcrsten.<\/p>\n<p>Jeder Stein ist ein Unikat und kann daher in Form und Farbe gegen\u00fcber den Produktbildern abweichen.<\/p>\n<p>Gr\u00f6\u00dfe:\u00a0 \u00a015 x 7,5 cm<\/p>\n","protected":false},"excerpt":{"rendered":"<p>Unser Seifenstein sorgt f\u00fcr eine stets trockene Seife Der Travertin &#8211; ein Kalkstein &#8211; verf\u00fcgt von Natur aus \u00fcber eine grobporige Grundsubstanz, welche optimal die Feuchtigkeit der Seife aufnimmt und eine st\u00e4ndige Luftzirkulation zul\u00e4sst. Dadurch liegt die Seife sch\u00f6n trocken, kann wieder fest werden und verbraucht sich dadurch nicht so schnell. Dieser Seifenstein ist nicht [&hellip;]<\/p>\n","protected":false},"featured_media":3782,"comment_status":"closed","ping_status":"closed","template":"","meta":[],"product_brand":[],"product_cat":[42],"product_tag":[],"class_list":{"0":"post-183","1":"product","2":"type-product","3":"status-publish","4":"has-post-thumbnail","6":"product_cat-kosmetikzubehoer","8":"first","9":"instock","10":"taxable","11":"shipping-taxable","12":"purchasable","13":"product-type-simple"},"_links":{"self":[{"href":"https:\/\/www.walhalla-lamm.de\/cms\/wp-json\/wp\/v2\/product\/183","targetHints":{"allow":["GET"]}}],"collection":[{"href":"https:\/\/www.walhalla-lamm.de\/cms\/wp-json\/wp\/v2\/product"}],"about":[{"href":"https:\/\/www.walhalla-lamm.de\/cms\/wp-json\/wp\/v2\/types\/product"}],"replies":[{"embeddable":true,"href":"https:\/\/www.walhalla-lamm.de\/cms\/wp-json\/wp\/v2\/comments?post=183"}],"wp:featuredmedia":[{"embeddable":true,"href":"https:\/\/www.walhalla-lamm.de\/cms\/wp-json\/wp\/v2\/media\/3782"}],"wp:attachment":[{"href":"https:\/\/www.walhalla-lamm.de\/cms\/wp-json\/wp\/v2\/media?parent=183"}],"wp:term":[{"taxonomy":"product_brand","embeddable":true,"href":"https:\/\/www.walhalla-lamm.de\/cms\/wp-json\/wp\/v2\/product_brand?post=183"},{"taxonomy":"product_cat","embeddable":true,"href":"https:\/\/www.walhalla-lamm.de\/cms\/wp-json\/wp\/v2\/product_cat?post=183"},{"taxonomy":"product_tag","embeddable":true,"href":"https:\/\/www.walhalla-lamm.de\/cms\/wp-json\/wp\/v2\/product_tag?post=183"}],"curies":[{"name":"wp","href":"https:\/\/api.w.org\/{rel}","templated":true}]}}