{"id":190,"date":"2020-04-22T13:16:44","date_gmt":"2020-04-22T11:16:44","guid":{"rendered":"http:\/\/www.walhalla-lamm.de\/cms\/?post_type=product&#038;p=190"},"modified":"2025-12-31T17:55:02","modified_gmt":"2025-12-31T16:55:02","slug":"schafmilchseife-inkanuss","status":"publish","type":"product","link":"https:\/\/www.walhalla-lamm.de\/cms\/shop\/seife-kosmetik\/100gstuecke\/schafmilchseifen\/schafmilchseife-inkanuss\/","title":{"rendered":"Schafmilchseife Inkanuss"},"content":{"rendered":"<p>Die Inkanuss, eine Kletterpflanze aus S\u00fcdamerika, verbirgt in ihren Samenkapseln ein hervorragendes \u00d6l.<\/p>\n<p>Diese Seife regeneriert trockene und reife Haut, unterst\u00fctzt die Hautelastizit\u00e4t, beugt sichtbaren Zeichen der Zeit vor und besitzt einen herrlichen nussigen Duft.<\/p>\n","protected":false},"excerpt":{"rendered":"<p>Die Inkanuss, eine Kletterpflanze aus S\u00fcdamerika, verbirgt in ihren Samenkapseln ein hervorragendes \u00d6l. Diese Seife regeneriert trockene und reife Haut, unterst\u00fctzt die Hautelastizit\u00e4t, beugt sichtbaren Zeichen der Zeit vor und besitzt einen herrlichen nussigen Duft.<\/p>\n","protected":false},"featured_media":3976,"comment_status":"closed","ping_status":"closed","template":"","meta":[],"product_brand":[],"product_cat":[26],"product_tag":[],"class_list":{"0":"post-190","1":"product","2":"type-product","3":"status-publish","4":"has-post-thumbnail","6":"product_cat-schafmilchseifen","8":"first","9":"instock","10":"taxable","11":"shipping-taxable","12":"purchasable","13":"product-type-simple"},"_links":{"self":[{"href":"https:\/\/www.walhalla-lamm.de\/cms\/wp-json\/wp\/v2\/product\/190","targetHints":{"allow":["GET"]}}],"collection":[{"href":"https:\/\/www.walhalla-lamm.de\/cms\/wp-json\/wp\/v2\/product"}],"about":[{"href":"https:\/\/www.walhalla-lamm.de\/cms\/wp-json\/wp\/v2\/types\/product"}],"replies":[{"embeddable":true,"href":"https:\/\/www.walhalla-lamm.de\/cms\/wp-json\/wp\/v2\/comments?post=190"}],"wp:featuredmedia":[{"embeddable":true,"href":"https:\/\/www.walhalla-lamm.de\/cms\/wp-json\/wp\/v2\/media\/3976"}],"wp:attachment":[{"href":"https:\/\/www.walhalla-lamm.de\/cms\/wp-json\/wp\/v2\/media?parent=190"}],"wp:term":[{"taxonomy":"product_brand","embeddable":true,"href":"https:\/\/www.walhalla-lamm.de\/cms\/wp-json\/wp\/v2\/product_brand?post=190"},{"taxonomy":"product_cat","embeddable":true,"href":"https:\/\/www.walhalla-lamm.de\/cms\/wp-json\/wp\/v2\/product_cat?post=190"},{"taxonomy":"product_tag","embeddable":true,"href":"https:\/\/www.walhalla-lamm.de\/cms\/wp-json\/wp\/v2\/product_tag?post=190"}],"curies":[{"name":"wp","href":"https:\/\/api.w.org\/{rel}","templated":true}]}}