{"id":191,"date":"2020-04-22T13:17:42","date_gmt":"2020-04-22T11:17:42","guid":{"rendered":"http:\/\/www.walhalla-lamm.de\/cms\/?post_type=product&#038;p=191"},"modified":"2025-12-31T17:54:52","modified_gmt":"2025-12-31T16:54:52","slug":"schafmilchseife-japanische-kirsche","status":"publish","type":"product","link":"https:\/\/www.walhalla-lamm.de\/cms\/shop\/seife-kosmetik\/100gstuecke\/schafmilchseifen\/schafmilchseife-japanische-kirsche\/","title":{"rendered":"Schafmilchseife Japanische Kirsche"},"content":{"rendered":"<p>Der Duft der orientalischen Kirschb\u00e4ume wurde in dieser Seife eingefangen. <span class=\"ILfuVd\"><span class=\"e24Kjd\">Das s\u00fc\u00dfe Aroma schenkt neue Energie und erinnert an die prachtvollen B\u00e4ume voller zartrosa Bl\u00fcten.<\/span><\/span><\/p>\n","protected":false},"excerpt":{"rendered":"<p>Der Duft der orientalischen Kirschb\u00e4ume wurde in dieser Seife eingefangen. Das s\u00fc\u00dfe Aroma schenkt neue Energie und erinnert an die prachtvollen B\u00e4ume voller zartrosa Bl\u00fcten.<\/p>\n","protected":false},"featured_media":3979,"comment_status":"closed","ping_status":"closed","template":"","meta":[],"product_brand":[],"product_cat":[26],"product_tag":[],"class_list":{"0":"post-191","1":"product","2":"type-product","3":"status-publish","4":"has-post-thumbnail","6":"product_cat-schafmilchseifen","8":"first","9":"instock","10":"taxable","11":"shipping-taxable","12":"purchasable","13":"product-type-simple"},"_links":{"self":[{"href":"https:\/\/www.walhalla-lamm.de\/cms\/wp-json\/wp\/v2\/product\/191","targetHints":{"allow":["GET"]}}],"collection":[{"href":"https:\/\/www.walhalla-lamm.de\/cms\/wp-json\/wp\/v2\/product"}],"about":[{"href":"https:\/\/www.walhalla-lamm.de\/cms\/wp-json\/wp\/v2\/types\/product"}],"replies":[{"embeddable":true,"href":"https:\/\/www.walhalla-lamm.de\/cms\/wp-json\/wp\/v2\/comments?post=191"}],"wp:featuredmedia":[{"embeddable":true,"href":"https:\/\/www.walhalla-lamm.de\/cms\/wp-json\/wp\/v2\/media\/3979"}],"wp:attachment":[{"href":"https:\/\/www.walhalla-lamm.de\/cms\/wp-json\/wp\/v2\/media?parent=191"}],"wp:term":[{"taxonomy":"product_brand","embeddable":true,"href":"https:\/\/www.walhalla-lamm.de\/cms\/wp-json\/wp\/v2\/product_brand?post=191"},{"taxonomy":"product_cat","embeddable":true,"href":"https:\/\/www.walhalla-lamm.de\/cms\/wp-json\/wp\/v2\/product_cat?post=191"},{"taxonomy":"product_tag","embeddable":true,"href":"https:\/\/www.walhalla-lamm.de\/cms\/wp-json\/wp\/v2\/product_tag?post=191"}],"curies":[{"name":"wp","href":"https:\/\/api.w.org\/{rel}","templated":true}]}}