{"id":198,"date":"2020-04-22T14:13:32","date_gmt":"2020-04-22T12:13:32","guid":{"rendered":"http:\/\/www.walhalla-lamm.de\/cms\/?post_type=product&#038;p=198"},"modified":"2025-12-31T17:52:33","modified_gmt":"2025-12-31T16:52:33","slug":"schafmilchseife-kueche-kuechenseife","status":"publish","type":"product","link":"https:\/\/www.walhalla-lamm.de\/cms\/shop\/seife-kosmetik\/100gstuecke\/schafmilchseifen\/schafmilchseife-kueche-kuechenseife\/","title":{"rendered":"Schafmilchseife K\u00fcche K\u00fcchenseife"},"content":{"rendered":"<p>Sie kochen gerne? Dann sollte diese Seife an ihrem K\u00fcchen-Waschbecken nicht fehlen. Auf einen Travertin-Seifenstein gelegt wirkt sie dort auch noch \u00fcberaus dekorativ.<\/p>\n<p>Diese geruchshemmende Hand-Seife ist ideal gegen K\u00fcchenger\u00fcche wie Fisch, Zwiebel, Knoblauch &#8230;<\/p>\n<p>Einmal die H\u00e4nde gewaschen und der &#8220;\u00fcble&#8221; Geruch ist verweht. Dies liegt an der verwendeten Weizenkleie, die porentief wirkt und den Extrakten von Salbei und Zitrone, die neutralisierend wirken. Durch die Schafmilch wird die Haut gleichzeitig cremend gepflegt.<\/p>\n","protected":false},"excerpt":{"rendered":"<p>Sie kochen gerne? Dann sollte diese Seife an ihrem K\u00fcchen-Waschbecken nicht fehlen. Auf einen Travertin-Seifenstein gelegt wirkt sie dort auch noch \u00fcberaus dekorativ. Diese geruchshemmende Hand-Seife ist ideal gegen K\u00fcchenger\u00fcche wie Fisch, Zwiebel, Knoblauch &#8230; Einmal die H\u00e4nde gewaschen und der &#8220;\u00fcble&#8221; Geruch ist verweht. Dies liegt an der verwendeten Weizenkleie, die porentief wirkt und [&hellip;]<\/p>\n","protected":false},"featured_media":3986,"comment_status":"closed","ping_status":"closed","template":"","meta":[],"product_brand":[],"product_cat":[26],"product_tag":[],"class_list":{"0":"post-198","1":"product","2":"type-product","3":"status-publish","4":"has-post-thumbnail","6":"product_cat-schafmilchseifen","8":"first","9":"instock","10":"taxable","11":"shipping-taxable","12":"purchasable","13":"product-type-simple"},"_links":{"self":[{"href":"https:\/\/www.walhalla-lamm.de\/cms\/wp-json\/wp\/v2\/product\/198","targetHints":{"allow":["GET"]}}],"collection":[{"href":"https:\/\/www.walhalla-lamm.de\/cms\/wp-json\/wp\/v2\/product"}],"about":[{"href":"https:\/\/www.walhalla-lamm.de\/cms\/wp-json\/wp\/v2\/types\/product"}],"replies":[{"embeddable":true,"href":"https:\/\/www.walhalla-lamm.de\/cms\/wp-json\/wp\/v2\/comments?post=198"}],"wp:featuredmedia":[{"embeddable":true,"href":"https:\/\/www.walhalla-lamm.de\/cms\/wp-json\/wp\/v2\/media\/3986"}],"wp:attachment":[{"href":"https:\/\/www.walhalla-lamm.de\/cms\/wp-json\/wp\/v2\/media?parent=198"}],"wp:term":[{"taxonomy":"product_brand","embeddable":true,"href":"https:\/\/www.walhalla-lamm.de\/cms\/wp-json\/wp\/v2\/product_brand?post=198"},{"taxonomy":"product_cat","embeddable":true,"href":"https:\/\/www.walhalla-lamm.de\/cms\/wp-json\/wp\/v2\/product_cat?post=198"},{"taxonomy":"product_tag","embeddable":true,"href":"https:\/\/www.walhalla-lamm.de\/cms\/wp-json\/wp\/v2\/product_tag?post=198"}],"curies":[{"name":"wp","href":"https:\/\/api.w.org\/{rel}","templated":true}]}}