{"id":202,"date":"2020-04-22T14:17:56","date_gmt":"2020-04-22T12:17:56","guid":{"rendered":"http:\/\/www.walhalla-lamm.de\/cms\/?post_type=product&#038;p=202"},"modified":"2025-12-31T17:52:16","modified_gmt":"2025-12-31T16:52:16","slug":"schafmilchseife-lorbeer","status":"publish","type":"product","link":"https:\/\/www.walhalla-lamm.de\/cms\/shop\/seife-kosmetik\/100gstuecke\/schafmilchseifen\/schafmilchseife-lorbeer\/","title":{"rendered":"Schafmilchseife Lorbeer"},"content":{"rendered":"<p>Mit ihrem warm-herben Duft ist diese Seife unsere &#8220;Gew\u00fcrzseife Nummer 1&#8221;. Das morgendliche Duschen mit dieser Seife l\u00e4sst sie beschwingt in den Tag starten.<\/p>\n<p>Lorbeer\u00f6l ist wegen seiner antiseptischen und durchblutungsf\u00f6rdernden Wirkung schon lange im Orient bekannt. Es hemmt die Talgdr\u00fcsen\u00fcberfunktion und ist daher sehr wirksam bei Akne und und unreiner Haut.<\/p>\n","protected":false},"excerpt":{"rendered":"<p>Mit ihrem warm-herben Duft ist diese Seife unsere &#8220;Gew\u00fcrzseife Nummer 1&#8221;. Das morgendliche Duschen mit dieser Seife l\u00e4sst sie beschwingt in den Tag starten. Lorbeer\u00f6l ist wegen seiner antiseptischen und durchblutungsf\u00f6rdernden Wirkung schon lange im Orient bekannt. Es hemmt die Talgdr\u00fcsen\u00fcberfunktion und ist daher sehr wirksam bei Akne und und unreiner Haut.<\/p>\n","protected":false},"featured_media":3990,"comment_status":"closed","ping_status":"closed","template":"","meta":[],"product_brand":[],"product_cat":[26],"product_tag":[],"class_list":{"0":"post-202","1":"product","2":"type-product","3":"status-publish","4":"has-post-thumbnail","6":"product_cat-schafmilchseifen","8":"first","9":"instock","10":"taxable","11":"shipping-taxable","12":"purchasable","13":"product-type-simple"},"_links":{"self":[{"href":"https:\/\/www.walhalla-lamm.de\/cms\/wp-json\/wp\/v2\/product\/202","targetHints":{"allow":["GET"]}}],"collection":[{"href":"https:\/\/www.walhalla-lamm.de\/cms\/wp-json\/wp\/v2\/product"}],"about":[{"href":"https:\/\/www.walhalla-lamm.de\/cms\/wp-json\/wp\/v2\/types\/product"}],"replies":[{"embeddable":true,"href":"https:\/\/www.walhalla-lamm.de\/cms\/wp-json\/wp\/v2\/comments?post=202"}],"wp:featuredmedia":[{"embeddable":true,"href":"https:\/\/www.walhalla-lamm.de\/cms\/wp-json\/wp\/v2\/media\/3990"}],"wp:attachment":[{"href":"https:\/\/www.walhalla-lamm.de\/cms\/wp-json\/wp\/v2\/media?parent=202"}],"wp:term":[{"taxonomy":"product_brand","embeddable":true,"href":"https:\/\/www.walhalla-lamm.de\/cms\/wp-json\/wp\/v2\/product_brand?post=202"},{"taxonomy":"product_cat","embeddable":true,"href":"https:\/\/www.walhalla-lamm.de\/cms\/wp-json\/wp\/v2\/product_cat?post=202"},{"taxonomy":"product_tag","embeddable":true,"href":"https:\/\/www.walhalla-lamm.de\/cms\/wp-json\/wp\/v2\/product_tag?post=202"}],"curies":[{"name":"wp","href":"https:\/\/api.w.org\/{rel}","templated":true}]}}