{"id":206,"date":"2020-04-22T14:38:07","date_gmt":"2020-04-22T12:38:07","guid":{"rendered":"http:\/\/www.walhalla-lamm.de\/cms\/?post_type=product&#038;p=206"},"modified":"2025-12-31T17:52:00","modified_gmt":"2025-12-31T16:52:00","slug":"schafmilchseife-olivenoel","status":"publish","type":"product","link":"https:\/\/www.walhalla-lamm.de\/cms\/shop\/seife-kosmetik\/100gstuecke\/schafmilchseifen\/schafmilchseife-olivenoel\/","title":{"rendered":"Schafmilchseife Oliven\u00f6l"},"content":{"rendered":"<p>Die Kombination von Schafmilch und Oliven\u00f6l in dieser Seife spendet ihrer Haut intensive Feuchtigkeit und hinterl\u00e4sst einen angenehm milden Duft.<\/p>\n","protected":false},"excerpt":{"rendered":"<p>Die Kombination von Schafmilch und Oliven\u00f6l in dieser Seife spendet ihrer Haut intensive Feuchtigkeit und hinterl\u00e4sst einen angenehm milden Duft.<\/p>\n","protected":false},"featured_media":4017,"comment_status":"closed","ping_status":"closed","template":"","meta":[],"product_brand":[],"product_cat":[26],"product_tag":[],"class_list":{"0":"post-206","1":"product","2":"type-product","3":"status-publish","4":"has-post-thumbnail","6":"product_cat-schafmilchseifen","8":"first","9":"instock","10":"taxable","11":"shipping-taxable","12":"purchasable","13":"product-type-simple"},"_links":{"self":[{"href":"https:\/\/www.walhalla-lamm.de\/cms\/wp-json\/wp\/v2\/product\/206","targetHints":{"allow":["GET"]}}],"collection":[{"href":"https:\/\/www.walhalla-lamm.de\/cms\/wp-json\/wp\/v2\/product"}],"about":[{"href":"https:\/\/www.walhalla-lamm.de\/cms\/wp-json\/wp\/v2\/types\/product"}],"replies":[{"embeddable":true,"href":"https:\/\/www.walhalla-lamm.de\/cms\/wp-json\/wp\/v2\/comments?post=206"}],"wp:featuredmedia":[{"embeddable":true,"href":"https:\/\/www.walhalla-lamm.de\/cms\/wp-json\/wp\/v2\/media\/4017"}],"wp:attachment":[{"href":"https:\/\/www.walhalla-lamm.de\/cms\/wp-json\/wp\/v2\/media?parent=206"}],"wp:term":[{"taxonomy":"product_brand","embeddable":true,"href":"https:\/\/www.walhalla-lamm.de\/cms\/wp-json\/wp\/v2\/product_brand?post=206"},{"taxonomy":"product_cat","embeddable":true,"href":"https:\/\/www.walhalla-lamm.de\/cms\/wp-json\/wp\/v2\/product_cat?post=206"},{"taxonomy":"product_tag","embeddable":true,"href":"https:\/\/www.walhalla-lamm.de\/cms\/wp-json\/wp\/v2\/product_tag?post=206"}],"curies":[{"name":"wp","href":"https:\/\/api.w.org\/{rel}","templated":true}]}}