{"id":2077,"date":"2021-01-14T10:04:53","date_gmt":"2021-01-14T09:04:53","guid":{"rendered":"http:\/\/www.walhalla-lamm.de\/cms\/?post_type=product&#038;p=2077"},"modified":"2025-02-17T09:17:31","modified_gmt":"2025-02-17T08:17:31","slug":"kinder-socken-mit-schafwolle-dreier-pack-norwegersoeckchen","status":"publish","type":"product","link":"https:\/\/www.walhalla-lamm.de\/cms\/shop\/wollsocken\/kinder-socken-mit-schafwolle-dreier-pack-norwegersoeckchen\/","title":{"rendered":"Kinder-Socken mit Schafwolle Dreier-Pack Norwegers\u00f6ckchen"},"content":{"rendered":"<p>Sch\u00f6ne dicke, besonders weiche, w\u00e4rmende Qualit\u00e4t.<\/p>\n<p>Vorgewaschen, nicht einlaufend und nicht filzend.<\/p>\n<p>Sch\u00f6ne Farben f\u00fcr Jungen und M\u00e4dchen im 3er-B\u00fcndel sortiert (die einzelnen Farben werden angezeigt, wenn Sie das Geschlecht ausgew\u00e4hlt haben). Das Wollgemisch ist einfach mit der Maschine waschbar.<\/p>\n<p>Zusammensetzung: 36% Polyester, <strong>32% Wolle<\/strong>, 14% Polyamid, 8% Baumwolle, 7% Viskose, 2% Polyacryl, 1% Elastan oder <strong>40% Wolle<\/strong>, 25% Polyester, 25% Polyacryl, 10% Viskose<\/p>\n","protected":false},"excerpt":{"rendered":"<p>W\u00e4hlen Sie Farbe und Gr\u00f6\u00dfe f\u00fcr Ihren Dreierpack.<\/p>\n","protected":false},"featured_media":5538,"comment_status":"closed","ping_status":"closed","template":"","meta":[],"product_brand":[],"product_cat":[168],"product_tag":[],"class_list":{"0":"post-2077","1":"product","2":"type-product","3":"status-publish","4":"has-post-thumbnail","6":"product_cat-wollsocken","8":"first","9":"instock","10":"taxable","11":"shipping-taxable","12":"purchasable","13":"product-type-variable"},"_links":{"self":[{"href":"https:\/\/www.walhalla-lamm.de\/cms\/wp-json\/wp\/v2\/product\/2077","targetHints":{"allow":["GET"]}}],"collection":[{"href":"https:\/\/www.walhalla-lamm.de\/cms\/wp-json\/wp\/v2\/product"}],"about":[{"href":"https:\/\/www.walhalla-lamm.de\/cms\/wp-json\/wp\/v2\/types\/product"}],"replies":[{"embeddable":true,"href":"https:\/\/www.walhalla-lamm.de\/cms\/wp-json\/wp\/v2\/comments?post=2077"}],"wp:featuredmedia":[{"embeddable":true,"href":"https:\/\/www.walhalla-lamm.de\/cms\/wp-json\/wp\/v2\/media\/5538"}],"wp:attachment":[{"href":"https:\/\/www.walhalla-lamm.de\/cms\/wp-json\/wp\/v2\/media?parent=2077"}],"wp:term":[{"taxonomy":"product_brand","embeddable":true,"href":"https:\/\/www.walhalla-lamm.de\/cms\/wp-json\/wp\/v2\/product_brand?post=2077"},{"taxonomy":"product_cat","embeddable":true,"href":"https:\/\/www.walhalla-lamm.de\/cms\/wp-json\/wp\/v2\/product_cat?post=2077"},{"taxonomy":"product_tag","embeddable":true,"href":"https:\/\/www.walhalla-lamm.de\/cms\/wp-json\/wp\/v2\/product_tag?post=2077"}],"curies":[{"name":"wp","href":"https:\/\/api.w.org\/{rel}","templated":true}]}}