{"id":215,"date":"2020-04-13T14:49:13","date_gmt":"2020-04-13T12:49:13","guid":{"rendered":"http:\/\/www.walhalla-lamm.de\/cms\/?post_type=product&#038;p=215"},"modified":"2025-12-31T17:57:29","modified_gmt":"2025-12-31T16:57:29","slug":"schafmilchseife-ringelblume","status":"publish","type":"product","link":"https:\/\/www.walhalla-lamm.de\/cms\/shop\/seife-kosmetik\/100gstuecke\/schafmilchseifen\/schafmilchseife-ringelblume\/","title":{"rendered":"Schafmilchseife Ringelblume"},"content":{"rendered":"<p>Der angenehme Duft der Ringelblume und die fr\u00f6hliche Farbe erhellen Ihr Gem\u00fct.<\/p>\n<p>Man sagt der Ringelblume, die auch Calendula genannt wird, entz\u00fcndungshemmende und wundheilende Eigenschaften nach und ist somit f\u00fcr sensible Haut bestens geeignet.<\/p>\n<p>Diese Seife mit Ringelblumenkr\u00e4uter und Ringelblumen\u00f6l wirkt beruhigend und pflegt intensiv.<\/p>\n","protected":false},"excerpt":{"rendered":"<p>Der angenehme Duft der Ringelblume und die fr\u00f6hliche Farbe erhellen Ihr Gem\u00fct. Man sagt der Ringelblume, die auch Calendula genannt wird, entz\u00fcndungshemmende und wundheilende Eigenschaften nach und ist somit f\u00fcr sensible Haut bestens geeignet. Diese Seife mit Ringelblumenkr\u00e4uter und Ringelblumen\u00f6l wirkt beruhigend und pflegt intensiv.<\/p>\n","protected":false},"featured_media":4030,"comment_status":"closed","ping_status":"closed","template":"","meta":[],"product_brand":[],"product_cat":[26],"product_tag":[],"class_list":{"0":"post-215","1":"product","2":"type-product","3":"status-publish","4":"has-post-thumbnail","6":"product_cat-schafmilchseifen","8":"first","9":"instock","10":"taxable","11":"shipping-taxable","12":"purchasable","13":"product-type-simple"},"_links":{"self":[{"href":"https:\/\/www.walhalla-lamm.de\/cms\/wp-json\/wp\/v2\/product\/215","targetHints":{"allow":["GET"]}}],"collection":[{"href":"https:\/\/www.walhalla-lamm.de\/cms\/wp-json\/wp\/v2\/product"}],"about":[{"href":"https:\/\/www.walhalla-lamm.de\/cms\/wp-json\/wp\/v2\/types\/product"}],"replies":[{"embeddable":true,"href":"https:\/\/www.walhalla-lamm.de\/cms\/wp-json\/wp\/v2\/comments?post=215"}],"wp:featuredmedia":[{"embeddable":true,"href":"https:\/\/www.walhalla-lamm.de\/cms\/wp-json\/wp\/v2\/media\/4030"}],"wp:attachment":[{"href":"https:\/\/www.walhalla-lamm.de\/cms\/wp-json\/wp\/v2\/media?parent=215"}],"wp:term":[{"taxonomy":"product_brand","embeddable":true,"href":"https:\/\/www.walhalla-lamm.de\/cms\/wp-json\/wp\/v2\/product_brand?post=215"},{"taxonomy":"product_cat","embeddable":true,"href":"https:\/\/www.walhalla-lamm.de\/cms\/wp-json\/wp\/v2\/product_cat?post=215"},{"taxonomy":"product_tag","embeddable":true,"href":"https:\/\/www.walhalla-lamm.de\/cms\/wp-json\/wp\/v2\/product_tag?post=215"}],"curies":[{"name":"wp","href":"https:\/\/api.w.org\/{rel}","templated":true}]}}