{"id":2201,"date":"2021-01-25T18:56:57","date_gmt":"2021-01-25T17:56:57","guid":{"rendered":"http:\/\/www.walhalla-lamm.de\/cms\/?post_type=product&#038;p=2201"},"modified":"2025-02-19T15:53:52","modified_gmt":"2025-02-19T14:53:52","slug":"wollfilz-gaestepantoffeln","status":"publish","type":"product","link":"https:\/\/www.walhalla-lamm.de\/cms\/shop\/filzprodukte\/wollfilz-gaestepantoffeln\/","title":{"rendered":"Wollfilz-G\u00e4stepantoffeln"},"content":{"rendered":"<p>Nur das Beste f\u00fcr die G\u00e4ste!<\/p>\n<p>Damit der Besuch keine kalten F\u00fc\u00dfe bekommt, gibt es unsere beliebten und praktischen G\u00e4ste-Filzpantoffeln.<\/p>\n<p>Schnell ist man in die Pantoffeln hineingeschl\u00fcpft, hat etwas Warmes an den F\u00fc\u00dfen und f\u00fchlt sich gleich wie zu Hause. Die Stra\u00dfenschuhe k\u00f6nnen in der Garderobe oder gleich vor der Wohnungst\u00fcr bleiben.\u00a0 Der Stra\u00dfendreck gelangt somit nicht in die Wohnung, was insbesondere f\u00fcr Eltern ein Anliegen ist, wenn Krabbel- und Kleinkinder auf dem Boden herumrutschen.<\/p>\n<p>Unsere G\u00e4stepantoffeln gibt es in verschiedenen Doppelgr\u00f6\u00dfen. Die Hausschuhe m\u00fcssen nicht immer perfekt sitzen. Eine bis zwei Nummern gr\u00f6\u00dfer werden niemanden st\u00f6ren, im Gegenteil.<\/p>\n<p>Die Filzpantoffel sind aus 100 % nat\u00fcrlichem Wollfilz gefertigt. Die doppelte Laufsohle aus Filz ist mit einer\u00a0 Naturlatexbeschichtung ausgestattet. Das aufgetragene, rutschhemmende Latex sorgt f\u00fcr Sicherheit und Stabilit\u00e4t, selbst auf glatteren Fl\u00e4chen.<\/p>\n<p><em>Die G\u00e4stepantoffeln werden in einer Manufaktur hergestellt, in der wir unsere eigene Schafwolle weiterverarbeiten lassen.<\/em><\/p>\n","protected":false},"excerpt":{"rendered":"<p>Nur das Beste f\u00fcr die G\u00e4ste! Damit der Besuch keine kalten F\u00fc\u00dfe bekommt, gibt es unsere beliebten und praktischen G\u00e4ste-Filzpantoffeln. Schnell ist man in die Pantoffeln hineingeschl\u00fcpft, hat etwas Warmes an den F\u00fc\u00dfen und f\u00fchlt sich gleich wie zu Hause. Die Stra\u00dfenschuhe k\u00f6nnen in der Garderobe oder gleich vor der Wohnungst\u00fcr bleiben.\u00a0 Der Stra\u00dfendreck gelangt [&hellip;]<\/p>\n","protected":false},"featured_media":5629,"comment_status":"closed","ping_status":"closed","template":"","meta":[],"product_brand":[],"product_cat":[135,236],"product_tag":[],"class_list":{"0":"post-2201","1":"product","2":"type-product","3":"status-publish","4":"has-post-thumbnail","6":"product_cat-filzprodukte","7":"product_cat-sale","9":"first","10":"instock","11":"sale","12":"taxable","13":"shipping-taxable","14":"purchasable","15":"product-type-variable","16":"has-default-attributes"},"_links":{"self":[{"href":"https:\/\/www.walhalla-lamm.de\/cms\/wp-json\/wp\/v2\/product\/2201","targetHints":{"allow":["GET"]}}],"collection":[{"href":"https:\/\/www.walhalla-lamm.de\/cms\/wp-json\/wp\/v2\/product"}],"about":[{"href":"https:\/\/www.walhalla-lamm.de\/cms\/wp-json\/wp\/v2\/types\/product"}],"replies":[{"embeddable":true,"href":"https:\/\/www.walhalla-lamm.de\/cms\/wp-json\/wp\/v2\/comments?post=2201"}],"wp:featuredmedia":[{"embeddable":true,"href":"https:\/\/www.walhalla-lamm.de\/cms\/wp-json\/wp\/v2\/media\/5629"}],"wp:attachment":[{"href":"https:\/\/www.walhalla-lamm.de\/cms\/wp-json\/wp\/v2\/media?parent=2201"}],"wp:term":[{"taxonomy":"product_brand","embeddable":true,"href":"https:\/\/www.walhalla-lamm.de\/cms\/wp-json\/wp\/v2\/product_brand?post=2201"},{"taxonomy":"product_cat","embeddable":true,"href":"https:\/\/www.walhalla-lamm.de\/cms\/wp-json\/wp\/v2\/product_cat?post=2201"},{"taxonomy":"product_tag","embeddable":true,"href":"https:\/\/www.walhalla-lamm.de\/cms\/wp-json\/wp\/v2\/product_tag?post=2201"}],"curies":[{"name":"wp","href":"https:\/\/api.w.org\/{rel}","templated":true}]}}