{"id":225,"date":"2020-04-13T15:00:06","date_gmt":"2020-04-13T13:00:06","guid":{"rendered":"http:\/\/www.walhalla-lamm.de\/cms\/?post_type=product&#038;p=225"},"modified":"2025-12-31T17:56:36","modified_gmt":"2025-12-31T16:56:36","slug":"schafmilchseife-sandelholz","status":"publish","type":"product","link":"https:\/\/www.walhalla-lamm.de\/cms\/shop\/seife-kosmetik\/100gstuecke\/schafmilchseifen\/schafmilchseife-sandelholz\/","title":{"rendered":"Schafmilchseife Sandelholz"},"content":{"rendered":"<p>Sandelholzpulver verleiht dieser Seife ihre sch\u00f6ne r\u00f6tliche Farbe. Der herbe Duft kommt vom verwendeten \u00d6l, das aus den Wurzeln, den Zweigen und dem Kernholz des Sandelholzbaumes gewonnen wird.<\/p>\n<p>Besonders von M\u00e4nnern wird dieser balsamig-holzige Duft sehr gesch\u00e4tzt; au\u00dferdem soll er aphrodisierend wirken. Aufregend!<\/p>\n","protected":false},"excerpt":{"rendered":"<p>Sandelholzpulver verleiht dieser Seife ihre sch\u00f6ne r\u00f6tliche Farbe. Der herbe Duft kommt vom verwendeten \u00d6l, das aus den Wurzeln, den Zweigen und dem Kernholz des Sandelholzbaumes gewonnen wird. Besonders von M\u00e4nnern wird dieser balsamig-holzige Duft sehr gesch\u00e4tzt; au\u00dferdem soll er aphrodisierend wirken. Aufregend!<\/p>\n","protected":false},"featured_media":4044,"comment_status":"closed","ping_status":"closed","template":"","meta":[],"product_brand":[],"product_cat":[26],"product_tag":[],"class_list":{"0":"post-225","1":"product","2":"type-product","3":"status-publish","4":"has-post-thumbnail","6":"product_cat-schafmilchseifen","8":"first","9":"instock","10":"taxable","11":"shipping-taxable","12":"purchasable","13":"product-type-simple"},"_links":{"self":[{"href":"https:\/\/www.walhalla-lamm.de\/cms\/wp-json\/wp\/v2\/product\/225","targetHints":{"allow":["GET"]}}],"collection":[{"href":"https:\/\/www.walhalla-lamm.de\/cms\/wp-json\/wp\/v2\/product"}],"about":[{"href":"https:\/\/www.walhalla-lamm.de\/cms\/wp-json\/wp\/v2\/types\/product"}],"replies":[{"embeddable":true,"href":"https:\/\/www.walhalla-lamm.de\/cms\/wp-json\/wp\/v2\/comments?post=225"}],"wp:featuredmedia":[{"embeddable":true,"href":"https:\/\/www.walhalla-lamm.de\/cms\/wp-json\/wp\/v2\/media\/4044"}],"wp:attachment":[{"href":"https:\/\/www.walhalla-lamm.de\/cms\/wp-json\/wp\/v2\/media?parent=225"}],"wp:term":[{"taxonomy":"product_brand","embeddable":true,"href":"https:\/\/www.walhalla-lamm.de\/cms\/wp-json\/wp\/v2\/product_brand?post=225"},{"taxonomy":"product_cat","embeddable":true,"href":"https:\/\/www.walhalla-lamm.de\/cms\/wp-json\/wp\/v2\/product_cat?post=225"},{"taxonomy":"product_tag","embeddable":true,"href":"https:\/\/www.walhalla-lamm.de\/cms\/wp-json\/wp\/v2\/product_tag?post=225"}],"curies":[{"name":"wp","href":"https:\/\/api.w.org\/{rel}","templated":true}]}}