{"id":227,"date":"2020-04-13T15:02:13","date_gmt":"2020-04-13T13:02:13","guid":{"rendered":"http:\/\/www.walhalla-lamm.de\/cms\/?post_type=product&#038;p=227"},"modified":"2025-12-31T17:56:28","modified_gmt":"2025-12-31T16:56:28","slug":"schafmilchseife-sanddorn","status":"publish","type":"product","link":"https:\/\/www.walhalla-lamm.de\/cms\/shop\/seife-kosmetik\/100gstuecke\/schafmilchseifen\/schafmilchseife-sanddorn\/","title":{"rendered":"Schafmilchseife Sanddorn"},"content":{"rendered":"<p>Der Schafmilchseife Sanddorn ist nat\u00fcrliches Sanddorn-\u00d6l zugesetzt. Das fruchtig s\u00fc\u00dfe Dufterlebnis, dazu der sahnig cremige Schaum &#8211; verf\u00fchrerisch.<\/p>\n","protected":false},"excerpt":{"rendered":"<p>Der Schafmilchseife Sanddorn ist nat\u00fcrliches Sanddorn-\u00d6l zugesetzt. Das fruchtig s\u00fc\u00dfe Dufterlebnis, dazu der sahnig cremige Schaum &#8211; verf\u00fchrerisch.<\/p>\n","protected":false},"featured_media":4042,"comment_status":"closed","ping_status":"closed","template":"","meta":[],"product_brand":[],"product_cat":[26],"product_tag":[],"class_list":{"0":"post-227","1":"product","2":"type-product","3":"status-publish","4":"has-post-thumbnail","6":"product_cat-schafmilchseifen","8":"first","9":"instock","10":"taxable","11":"shipping-taxable","12":"purchasable","13":"product-type-simple"},"_links":{"self":[{"href":"https:\/\/www.walhalla-lamm.de\/cms\/wp-json\/wp\/v2\/product\/227","targetHints":{"allow":["GET"]}}],"collection":[{"href":"https:\/\/www.walhalla-lamm.de\/cms\/wp-json\/wp\/v2\/product"}],"about":[{"href":"https:\/\/www.walhalla-lamm.de\/cms\/wp-json\/wp\/v2\/types\/product"}],"replies":[{"embeddable":true,"href":"https:\/\/www.walhalla-lamm.de\/cms\/wp-json\/wp\/v2\/comments?post=227"}],"wp:featuredmedia":[{"embeddable":true,"href":"https:\/\/www.walhalla-lamm.de\/cms\/wp-json\/wp\/v2\/media\/4042"}],"wp:attachment":[{"href":"https:\/\/www.walhalla-lamm.de\/cms\/wp-json\/wp\/v2\/media?parent=227"}],"wp:term":[{"taxonomy":"product_brand","embeddable":true,"href":"https:\/\/www.walhalla-lamm.de\/cms\/wp-json\/wp\/v2\/product_brand?post=227"},{"taxonomy":"product_cat","embeddable":true,"href":"https:\/\/www.walhalla-lamm.de\/cms\/wp-json\/wp\/v2\/product_cat?post=227"},{"taxonomy":"product_tag","embeddable":true,"href":"https:\/\/www.walhalla-lamm.de\/cms\/wp-json\/wp\/v2\/product_tag?post=227"}],"curies":[{"name":"wp","href":"https:\/\/api.w.org\/{rel}","templated":true}]}}