{"id":2310,"date":"2021-01-30T19:56:42","date_gmt":"2021-01-30T18:56:42","guid":{"rendered":"http:\/\/www.walhalla-lamm.de\/cms\/?post_type=product&#038;p=2310"},"modified":"2025-03-29T11:43:03","modified_gmt":"2025-03-29T10:43:03","slug":"reise-nagelbuerste","status":"publish","type":"product","link":"https:\/\/www.walhalla-lamm.de\/cms\/shop\/buersten\/reise-nagelbuerste\/","title":{"rendered":"Reise-Nagelb\u00fcrste"},"content":{"rendered":"<p>Das perfekte Reiseaccessoire<\/p>\n<p>Mit ihren schr\u00e4gen Borsten reinigt die B\u00fcrste im Handumdrehen Ihre Fingern\u00e4gel.<\/p>\n<p>Ge\u00f6ltes Birnbaumholz mit hellen Borsten<\/p>\n<p>Gr\u00f6\u00dfe: 6 x 3 cm<\/p>\n<p>&nbsp;<\/p>\n","protected":false},"excerpt":{"rendered":"<p>Das perfekte Reiseaccessoire Mit ihren schr\u00e4gen Borsten reinigt die B\u00fcrste im Handumdrehen Ihre Fingern\u00e4gel. Ge\u00f6ltes Birnbaumholz mit hellen Borsten Gr\u00f6\u00dfe: 6 x 3 cm &nbsp;<\/p>\n","protected":false},"featured_media":5441,"comment_status":"closed","ping_status":"closed","template":"","meta":[],"product_brand":[],"product_cat":[224],"product_tag":[],"class_list":{"0":"post-2310","1":"product","2":"type-product","3":"status-publish","4":"has-post-thumbnail","6":"product_cat-buersten","8":"first","9":"instock","10":"taxable","11":"shipping-taxable","12":"purchasable","13":"product-type-simple"},"_links":{"self":[{"href":"https:\/\/www.walhalla-lamm.de\/cms\/wp-json\/wp\/v2\/product\/2310","targetHints":{"allow":["GET"]}}],"collection":[{"href":"https:\/\/www.walhalla-lamm.de\/cms\/wp-json\/wp\/v2\/product"}],"about":[{"href":"https:\/\/www.walhalla-lamm.de\/cms\/wp-json\/wp\/v2\/types\/product"}],"replies":[{"embeddable":true,"href":"https:\/\/www.walhalla-lamm.de\/cms\/wp-json\/wp\/v2\/comments?post=2310"}],"wp:featuredmedia":[{"embeddable":true,"href":"https:\/\/www.walhalla-lamm.de\/cms\/wp-json\/wp\/v2\/media\/5441"}],"wp:attachment":[{"href":"https:\/\/www.walhalla-lamm.de\/cms\/wp-json\/wp\/v2\/media?parent=2310"}],"wp:term":[{"taxonomy":"product_brand","embeddable":true,"href":"https:\/\/www.walhalla-lamm.de\/cms\/wp-json\/wp\/v2\/product_brand?post=2310"},{"taxonomy":"product_cat","embeddable":true,"href":"https:\/\/www.walhalla-lamm.de\/cms\/wp-json\/wp\/v2\/product_cat?post=2310"},{"taxonomy":"product_tag","embeddable":true,"href":"https:\/\/www.walhalla-lamm.de\/cms\/wp-json\/wp\/v2\/product_tag?post=2310"}],"curies":[{"name":"wp","href":"https:\/\/api.w.org\/{rel}","templated":true}]}}