{"id":2325,"date":"2021-02-01T17:18:20","date_gmt":"2021-02-01T16:18:20","guid":{"rendered":"http:\/\/www.walhalla-lamm.de\/cms\/?post_type=product&#038;p=2325"},"modified":"2025-11-19T04:46:47","modified_gmt":"2025-11-19T03:46:47","slug":"nagelbuerste","status":"publish","type":"product","link":"https:\/\/www.walhalla-lamm.de\/cms\/shop\/buersten\/nagelbuerste\/","title":{"rendered":"Nagelb\u00fcrste"},"content":{"rendered":"<p>Saubere und gepflegte H\u00e4nde sind ein Aush\u00e4ngeschild.<\/p>\n<p>Mit den schr\u00e4gen Borsten auf der Oberseite dieser Nagelb\u00fcrste kommen Sie perfekt unter die N\u00e4gel um eventuellen Schmutz zu entfernen.<\/p>\n<p>Ge\u00f6ltes Birnbaumholz mit hellen Borsten<\/p>\n<p>Gr\u00f6\u00dfe: 9,5 x 3,5 cm<\/p>\n<p>&nbsp;<\/p>\n","protected":false},"excerpt":{"rendered":"<p>Saubere und gepflegte H\u00e4nde sind ein Aush\u00e4ngeschild. Mit den schr\u00e4gen Borsten auf der Oberseite dieser Nagelb\u00fcrste kommen Sie perfekt unter die N\u00e4gel um eventuellen Schmutz zu entfernen. Ge\u00f6ltes Birnbaumholz mit hellen Borsten Gr\u00f6\u00dfe: 9,5 x 3,5 cm &nbsp;<\/p>\n","protected":false},"featured_media":5458,"comment_status":"closed","ping_status":"closed","template":"","meta":[],"product_brand":[],"product_cat":[224],"product_tag":[],"class_list":{"0":"post-2325","1":"product","2":"type-product","3":"status-publish","4":"has-post-thumbnail","6":"product_cat-buersten","8":"first","9":"instock","10":"taxable","11":"shipping-taxable","12":"purchasable","13":"product-type-simple"},"_links":{"self":[{"href":"https:\/\/www.walhalla-lamm.de\/cms\/wp-json\/wp\/v2\/product\/2325","targetHints":{"allow":["GET"]}}],"collection":[{"href":"https:\/\/www.walhalla-lamm.de\/cms\/wp-json\/wp\/v2\/product"}],"about":[{"href":"https:\/\/www.walhalla-lamm.de\/cms\/wp-json\/wp\/v2\/types\/product"}],"replies":[{"embeddable":true,"href":"https:\/\/www.walhalla-lamm.de\/cms\/wp-json\/wp\/v2\/comments?post=2325"}],"wp:featuredmedia":[{"embeddable":true,"href":"https:\/\/www.walhalla-lamm.de\/cms\/wp-json\/wp\/v2\/media\/5458"}],"wp:attachment":[{"href":"https:\/\/www.walhalla-lamm.de\/cms\/wp-json\/wp\/v2\/media?parent=2325"}],"wp:term":[{"taxonomy":"product_brand","embeddable":true,"href":"https:\/\/www.walhalla-lamm.de\/cms\/wp-json\/wp\/v2\/product_brand?post=2325"},{"taxonomy":"product_cat","embeddable":true,"href":"https:\/\/www.walhalla-lamm.de\/cms\/wp-json\/wp\/v2\/product_cat?post=2325"},{"taxonomy":"product_tag","embeddable":true,"href":"https:\/\/www.walhalla-lamm.de\/cms\/wp-json\/wp\/v2\/product_tag?post=2325"}],"curies":[{"name":"wp","href":"https:\/\/api.w.org\/{rel}","templated":true}]}}