{"id":2328,"date":"2021-02-01T17:27:00","date_gmt":"2021-02-01T16:27:00","guid":{"rendered":"http:\/\/www.walhalla-lamm.de\/cms\/?post_type=product&#038;p=2328"},"modified":"2025-06-02T18:10:39","modified_gmt":"2025-06-02T16:10:39","slug":"bartbuerste","status":"publish","type":"product","link":"https:\/\/www.walhalla-lamm.de\/cms\/shop\/buersten\/bartbuerste\/","title":{"rendered":"Bartb\u00fcrste"},"content":{"rendered":"<p>Ein absolutes MUSS f\u00fcr jeden Barttr\u00e4ger!<\/p>\n<p>Die kleine, ellipsenf\u00f6rmige Bartb\u00fcrste, die mit harten Wildschweinborsten besetzt ist, pflegt und bringt Ihren Bart in Form.<\/p>\n<p>Bei der Bartpflege\u00a0werden mit den kr\u00e4ftigen Borsten problemlos lose Haare entfernt und zugleich die Gesichtshaut an Kinn und Wangen sanft massiert und gepflegt. Au\u00dferdem beugen Sie auf diese Weise unsch\u00f6n anzusehende Bartschuppen vor und halten Ihren Bart frei von Hautpartikeln, Flusen und eventuellen Essensresten.<\/p>\n<p>Ge\u00f6ltes Birnbaum- oder Thermoholz mit Wildschweinborsten<\/p>\n<p>Gr\u00f6\u00dfe: 8 x 2,8 cm<\/p>\n<p>&nbsp;<\/p>\n","protected":false},"excerpt":{"rendered":"<p>Ein absolutes MUSS f\u00fcr jeden Barttr\u00e4ger! Die kleine, ellipsenf\u00f6rmige Bartb\u00fcrste, die mit harten Wildschweinborsten besetzt ist, pflegt und bringt Ihren Bart in Form. Bei der Bartpflege\u00a0werden mit den kr\u00e4ftigen Borsten problemlos lose Haare entfernt und zugleich die Gesichtshaut an Kinn und Wangen sanft massiert und gepflegt. Au\u00dferdem beugen Sie auf diese Weise unsch\u00f6n anzusehende Bartschuppen [&hellip;]<\/p>\n","protected":false},"featured_media":5461,"comment_status":"closed","ping_status":"closed","template":"","meta":[],"product_brand":[],"product_cat":[224],"product_tag":[],"class_list":{"0":"post-2328","1":"product","2":"type-product","3":"status-publish","4":"has-post-thumbnail","6":"product_cat-buersten","8":"first","9":"instock","10":"taxable","11":"shipping-taxable","12":"purchasable","13":"product-type-simple"},"_links":{"self":[{"href":"https:\/\/www.walhalla-lamm.de\/cms\/wp-json\/wp\/v2\/product\/2328","targetHints":{"allow":["GET"]}}],"collection":[{"href":"https:\/\/www.walhalla-lamm.de\/cms\/wp-json\/wp\/v2\/product"}],"about":[{"href":"https:\/\/www.walhalla-lamm.de\/cms\/wp-json\/wp\/v2\/types\/product"}],"replies":[{"embeddable":true,"href":"https:\/\/www.walhalla-lamm.de\/cms\/wp-json\/wp\/v2\/comments?post=2328"}],"wp:featuredmedia":[{"embeddable":true,"href":"https:\/\/www.walhalla-lamm.de\/cms\/wp-json\/wp\/v2\/media\/5461"}],"wp:attachment":[{"href":"https:\/\/www.walhalla-lamm.de\/cms\/wp-json\/wp\/v2\/media?parent=2328"}],"wp:term":[{"taxonomy":"product_brand","embeddable":true,"href":"https:\/\/www.walhalla-lamm.de\/cms\/wp-json\/wp\/v2\/product_brand?post=2328"},{"taxonomy":"product_cat","embeddable":true,"href":"https:\/\/www.walhalla-lamm.de\/cms\/wp-json\/wp\/v2\/product_cat?post=2328"},{"taxonomy":"product_tag","embeddable":true,"href":"https:\/\/www.walhalla-lamm.de\/cms\/wp-json\/wp\/v2\/product_tag?post=2328"}],"curies":[{"name":"wp","href":"https:\/\/api.w.org\/{rel}","templated":true}]}}