{"id":2341,"date":"2021-02-01T18:02:12","date_gmt":"2021-02-01T17:02:12","guid":{"rendered":"http:\/\/www.walhalla-lamm.de\/cms\/?post_type=product&#038;p=2341"},"modified":"2025-06-02T18:12:49","modified_gmt":"2025-06-02T16:12:49","slug":"gemuesebuerste-mit-zwei-borstenarten","status":"publish","type":"product","link":"https:\/\/www.walhalla-lamm.de\/cms\/shop\/buersten\/gemuesebuerste-mit-zwei-borstenarten\/","title":{"rendered":"Gem\u00fcseb\u00fcrste mit zwei Borstenarten"},"content":{"rendered":"<p>Mit dieser B\u00fcrste k\u00f6nnen Sie alle Gem\u00fcsesorten reinigen, sodass es nicht notwendig ist, die gesunde, vitaminreiche Schicht unter der Schale &#8220;abzusch\u00e4len&#8221;.<\/p>\n<p>Die hellere, weiche Pflanzenfaser Fibre eignet sich f\u00fcr die Reinigung weicherer Gem\u00fcsesorten. Mit der kr\u00e4ftigen Planzenfasermischung Union bekommen Sie auch festere Erdreste von Ihren Kartoffeln m\u00fchelos entfernt.<\/p>\n<p>Unbehandeltes Buchenholz mit Fibre- und Unionborsten<\/p>\n<p>Gr\u00f6\u00dfe: 13,5 cm<\/p>\n<p>&nbsp;<\/p>\n","protected":false},"excerpt":{"rendered":"<p>Mit dieser B\u00fcrste k\u00f6nnen Sie alle Gem\u00fcsesorten reinigen, sodass es nicht notwendig ist, die gesunde, vitaminreiche Schicht unter der Schale &#8220;abzusch\u00e4len&#8221;. Die hellere, weiche Pflanzenfaser Fibre eignet sich f\u00fcr die Reinigung weicherer Gem\u00fcsesorten. Mit der kr\u00e4ftigen Planzenfasermischung Union bekommen Sie auch festere Erdreste von Ihren Kartoffeln m\u00fchelos entfernt. Unbehandeltes Buchenholz mit Fibre- und Unionborsten Gr\u00f6\u00dfe: [&hellip;]<\/p>\n","protected":false},"featured_media":5477,"comment_status":"closed","ping_status":"closed","template":"","meta":[],"product_brand":[],"product_cat":[224],"product_tag":[],"class_list":{"0":"post-2341","1":"product","2":"type-product","3":"status-publish","4":"has-post-thumbnail","6":"product_cat-buersten","8":"first","9":"instock","10":"taxable","11":"shipping-taxable","12":"purchasable","13":"product-type-simple"},"_links":{"self":[{"href":"https:\/\/www.walhalla-lamm.de\/cms\/wp-json\/wp\/v2\/product\/2341","targetHints":{"allow":["GET"]}}],"collection":[{"href":"https:\/\/www.walhalla-lamm.de\/cms\/wp-json\/wp\/v2\/product"}],"about":[{"href":"https:\/\/www.walhalla-lamm.de\/cms\/wp-json\/wp\/v2\/types\/product"}],"replies":[{"embeddable":true,"href":"https:\/\/www.walhalla-lamm.de\/cms\/wp-json\/wp\/v2\/comments?post=2341"}],"wp:featuredmedia":[{"embeddable":true,"href":"https:\/\/www.walhalla-lamm.de\/cms\/wp-json\/wp\/v2\/media\/5477"}],"wp:attachment":[{"href":"https:\/\/www.walhalla-lamm.de\/cms\/wp-json\/wp\/v2\/media?parent=2341"}],"wp:term":[{"taxonomy":"product_brand","embeddable":true,"href":"https:\/\/www.walhalla-lamm.de\/cms\/wp-json\/wp\/v2\/product_brand?post=2341"},{"taxonomy":"product_cat","embeddable":true,"href":"https:\/\/www.walhalla-lamm.de\/cms\/wp-json\/wp\/v2\/product_cat?post=2341"},{"taxonomy":"product_tag","embeddable":true,"href":"https:\/\/www.walhalla-lamm.de\/cms\/wp-json\/wp\/v2\/product_tag?post=2341"}],"curies":[{"name":"wp","href":"https:\/\/api.w.org\/{rel}","templated":true}]}}