{"id":2372,"date":"2021-02-02T13:58:00","date_gmt":"2021-02-02T12:58:00","guid":{"rendered":"http:\/\/www.walhalla-lamm.de\/cms\/?post_type=product&#038;p=2372"},"modified":"2025-06-02T18:15:07","modified_gmt":"2025-06-02T16:15:07","slug":"kinder-haarbuerste-mit-ziegenhaar","status":"publish","type":"product","link":"https:\/\/www.walhalla-lamm.de\/cms\/shop\/buersten\/kinder-haarbuerste-mit-ziegenhaar\/","title":{"rendered":"Baby-Haarb\u00fcrste mit Ziegenhaar"},"content":{"rendered":"<p>Mamis aufgepasst! Die richtige Schmuseb\u00fcrste f\u00fcr Ihr Baby<\/p>\n<p>Das feine, flauschige Ziegenhaar dieser Baby-Haarb\u00fcrste streichelt die ersten Babyhaare und massiert vorsichtig und sanft die zarte Kopfhaut. Auch wenn Ihr Baby anfangs kaum Haare hat, f\u00f6rdern Sie somit den Haarwuchs Ihres Kindes.<\/p>\n<p>Ge\u00f6ltes Birnbaumholz mit Ziegenhaar<\/p>\n<p>Gr\u00f6\u00dfe: 16 x 5 cm<\/p>\n<p>&nbsp;<\/p>\n","protected":false},"excerpt":{"rendered":"<p>Mamis aufgepasst! Die richtige Schmuseb\u00fcrste f\u00fcr Ihr Baby Das feine, flauschige Ziegenhaar dieser Baby-Haarb\u00fcrste streichelt die ersten Babyhaare und massiert vorsichtig und sanft die zarte Kopfhaut. Auch wenn Ihr Baby anfangs kaum Haare hat, f\u00f6rdern Sie somit den Haarwuchs Ihres Kindes. Ge\u00f6ltes Birnbaumholz mit Ziegenhaar Gr\u00f6\u00dfe: 16 x 5 cm &nbsp;<\/p>\n","protected":false},"featured_media":5507,"comment_status":"closed","ping_status":"closed","template":"","meta":[],"product_brand":[],"product_cat":[224],"product_tag":[],"class_list":{"0":"post-2372","1":"product","2":"type-product","3":"status-publish","4":"has-post-thumbnail","6":"product_cat-buersten","8":"first","9":"instock","10":"taxable","11":"shipping-taxable","12":"purchasable","13":"product-type-simple"},"_links":{"self":[{"href":"https:\/\/www.walhalla-lamm.de\/cms\/wp-json\/wp\/v2\/product\/2372","targetHints":{"allow":["GET"]}}],"collection":[{"href":"https:\/\/www.walhalla-lamm.de\/cms\/wp-json\/wp\/v2\/product"}],"about":[{"href":"https:\/\/www.walhalla-lamm.de\/cms\/wp-json\/wp\/v2\/types\/product"}],"replies":[{"embeddable":true,"href":"https:\/\/www.walhalla-lamm.de\/cms\/wp-json\/wp\/v2\/comments?post=2372"}],"wp:featuredmedia":[{"embeddable":true,"href":"https:\/\/www.walhalla-lamm.de\/cms\/wp-json\/wp\/v2\/media\/5507"}],"wp:attachment":[{"href":"https:\/\/www.walhalla-lamm.de\/cms\/wp-json\/wp\/v2\/media?parent=2372"}],"wp:term":[{"taxonomy":"product_brand","embeddable":true,"href":"https:\/\/www.walhalla-lamm.de\/cms\/wp-json\/wp\/v2\/product_brand?post=2372"},{"taxonomy":"product_cat","embeddable":true,"href":"https:\/\/www.walhalla-lamm.de\/cms\/wp-json\/wp\/v2\/product_cat?post=2372"},{"taxonomy":"product_tag","embeddable":true,"href":"https:\/\/www.walhalla-lamm.de\/cms\/wp-json\/wp\/v2\/product_tag?post=2372"}],"curies":[{"name":"wp","href":"https:\/\/api.w.org\/{rel}","templated":true}]}}