{"id":2385,"date":"2021-02-02T18:37:33","date_gmt":"2021-02-02T17:37:33","guid":{"rendered":"http:\/\/www.walhalla-lamm.de\/cms\/?post_type=product&#038;p=2385"},"modified":"2025-06-02T18:19:06","modified_gmt":"2025-06-02T16:19:06","slug":"kinder-haarbuerste-olivenholz","status":"publish","type":"product","link":"https:\/\/www.walhalla-lamm.de\/cms\/shop\/buersten\/kinder-haarbuerste-olivenholz\/","title":{"rendered":"Kinder-Haarb\u00fcrste Olivenholz"},"content":{"rendered":"<p>Kein Gejammere mehr beim Haare b\u00fcrsten<\/p>\n<p>Mit dieser Kinder-Haarb\u00fcrste aus weichen Naturborsten wird das t\u00e4gliche B\u00fcrsten f\u00fcr Kleinkinder ab einem Jahr zu einem sch\u00f6nen Ritual. Ihr Kind wird schnell merken, wie angenehm sich die zarten Borsten auf der Kopfhaut anf\u00fchlen.<\/p>\n<p>Auch der Korpus dieser B\u00fcrste l\u00e4sst keine W\u00fcnsche offen. Hochwertiges, ge\u00f6ltes\u00a0Olivenholz zeichnet sich nicht nur durch seine besonders sch\u00f6ne Maserung aus, es ist durch sein langsames Wachstum auch extrem hart.<\/p>\n<p>Ge\u00f6ltes Olivenholz mit hellen Borsten<\/p>\n<p>Gr\u00f6\u00dfe: 15 x 4 cm<\/p>\n<p>&nbsp;<\/p>\n","protected":false},"excerpt":{"rendered":"<p>Kein Gejammere mehr beim Haare b\u00fcrsten Mit dieser Kinder-Haarb\u00fcrste aus weichen Naturborsten wird das t\u00e4gliche B\u00fcrsten f\u00fcr Kleinkinder ab einem Jahr zu einem sch\u00f6nen Ritual. Ihr Kind wird schnell merken, wie angenehm sich die zarten Borsten auf der Kopfhaut anf\u00fchlen. Auch der Korpus dieser B\u00fcrste l\u00e4sst keine W\u00fcnsche offen. Hochwertiges, ge\u00f6ltes\u00a0Olivenholz zeichnet sich nicht nur [&hellip;]<\/p>\n","protected":false},"featured_media":5509,"comment_status":"closed","ping_status":"closed","template":"","meta":[],"product_brand":[],"product_cat":[224],"product_tag":[],"class_list":{"0":"post-2385","1":"product","2":"type-product","3":"status-publish","4":"has-post-thumbnail","6":"product_cat-buersten","8":"first","9":"instock","10":"taxable","11":"shipping-taxable","12":"purchasable","13":"product-type-simple"},"_links":{"self":[{"href":"https:\/\/www.walhalla-lamm.de\/cms\/wp-json\/wp\/v2\/product\/2385","targetHints":{"allow":["GET"]}}],"collection":[{"href":"https:\/\/www.walhalla-lamm.de\/cms\/wp-json\/wp\/v2\/product"}],"about":[{"href":"https:\/\/www.walhalla-lamm.de\/cms\/wp-json\/wp\/v2\/types\/product"}],"replies":[{"embeddable":true,"href":"https:\/\/www.walhalla-lamm.de\/cms\/wp-json\/wp\/v2\/comments?post=2385"}],"wp:featuredmedia":[{"embeddable":true,"href":"https:\/\/www.walhalla-lamm.de\/cms\/wp-json\/wp\/v2\/media\/5509"}],"wp:attachment":[{"href":"https:\/\/www.walhalla-lamm.de\/cms\/wp-json\/wp\/v2\/media?parent=2385"}],"wp:term":[{"taxonomy":"product_brand","embeddable":true,"href":"https:\/\/www.walhalla-lamm.de\/cms\/wp-json\/wp\/v2\/product_brand?post=2385"},{"taxonomy":"product_cat","embeddable":true,"href":"https:\/\/www.walhalla-lamm.de\/cms\/wp-json\/wp\/v2\/product_cat?post=2385"},{"taxonomy":"product_tag","embeddable":true,"href":"https:\/\/www.walhalla-lamm.de\/cms\/wp-json\/wp\/v2\/product_tag?post=2385"}],"curies":[{"name":"wp","href":"https:\/\/api.w.org\/{rel}","templated":true}]}}