{"id":2393,"date":"2021-02-02T18:55:32","date_gmt":"2021-02-02T17:55:32","guid":{"rendered":"http:\/\/www.walhalla-lamm.de\/cms\/?post_type=product&#038;p=2393"},"modified":"2025-12-31T18:00:49","modified_gmt":"2025-12-31T17:00:49","slug":"tisch-buerste-in-igelform","status":"publish","type":"product","link":"https:\/\/www.walhalla-lamm.de\/cms\/shop\/buersten\/tisch-buerste-in-igelform\/","title":{"rendered":"Tisch-B\u00fcrste in Igelform"},"content":{"rendered":"<p>Diese B\u00fcrste muss nicht in der Schublade verschwinden.<\/p>\n<p>Die &#8220;Stacheln&#8221; des kleinen Igels sind aus nat\u00fcrlichem Rosshaar, die selbst feinsten Schmutz aufnehmen k\u00f6nnen.<\/p>\n<p>Ob Fr\u00fchst\u00fccks-Kr\u00fcmel auf dem Essenstisch oder Reste vom Knabberabend auf dem Couchtisch \u2013 liegt der Tischbesen griffbereit, sind im Nu Br\u00f6sel und Kr\u00fcmel weggekehrt.<\/p>\n<p>Ge\u00f6ltes Buchenholz mit Rosshaar<\/p>\n<p>Gr\u00f6\u00dfe: 14 x 11 cm<\/p>\n<p>&nbsp;<\/p>\n","protected":false},"excerpt":{"rendered":"<p>Diese B\u00fcrste muss nicht in der Schublade verschwinden. Die &#8220;Stacheln&#8221; des kleinen Igels sind aus nat\u00fcrlichem Rosshaar, die selbst feinsten Schmutz aufnehmen k\u00f6nnen. Ob Fr\u00fchst\u00fccks-Kr\u00fcmel auf dem Essenstisch oder Reste vom Knabberabend auf dem Couchtisch \u2013 liegt der Tischbesen griffbereit, sind im Nu Br\u00f6sel und Kr\u00fcmel weggekehrt. Ge\u00f6ltes Buchenholz mit Rosshaar Gr\u00f6\u00dfe: 14 x 11 [&hellip;]<\/p>\n","protected":false},"featured_media":5516,"comment_status":"closed","ping_status":"closed","template":"","meta":[],"product_brand":[],"product_cat":[224],"product_tag":[],"class_list":{"0":"post-2393","1":"product","2":"type-product","3":"status-publish","4":"has-post-thumbnail","6":"product_cat-buersten","8":"first","9":"instock","10":"taxable","11":"shipping-taxable","12":"purchasable","13":"product-type-simple"},"_links":{"self":[{"href":"https:\/\/www.walhalla-lamm.de\/cms\/wp-json\/wp\/v2\/product\/2393","targetHints":{"allow":["GET"]}}],"collection":[{"href":"https:\/\/www.walhalla-lamm.de\/cms\/wp-json\/wp\/v2\/product"}],"about":[{"href":"https:\/\/www.walhalla-lamm.de\/cms\/wp-json\/wp\/v2\/types\/product"}],"replies":[{"embeddable":true,"href":"https:\/\/www.walhalla-lamm.de\/cms\/wp-json\/wp\/v2\/comments?post=2393"}],"wp:featuredmedia":[{"embeddable":true,"href":"https:\/\/www.walhalla-lamm.de\/cms\/wp-json\/wp\/v2\/media\/5516"}],"wp:attachment":[{"href":"https:\/\/www.walhalla-lamm.de\/cms\/wp-json\/wp\/v2\/media?parent=2393"}],"wp:term":[{"taxonomy":"product_brand","embeddable":true,"href":"https:\/\/www.walhalla-lamm.de\/cms\/wp-json\/wp\/v2\/product_brand?post=2393"},{"taxonomy":"product_cat","embeddable":true,"href":"https:\/\/www.walhalla-lamm.de\/cms\/wp-json\/wp\/v2\/product_cat?post=2393"},{"taxonomy":"product_tag","embeddable":true,"href":"https:\/\/www.walhalla-lamm.de\/cms\/wp-json\/wp\/v2\/product_tag?post=2393"}],"curies":[{"name":"wp","href":"https:\/\/api.w.org\/{rel}","templated":true}]}}