{"id":2397,"date":"2021-02-02T19:06:12","date_gmt":"2021-02-02T18:06:12","guid":{"rendered":"http:\/\/www.walhalla-lamm.de\/cms\/?post_type=product&#038;p=2397"},"modified":"2025-06-02T18:20:40","modified_gmt":"2025-06-02T16:20:40","slug":"massagebuerste-wellfit","status":"publish","type":"product","link":"https:\/\/www.walhalla-lamm.de\/cms\/shop\/buersten\/massagebuerste-wellfit\/","title":{"rendered":"Massageb\u00fcrste WellFit"},"content":{"rendered":"<p>Diese Trocken-Massageb\u00fcrste mit einer Mischung aus weichem Rosshaar und kr\u00e4ftiger Fibre-Pflanzenfaser strafft die Haut, stabilisiert den Kreislauf, st\u00e4rkt das Nervensystem und regt den Stoffwechsel auf nat\u00fcrliche Art an. Sie hinterl\u00e4sst ein frisches und belebendes K\u00f6rpergef\u00fchl. Man sagt ihr nach, dass sie sogar kleine Fettp\u00f6lsterchen verschwinden l\u00e4sst.<\/p>\n<p>Ged\u00e4mpftes, ge\u00f6ltes Buchenholz mit Rosshaar und Fibre<\/p>\n<p>Gr\u00f6\u00dfe: 13,5 x 7 cm<\/p>\n<p>&nbsp;<\/p>\n","protected":false},"excerpt":{"rendered":"<p>Diese Trocken-Massageb\u00fcrste mit einer Mischung aus weichem Rosshaar und kr\u00e4ftiger Fibre-Pflanzenfaser strafft die Haut, stabilisiert den Kreislauf, st\u00e4rkt das Nervensystem und regt den Stoffwechsel auf nat\u00fcrliche Art an. Sie hinterl\u00e4sst ein frisches und belebendes K\u00f6rpergef\u00fchl. Man sagt ihr nach, dass sie sogar kleine Fettp\u00f6lsterchen verschwinden l\u00e4sst. Ged\u00e4mpftes, ge\u00f6ltes Buchenholz mit Rosshaar und Fibre Gr\u00f6\u00dfe: 13,5 [&hellip;]<\/p>\n","protected":false},"featured_media":5520,"comment_status":"closed","ping_status":"closed","template":"","meta":[],"product_brand":[],"product_cat":[224],"product_tag":[],"class_list":{"0":"post-2397","1":"product","2":"type-product","3":"status-publish","4":"has-post-thumbnail","6":"product_cat-buersten","8":"first","9":"instock","10":"taxable","11":"shipping-taxable","12":"purchasable","13":"product-type-simple"},"_links":{"self":[{"href":"https:\/\/www.walhalla-lamm.de\/cms\/wp-json\/wp\/v2\/product\/2397","targetHints":{"allow":["GET"]}}],"collection":[{"href":"https:\/\/www.walhalla-lamm.de\/cms\/wp-json\/wp\/v2\/product"}],"about":[{"href":"https:\/\/www.walhalla-lamm.de\/cms\/wp-json\/wp\/v2\/types\/product"}],"replies":[{"embeddable":true,"href":"https:\/\/www.walhalla-lamm.de\/cms\/wp-json\/wp\/v2\/comments?post=2397"}],"wp:featuredmedia":[{"embeddable":true,"href":"https:\/\/www.walhalla-lamm.de\/cms\/wp-json\/wp\/v2\/media\/5520"}],"wp:attachment":[{"href":"https:\/\/www.walhalla-lamm.de\/cms\/wp-json\/wp\/v2\/media?parent=2397"}],"wp:term":[{"taxonomy":"product_brand","embeddable":true,"href":"https:\/\/www.walhalla-lamm.de\/cms\/wp-json\/wp\/v2\/product_brand?post=2397"},{"taxonomy":"product_cat","embeddable":true,"href":"https:\/\/www.walhalla-lamm.de\/cms\/wp-json\/wp\/v2\/product_cat?post=2397"},{"taxonomy":"product_tag","embeddable":true,"href":"https:\/\/www.walhalla-lamm.de\/cms\/wp-json\/wp\/v2\/product_tag?post=2397"}],"curies":[{"name":"wp","href":"https:\/\/api.w.org\/{rel}","templated":true}]}}