{"id":2461,"date":"2021-02-10T14:39:33","date_gmt":"2021-02-10T13:39:33","guid":{"rendered":"http:\/\/www.walhalla-lamm.de\/cms\/?post_type=product&#038;p=2461"},"modified":"2025-02-17T09:13:03","modified_gmt":"2025-02-17T08:13:03","slug":"wanderschuh-buerste","status":"publish","type":"product","link":"https:\/\/www.walhalla-lamm.de\/cms\/shop\/buersten\/wanderschuh-buerste\/","title":{"rendered":"Wanderschuh-B\u00fcrste"},"content":{"rendered":"<p><span class=\"sh-ds__full\"><span class=\"sh-ds__full-txt translate-content\">Ein handlicher Helfer f\u00fcr alle Naturliebhaber! <\/span><\/span><\/p>\n<p><span class=\"sh-ds__full\"><span class=\"sh-ds__full-txt translate-content\">Wer mit schmutzigen Wander- oder Sportschuhen nach Hause kommt, hat mit dieser B\u00fcrste leichtes Spiel. Der robuste Naturbesatz nimmt es selbst mit hartn\u00e4ckigem Schmutz m\u00fchelos auf. Zudem l\u00e4uft der Holzgriff spitz zu, dass man mit der steilen Kante das Profil ganz leicht auskratzen kann.\u00a0 So sind die Schuhe im Handumdrehen sauber und die kompakte B\u00fcrste verschwindet wieder in der Tasche oder im Rucksack. Zum Trocknen kann sie am praktischem Lederband aufgeh\u00e4ngt werden. <\/span><\/span><\/p>\n<p><span class=\"sh-ds__full\"><span class=\"sh-ds__full-txt translate-content\">Ideal auch zum Mitnehmen f\u00fcr unterwegs. <\/span><\/span><\/p>\n<p><span class=\"sh-ds__full\"><span class=\"sh-ds__full-txt translate-content\">Ge\u00f6ltes Buchenholz mit Zwei-Zonen in Fibre und hellen Borsten<\/span><\/span><\/p>\n<p><span class=\"sh-ds__full\"><span class=\"sh-ds__full-txt translate-content\">Gr\u00f6\u00dfe: 10 x 3,5 cm<\/span><\/span><\/p>\n<p>&nbsp;<\/p>\n","protected":false},"excerpt":{"rendered":"<p>Ein handlicher Helfer f\u00fcr alle Naturliebhaber! Wer mit schmutzigen Wander- oder Sportschuhen nach Hause kommt, hat mit dieser B\u00fcrste leichtes Spiel. Der robuste Naturbesatz nimmt es selbst mit hartn\u00e4ckigem Schmutz m\u00fchelos auf. Zudem l\u00e4uft der Holzgriff spitz zu, dass man mit der steilen Kante das Profil ganz leicht auskratzen kann.\u00a0 So sind die Schuhe im [&hellip;]<\/p>\n","protected":false},"featured_media":5962,"comment_status":"closed","ping_status":"closed","template":"","meta":[],"product_brand":[],"product_cat":[224],"product_tag":[],"class_list":{"0":"post-2461","1":"product","2":"type-product","3":"status-publish","4":"has-post-thumbnail","6":"product_cat-buersten","8":"first","9":"instock","10":"taxable","11":"shipping-taxable","12":"purchasable","13":"product-type-simple"},"_links":{"self":[{"href":"https:\/\/www.walhalla-lamm.de\/cms\/wp-json\/wp\/v2\/product\/2461","targetHints":{"allow":["GET"]}}],"collection":[{"href":"https:\/\/www.walhalla-lamm.de\/cms\/wp-json\/wp\/v2\/product"}],"about":[{"href":"https:\/\/www.walhalla-lamm.de\/cms\/wp-json\/wp\/v2\/types\/product"}],"replies":[{"embeddable":true,"href":"https:\/\/www.walhalla-lamm.de\/cms\/wp-json\/wp\/v2\/comments?post=2461"}],"wp:featuredmedia":[{"embeddable":true,"href":"https:\/\/www.walhalla-lamm.de\/cms\/wp-json\/wp\/v2\/media\/5962"}],"wp:attachment":[{"href":"https:\/\/www.walhalla-lamm.de\/cms\/wp-json\/wp\/v2\/media?parent=2461"}],"wp:term":[{"taxonomy":"product_brand","embeddable":true,"href":"https:\/\/www.walhalla-lamm.de\/cms\/wp-json\/wp\/v2\/product_brand?post=2461"},{"taxonomy":"product_cat","embeddable":true,"href":"https:\/\/www.walhalla-lamm.de\/cms\/wp-json\/wp\/v2\/product_cat?post=2461"},{"taxonomy":"product_tag","embeddable":true,"href":"https:\/\/www.walhalla-lamm.de\/cms\/wp-json\/wp\/v2\/product_tag?post=2461"}],"curies":[{"name":"wp","href":"https:\/\/api.w.org\/{rel}","templated":true}]}}