{"id":2473,"date":"2021-02-12T09:19:09","date_gmt":"2021-02-12T08:19:09","guid":{"rendered":"http:\/\/www.walhalla-lamm.de\/cms\/?post_type=product&#038;p=2473"},"modified":"2025-12-31T18:04:35","modified_gmt":"2025-12-31T17:04:35","slug":"fahrrad-sattel-bezug-aus-lammfell","status":"publish","type":"product","link":"https:\/\/www.walhalla-lamm.de\/cms\/shop\/fellprodukte\/fahrrad-sattel-bezug-aus-lammfell\/","title":{"rendered":"Fahrrad-Sattel-Bezug aus Lammfell"},"content":{"rendered":"<p>Nat\u00fcrliches Schaffell f\u00fcr den Fahrradsattel<\/p>\n<p>Unsere Fahrrad-Sattelbez\u00fcge sind besonders weich und bequem. Sie sind langlebig und temperaturausgleichend &#8211; w\u00e4rmen im Winter und verhindern im Sommer Schwitzen, Wundscheuern und schmerzliche Druckstellen auf langen Radtouren.<\/p>\n<p>Der Bezug hat auf der Leder-R\u00fcckseite ein Gummizug eingearbeitet und ein Kordelband zum Festbinden; daher ist er auf fast jede Sattelgr\u00f6\u00dfe sehr gut regulierbar .<\/p>\n<p>So ist das Radfahren zu jeder Jahreszeit ein Vergn\u00fcgen.<\/p>\n<p>&nbsp;<\/p>\n<p>Gr\u00f6\u00dfe: ca. 30 x 24 cm<\/p>\n<p>Farben: beige und anthrazit<\/p>\n<p>&nbsp;<\/p>\n","protected":false},"excerpt":{"rendered":"<p>W\u00e4hlen Sie die Farbe.<\/p>\n","protected":false},"featured_media":6016,"comment_status":"closed","ping_status":"closed","template":"","meta":[],"product_brand":[],"product_cat":[72],"product_tag":[],"class_list":{"0":"post-2473","1":"product","2":"type-product","3":"status-publish","4":"has-post-thumbnail","6":"product_cat-fellprodukte","8":"first","9":"instock","10":"taxable","11":"shipping-taxable","12":"purchasable","13":"product-type-variable"},"_links":{"self":[{"href":"https:\/\/www.walhalla-lamm.de\/cms\/wp-json\/wp\/v2\/product\/2473","targetHints":{"allow":["GET"]}}],"collection":[{"href":"https:\/\/www.walhalla-lamm.de\/cms\/wp-json\/wp\/v2\/product"}],"about":[{"href":"https:\/\/www.walhalla-lamm.de\/cms\/wp-json\/wp\/v2\/types\/product"}],"replies":[{"embeddable":true,"href":"https:\/\/www.walhalla-lamm.de\/cms\/wp-json\/wp\/v2\/comments?post=2473"}],"wp:featuredmedia":[{"embeddable":true,"href":"https:\/\/www.walhalla-lamm.de\/cms\/wp-json\/wp\/v2\/media\/6016"}],"wp:attachment":[{"href":"https:\/\/www.walhalla-lamm.de\/cms\/wp-json\/wp\/v2\/media?parent=2473"}],"wp:term":[{"taxonomy":"product_brand","embeddable":true,"href":"https:\/\/www.walhalla-lamm.de\/cms\/wp-json\/wp\/v2\/product_brand?post=2473"},{"taxonomy":"product_cat","embeddable":true,"href":"https:\/\/www.walhalla-lamm.de\/cms\/wp-json\/wp\/v2\/product_cat?post=2473"},{"taxonomy":"product_tag","embeddable":true,"href":"https:\/\/www.walhalla-lamm.de\/cms\/wp-json\/wp\/v2\/product_tag?post=2473"}],"curies":[{"name":"wp","href":"https:\/\/api.w.org\/{rel}","templated":true}]}}