{"id":2486,"date":"2021-02-12T18:43:26","date_gmt":"2021-02-12T17:43:26","guid":{"rendered":"http:\/\/www.walhalla-lamm.de\/cms\/?post_type=product&#038;p=2486"},"modified":"2026-02-01T12:17:36","modified_gmt":"2026-02-01T11:17:36","slug":"natur-bio-fettwolle-sog-heilwolle","status":"publish","type":"product","link":"https:\/\/www.walhalla-lamm.de\/cms\/shop\/fellprodukte\/natur-bio-fettwolle-sog-heilwolle\/","title":{"rendered":"Natur-Bio-Fettwolle (sog. Heilwolle)"},"content":{"rendered":"<p>Das ABC-Pflaster aus der Natur<\/p>\n<p>Unsere wohltuende nat\u00fcrliche Fettwolle von heimischen Merino-Schafen hilft bei:<\/p>\n<ul>\n<li>wundem Kinderpopo<\/li>\n<li>entz\u00fcndeten Brustwarzen<\/li>\n<li>Hals- und Ohrenschmerzen<\/li>\n<li>Rheuma<\/li>\n<li>Gelenk- und Gliederschmerzen<\/li>\n<li>Hautirritationen<\/li>\n<li>Bronchitis uvm.<\/li>\n<\/ul>\n<p>Heilwolle ist ein altbew\u00e4hrtes Mittel, denen es enth\u00e4lt das nat\u00fcrliche tiereigene Wollfett, das sogenannte Lanolin, welches gr\u00f6\u00dfte Heilwirkung besitzt.<\/p>\n<p>Nach uralten \u00dcberlieferungen und neuesten Erkenntnissen der Forschung ist Schafwolle das beste zum W\u00e4rmen, Heilen und Wohlf\u00fchlen. Naturbelassene Fettwolle ist antibakterizid, durchblutungsf\u00f6rdernd, schmerzlindern. feuchtigkeitsabf\u00fchrend und regt den Stoffwechsel an.<\/p>\n<p><em>Heilwolle ist als Heilmittel nicht klinisch getestet oder wissenschaftlich untersucht und unterliegt keinen weiteren Bestimmungen.<\/em><\/p>\n<p>Die Roh-Wolle wird einmal gewaschen, kardiert (gek\u00e4mmt) und dann als Vlies im Strang aufgelegt. Daraus verpacken wir unsere &#8220;Portionen&#8221;.<\/p>\n<figure id=\"attachment_6650\" aria-describedby=\"caption-attachment-6650\" style=\"width: 300px\" class=\"wp-caption alignnone\"><img decoding=\"async\" class=\"size-medium wp-image-6650 lazyload\" data-src=\"https:\/\/www.walhalla-lamm.de\/cms\/wp-content\/uploads\/2021\/02\/Heilwolle_strang_im_sack_IMG_9545-300x300.jpg\" alt=\"Heilwolle ganzer Strang im Sack\" width=\"300\" height=\"300\" data-srcset=\"https:\/\/www.walhalla-lamm.de\/cms\/wp-content\/uploads\/2021\/02\/Heilwolle_strang_im_sack_IMG_9545-300x300.jpg 300w, https:\/\/www.walhalla-lamm.de\/cms\/wp-content\/uploads\/2021\/02\/Heilwolle_strang_im_sack_IMG_9545-1024x1024.jpg 1024w, https:\/\/www.walhalla-lamm.de\/cms\/wp-content\/uploads\/2021\/02\/Heilwolle_strang_im_sack_IMG_9545-150x150.jpg 150w, https:\/\/www.walhalla-lamm.de\/cms\/wp-content\/uploads\/2021\/02\/Heilwolle_strang_im_sack_IMG_9545-768x768.jpg 768w, https:\/\/www.walhalla-lamm.de\/cms\/wp-content\/uploads\/2021\/02\/Heilwolle_strang_im_sack_IMG_9545-600x600.jpg 600w, https:\/\/www.walhalla-lamm.de\/cms\/wp-content\/uploads\/2021\/02\/Heilwolle_strang_im_sack_IMG_9545-100x100.jpg 100w, https:\/\/www.walhalla-lamm.de\/cms\/wp-content\/uploads\/2021\/02\/Heilwolle_strang_im_sack_IMG_9545-50x50.jpg 50w, https:\/\/www.walhalla-lamm.de\/cms\/wp-content\/uploads\/2021\/02\/Heilwolle_strang_im_sack_IMG_9545.jpg 1200w\" data-sizes=\"(max-width: 300px) 100vw, 300px\" src=\"data:image\/svg+xml;base64,PHN2ZyB3aWR0aD0iMSIgaGVpZ2h0PSIxIiB4bWxucz0iaHR0cDovL3d3dy53My5vcmcvMjAwMC9zdmciPjwvc3ZnPg==\" style=\"--smush-placeholder-width: 300px; --smush-placeholder-aspect-ratio: 300\/300;\" \/><figcaption id=\"caption-attachment-6650\" class=\"wp-caption-text\">Heilwolle ganzer Strang im Sack<\/figcaption><\/figure>\n<figure id=\"attachment_6651\" aria-describedby=\"caption-attachment-6651\" style=\"width: 300px\" class=\"wp-caption alignnone\"><img decoding=\"async\" class=\"size-medium wp-image-6651 lazyload\" data-src=\"https:\/\/www.walhalla-lamm.de\/cms\/wp-content\/uploads\/2021\/02\/Heilwolle_strang_im_sack_IMG_9546-300x300.jpg\" alt=\"Heilwolle Strang im Sack von oben\" width=\"300\" height=\"300\" data-srcset=\"https:\/\/www.walhalla-lamm.de\/cms\/wp-content\/uploads\/2021\/02\/Heilwolle_strang_im_sack_IMG_9546-300x300.jpg 300w, https:\/\/www.walhalla-lamm.de\/cms\/wp-content\/uploads\/2021\/02\/Heilwolle_strang_im_sack_IMG_9546-1024x1024.jpg 1024w, https:\/\/www.walhalla-lamm.de\/cms\/wp-content\/uploads\/2021\/02\/Heilwolle_strang_im_sack_IMG_9546-150x150.jpg 150w, https:\/\/www.walhalla-lamm.de\/cms\/wp-content\/uploads\/2021\/02\/Heilwolle_strang_im_sack_IMG_9546-768x768.jpg 768w, https:\/\/www.walhalla-lamm.de\/cms\/wp-content\/uploads\/2021\/02\/Heilwolle_strang_im_sack_IMG_9546-600x600.jpg 600w, https:\/\/www.walhalla-lamm.de\/cms\/wp-content\/uploads\/2021\/02\/Heilwolle_strang_im_sack_IMG_9546-100x100.jpg 100w, https:\/\/www.walhalla-lamm.de\/cms\/wp-content\/uploads\/2021\/02\/Heilwolle_strang_im_sack_IMG_9546-50x50.jpg 50w, https:\/\/www.walhalla-lamm.de\/cms\/wp-content\/uploads\/2021\/02\/Heilwolle_strang_im_sack_IMG_9546.jpg 1200w\" data-sizes=\"(max-width: 300px) 100vw, 300px\" src=\"data:image\/svg+xml;base64,PHN2ZyB3aWR0aD0iMSIgaGVpZ2h0PSIxIiB4bWxucz0iaHR0cDovL3d3dy53My5vcmcvMjAwMC9zdmciPjwvc3ZnPg==\" style=\"--smush-placeholder-width: 300px; --smush-placeholder-aspect-ratio: 300\/300;\" \/><figcaption id=\"caption-attachment-6651\" class=\"wp-caption-text\">Heilwolle Strang im Sack von oben<\/figcaption><\/figure>\n<p>Einen informativen Beitrag \u00fcber Heilwolle finden Sie auf der Seite der\u00a0<a href=\"https:\/\/www.apotheken-umschau.de\/Alternative-Medizin\/Unbehandelte-Wolle-als-Hausmittel-553713.html\" target=\"_blank\" rel=\"noopener\">Apotheken-Umschau<\/a>.<\/p>\n<p>&nbsp;<\/p>\n","protected":false},"excerpt":{"rendered":"<p>Das ABC-Pflaster aus der Natur Unsere wohltuende nat\u00fcrliche Fettwolle von heimischen Merino-Schafen hilft bei: wundem Kinderpopo entz\u00fcndeten Brustwarzen Hals- und Ohrenschmerzen Rheuma Gelenk- und Gliederschmerzen Hautirritationen Bronchitis uvm. Heilwolle ist ein altbew\u00e4hrtes Mittel, denen es enth\u00e4lt das nat\u00fcrliche tiereigene Wollfett, das sogenannte Lanolin, welches gr\u00f6\u00dfte Heilwirkung besitzt. Nach uralten \u00dcberlieferungen und neuesten Erkenntnissen der Forschung [&hellip;]<\/p>\n","protected":false},"featured_media":6031,"comment_status":"closed","ping_status":"closed","template":"","meta":[],"product_brand":[],"product_cat":[72,71],"product_tag":[],"class_list":{"0":"post-2486","1":"product","2":"type-product","3":"status-publish","4":"has-post-thumbnail","6":"product_cat-fellprodukte","7":"product_cat-schafwoll-strickwolle","9":"first","10":"instock","11":"taxable","12":"shipping-taxable","13":"purchasable","14":"product-type-simple"},"_links":{"self":[{"href":"https:\/\/www.walhalla-lamm.de\/cms\/wp-json\/wp\/v2\/product\/2486","targetHints":{"allow":["GET"]}}],"collection":[{"href":"https:\/\/www.walhalla-lamm.de\/cms\/wp-json\/wp\/v2\/product"}],"about":[{"href":"https:\/\/www.walhalla-lamm.de\/cms\/wp-json\/wp\/v2\/types\/product"}],"replies":[{"embeddable":true,"href":"https:\/\/www.walhalla-lamm.de\/cms\/wp-json\/wp\/v2\/comments?post=2486"}],"wp:featuredmedia":[{"embeddable":true,"href":"https:\/\/www.walhalla-lamm.de\/cms\/wp-json\/wp\/v2\/media\/6031"}],"wp:attachment":[{"href":"https:\/\/www.walhalla-lamm.de\/cms\/wp-json\/wp\/v2\/media?parent=2486"}],"wp:term":[{"taxonomy":"product_brand","embeddable":true,"href":"https:\/\/www.walhalla-lamm.de\/cms\/wp-json\/wp\/v2\/product_brand?post=2486"},{"taxonomy":"product_cat","embeddable":true,"href":"https:\/\/www.walhalla-lamm.de\/cms\/wp-json\/wp\/v2\/product_cat?post=2486"},{"taxonomy":"product_tag","embeddable":true,"href":"https:\/\/www.walhalla-lamm.de\/cms\/wp-json\/wp\/v2\/product_tag?post=2486"}],"curies":[{"name":"wp","href":"https:\/\/api.w.org\/{rel}","templated":true}]}}