{"id":2489,"date":"2021-02-12T19:01:01","date_gmt":"2021-02-12T18:01:01","guid":{"rendered":"http:\/\/www.walhalla-lamm.de\/cms\/?post_type=product&#038;p=2489"},"modified":"2025-06-02T18:22:44","modified_gmt":"2025-06-02T16:22:44","slug":"badebuerste-massagebuerste-mit-kurzem-stiel-30-cm","status":"publish","type":"product","link":"https:\/\/www.walhalla-lamm.de\/cms\/shop\/buersten\/badebuerste-massagebuerste-mit-kurzem-stiel-30-cm\/","title":{"rendered":"Badeb\u00fcrste \/ Massageb\u00fcrste mit kurzem Stiel (30 cm)"},"content":{"rendered":"<p><span class=\"a-list-item\">F\u00fcr eine angenehme Massage w\u00e4hrend des Badens oder Duschens<\/span><\/p>\n<p>Hohen Komfort bietet diese Badeb\u00fcrste mit dem langen Stiel und sorgt daf\u00fcr, dass Sie auch schwierige Stellen am R\u00fccken problemlos erreichen.<\/p>\n<p>Egal ob in der Wanne f\u00fcr eine Wohlf\u00fchlmassage, zur effizienten Reinigung unter der Dusche oder als Trockenmassage zur Hautpflege: Diese Badeb\u00fcrste mit einem Besatz aus mittelharten Naturborsten ist eine Wohltat f\u00fcr K\u00f6rper und Seele, strafft die Haut und regt den Kreislauf an.<\/p>\n<p>Gewachstes Buchenholz mit heller Borste<\/p>\n<p>Gr\u00f6\u00dfe: 30 x 7 cm<\/p>\n<p>&nbsp;<\/p>\n<p>&nbsp;<\/p>\n","protected":false},"excerpt":{"rendered":"<p>F\u00fcr eine angenehme Massage w\u00e4hrend des Badens oder Duschens Hohen Komfort bietet diese Badeb\u00fcrste mit dem langen Stiel und sorgt daf\u00fcr, dass Sie auch schwierige Stellen am R\u00fccken problemlos erreichen. Egal ob in der Wanne f\u00fcr eine Wohlf\u00fchlmassage, zur effizienten Reinigung unter der Dusche oder als Trockenmassage zur Hautpflege: Diese Badeb\u00fcrste mit einem Besatz aus [&hellip;]<\/p>\n","protected":false},"featured_media":6043,"comment_status":"closed","ping_status":"closed","template":"","meta":[],"product_brand":[],"product_cat":[224],"product_tag":[],"class_list":{"0":"post-2489","1":"product","2":"type-product","3":"status-publish","4":"has-post-thumbnail","6":"product_cat-buersten","8":"first","9":"instock","10":"taxable","11":"shipping-taxable","12":"purchasable","13":"product-type-simple"},"_links":{"self":[{"href":"https:\/\/www.walhalla-lamm.de\/cms\/wp-json\/wp\/v2\/product\/2489","targetHints":{"allow":["GET"]}}],"collection":[{"href":"https:\/\/www.walhalla-lamm.de\/cms\/wp-json\/wp\/v2\/product"}],"about":[{"href":"https:\/\/www.walhalla-lamm.de\/cms\/wp-json\/wp\/v2\/types\/product"}],"replies":[{"embeddable":true,"href":"https:\/\/www.walhalla-lamm.de\/cms\/wp-json\/wp\/v2\/comments?post=2489"}],"wp:featuredmedia":[{"embeddable":true,"href":"https:\/\/www.walhalla-lamm.de\/cms\/wp-json\/wp\/v2\/media\/6043"}],"wp:attachment":[{"href":"https:\/\/www.walhalla-lamm.de\/cms\/wp-json\/wp\/v2\/media?parent=2489"}],"wp:term":[{"taxonomy":"product_brand","embeddable":true,"href":"https:\/\/www.walhalla-lamm.de\/cms\/wp-json\/wp\/v2\/product_brand?post=2489"},{"taxonomy":"product_cat","embeddable":true,"href":"https:\/\/www.walhalla-lamm.de\/cms\/wp-json\/wp\/v2\/product_cat?post=2489"},{"taxonomy":"product_tag","embeddable":true,"href":"https:\/\/www.walhalla-lamm.de\/cms\/wp-json\/wp\/v2\/product_tag?post=2489"}],"curies":[{"name":"wp","href":"https:\/\/api.w.org\/{rel}","templated":true}]}}