{"id":2493,"date":"2021-02-12T19:04:31","date_gmt":"2021-02-12T18:04:31","guid":{"rendered":"http:\/\/www.walhalla-lamm.de\/cms\/?post_type=product&#038;p=2493"},"modified":"2026-03-28T17:48:29","modified_gmt":"2026-03-28T16:48:29","slug":"badebuerste-mit-langem-stiel-50-cm","status":"publish","type":"product","link":"https:\/\/www.walhalla-lamm.de\/cms\/shop\/buersten\/badebuerste-mit-langem-stiel-50-cm\/","title":{"rendered":"Badeb\u00fcrste mit langem Stiel (50 cm)"},"content":{"rendered":"<p><span class=\"a-list-item\">F\u00fcr eine angenehme Massage w\u00e4hrend des Badens oder Duschens<\/span><\/p>\n<p>Hohen Komfort bietet diese Badeb\u00fcrste mit dem extra langen Stiel und sorgt daf\u00fcr, dass Sie auch schwierige Stellen am R\u00fccken problemlos erreichen. Insbesondere gro\u00dfgewachsene Menschen wissen die L\u00e4nge dieser Massageb\u00fcrste von 50 cm zu sch\u00e4tzen!<\/p>\n<p>Egal ob in der Wanne f\u00fcr eine Wohlf\u00fchlmassage, zur effizienten Reinigung unter der Dusche oder als Trockenmassage zur Hautpflege: Diese Badeb\u00fcrste mit einem Besatz aus mittelharten Naturborsten ist eine Wohltat f\u00fcr K\u00f6rper und Seele, strafft die Haut und regt den Kreislauf an.<\/p>\n<p>Am Griffende befindet sich eine praktisch Baumwollkordel zum Aufh\u00e4ngen und Trocknen nach der Benutzung.<\/p>\n<p>Ge\u00f6ltes Buchenholz mit Fibre<\/p>\n<p>Gr\u00f6\u00dfe: 50 x 7 cm<\/p>\n<p>&nbsp;<\/p>\n","protected":false},"excerpt":{"rendered":"<p>F\u00fcr eine angenehme Massage w\u00e4hrend des Badens oder Duschens Hohen Komfort bietet diese Badeb\u00fcrste mit dem extra langen Stiel und sorgt daf\u00fcr, dass Sie auch schwierige Stellen am R\u00fccken problemlos erreichen. Insbesondere gro\u00dfgewachsene Menschen wissen die L\u00e4nge dieser Massageb\u00fcrste von 50 cm zu sch\u00e4tzen! Egal ob in der Wanne f\u00fcr eine Wohlf\u00fchlmassage, zur effizienten Reinigung [&hellip;]<\/p>\n","protected":false},"featured_media":6056,"comment_status":"closed","ping_status":"closed","template":"","meta":[],"product_brand":[],"product_cat":[224],"product_tag":[],"class_list":{"0":"post-2493","1":"product","2":"type-product","3":"status-publish","4":"has-post-thumbnail","6":"product_cat-buersten","8":"first","9":"outofstock","10":"taxable","11":"shipping-taxable","12":"purchasable","13":"product-type-simple"},"_links":{"self":[{"href":"https:\/\/www.walhalla-lamm.de\/cms\/wp-json\/wp\/v2\/product\/2493","targetHints":{"allow":["GET"]}}],"collection":[{"href":"https:\/\/www.walhalla-lamm.de\/cms\/wp-json\/wp\/v2\/product"}],"about":[{"href":"https:\/\/www.walhalla-lamm.de\/cms\/wp-json\/wp\/v2\/types\/product"}],"replies":[{"embeddable":true,"href":"https:\/\/www.walhalla-lamm.de\/cms\/wp-json\/wp\/v2\/comments?post=2493"}],"wp:featuredmedia":[{"embeddable":true,"href":"https:\/\/www.walhalla-lamm.de\/cms\/wp-json\/wp\/v2\/media\/6056"}],"wp:attachment":[{"href":"https:\/\/www.walhalla-lamm.de\/cms\/wp-json\/wp\/v2\/media?parent=2493"}],"wp:term":[{"taxonomy":"product_brand","embeddable":true,"href":"https:\/\/www.walhalla-lamm.de\/cms\/wp-json\/wp\/v2\/product_brand?post=2493"},{"taxonomy":"product_cat","embeddable":true,"href":"https:\/\/www.walhalla-lamm.de\/cms\/wp-json\/wp\/v2\/product_cat?post=2493"},{"taxonomy":"product_tag","embeddable":true,"href":"https:\/\/www.walhalla-lamm.de\/cms\/wp-json\/wp\/v2\/product_tag?post=2493"}],"curies":[{"name":"wp","href":"https:\/\/api.w.org\/{rel}","templated":true}]}}