{"id":2502,"date":"2021-02-12T19:39:26","date_gmt":"2021-02-12T18:39:26","guid":{"rendered":"http:\/\/www.walhalla-lamm.de\/cms\/?post_type=product&#038;p=2502"},"modified":"2026-03-30T15:15:03","modified_gmt":"2026-03-30T13:15:03","slug":"zedernholz-kleiderbuegel-scheiben-10-stueck","status":"publish","type":"product","link":"https:\/\/www.walhalla-lamm.de\/cms\/shop\/fellprodukte\/zedernholz-kleiderbuegel-scheiben-10-stueck\/","title":{"rendered":"Zedernholz Kleiderb\u00fcgel-Scheiben (10 St\u00fcck)"},"content":{"rendered":"<p>Natu\u0308rlicher Mottenschutz ohne Chemie!<\/p>\n<p>Das fu\u0308r Menschen sehr angenehm riechende Holz der amerikanischen Rot-Zeder ist fu\u0308r Motten unertr\u00e4glich.<\/p>\n<p>Mit Zedernholzartikeln k\u00f6nnen Sie Ihren Kleiderschrank mottenfrei halten. H\u00e4ngen Sie 2 &#8211; 5 Zedernstu\u0308cke pro Schrank frei auf, so dass sie nicht von Kleidungsstu\u0308cken bedeckt werden.<\/p>\n<p>Die runden Scheiben mit einem Loch in der Mitte lassen sich ganz einfach auf den Haken des Kleiderb\u00fcgels aufsetzen. So bleiben Ihre Kleidungsst\u00fccke von den ungeliebten Faltern verschont. Wenn der Duft nachl\u00e4sst, rauen Sie das Holz einfach leicht mit Sandpapier an.<\/p>\n<p>Langlebig und praktisch!<\/p>\n<p>Diese Art von Mottenschutz ist absolut umweltvertr\u00e4glich, da die amerikanische Rot-Zeder nicht zu den gef\u00e4hrdeten Arten geh\u00f6rt und staatlich kontrolliert gepflanzt wird.<\/p>\n<p>Unbehandeltes Rot-Zeder-Holz<\/p>\n<p>Gr\u00f6\u00dfe: Durchmesser 4,5 cm \/ 10 Scheiben im Set<\/p>\n","protected":false},"excerpt":{"rendered":"<p>Natu\u0308rlicher Mottenschutz ohne Chemie! Das fu\u0308r Menschen sehr angenehm riechende Holz der amerikanischen Rot-Zeder ist fu\u0308r Motten unertr\u00e4glich. Mit Zedernholzartikeln k\u00f6nnen Sie Ihren Kleiderschrank mottenfrei halten. H\u00e4ngen Sie 2 &#8211; 5 Zedernstu\u0308cke pro Schrank frei auf, so dass sie nicht von Kleidungsstu\u0308cken bedeckt werden. Die runden Scheiben mit einem Loch in der Mitte lassen sich [&hellip;]<\/p>\n","protected":false},"featured_media":5608,"comment_status":"closed","ping_status":"closed","template":"","meta":[],"product_brand":[],"product_cat":[72,234,71],"product_tag":[],"class_list":{"0":"post-2502","1":"product","2":"type-product","3":"status-publish","4":"has-post-thumbnail","6":"product_cat-fellprodukte","7":"product_cat-repellent","8":"product_cat-schafwoll-strickwolle","10":"first","11":"onbackorder","12":"taxable","13":"shipping-taxable","14":"purchasable","15":"product-type-simple"},"_links":{"self":[{"href":"https:\/\/www.walhalla-lamm.de\/cms\/wp-json\/wp\/v2\/product\/2502","targetHints":{"allow":["GET"]}}],"collection":[{"href":"https:\/\/www.walhalla-lamm.de\/cms\/wp-json\/wp\/v2\/product"}],"about":[{"href":"https:\/\/www.walhalla-lamm.de\/cms\/wp-json\/wp\/v2\/types\/product"}],"replies":[{"embeddable":true,"href":"https:\/\/www.walhalla-lamm.de\/cms\/wp-json\/wp\/v2\/comments?post=2502"}],"wp:featuredmedia":[{"embeddable":true,"href":"https:\/\/www.walhalla-lamm.de\/cms\/wp-json\/wp\/v2\/media\/5608"}],"wp:attachment":[{"href":"https:\/\/www.walhalla-lamm.de\/cms\/wp-json\/wp\/v2\/media?parent=2502"}],"wp:term":[{"taxonomy":"product_brand","embeddable":true,"href":"https:\/\/www.walhalla-lamm.de\/cms\/wp-json\/wp\/v2\/product_brand?post=2502"},{"taxonomy":"product_cat","embeddable":true,"href":"https:\/\/www.walhalla-lamm.de\/cms\/wp-json\/wp\/v2\/product_cat?post=2502"},{"taxonomy":"product_tag","embeddable":true,"href":"https:\/\/www.walhalla-lamm.de\/cms\/wp-json\/wp\/v2\/product_tag?post=2502"}],"curies":[{"name":"wp","href":"https:\/\/api.w.org\/{rel}","templated":true}]}}