{"id":254,"date":"2020-04-14T10:50:34","date_gmt":"2020-04-14T08:50:34","guid":{"rendered":"http:\/\/www.walhalla-lamm.de\/cms\/?post_type=product&#038;p=254"},"modified":"2026-04-17T23:51:56","modified_gmt":"2026-04-17T21:51:56","slug":"haarseife-handgeschoepft","status":"publish","type":"product","link":"https:\/\/www.walhalla-lamm.de\/cms\/shop\/seife-kosmetik\/spezialseifen\/haarseife-handgeschoepft\/","title":{"rendered":"Haarseife mit Lanolin, handgesch\u00f6pft"},"content":{"rendered":"<p>Nachhaltig und plastikfrei Haare waschen.<\/p>\n<p>Auf Basis von Kokos- und Oliven\u00f6l, angereichert mit Mandel\u00f6l und Sheabutter, pflegt diese Haarseife optimal Ihre Haare und macht sie geschmeidig. Wertvolles Rosmarin\u00f6l gibt der Seife einen angenehmen Duft und erfrischt die Kopfhaut beim Waschen und Lanolin rundet die Pflegewirkung auf nat\u00fcrliche Weise wunderbar ab.<\/p>\n<p>Zum Waschen der Haare einfach die Seife zwischen den Handfl\u00e4chen aufsch\u00e4umen, mit den Fingerspitzen vom Ansatz aus einmassieren, kurz einwirken lassen, gr\u00fcndlich aussp\u00fclen. Bei kurzen Haaren k\u00f6nnen Sie mit dem Seifenst\u00fcck auch direkt \u00fcber der nassen Kopf 3-4mal fahren und anschlie\u00dfend Ihr Haar aufsch\u00e4umen.<\/p>\n<p>Nach der Anwendung sollte die Haarseife wieder richtig abtrocknen, damit Sie lange Freude an ihr haben und sie ihre Ergiebigkeit entfalten kann. Am besten nutzt man hier einen Travertin-Seifenstein.<\/p>\n<p>Unsere Seifen werden bei der Herstellung schonend kaltger\u00fchrt. Bei der Verseifung entsteht das nat\u00fcrliche Glyzerin, welches erhalten bleibt und diese Seife durch ihre sanfte und hautschonende Pflege mit einem milden Seifenschaum auszeichnet.<\/p>\n<p>Unsere Haarseife ist handgesch\u00f6pft und <strong>ohne Palm\u00f6l und Farbstoffe<\/strong> hergestellt.<\/p>\n","protected":false},"excerpt":{"rendered":"<p>Nachhaltig und plastikfrei Haare waschen. Auf Basis von Kokos- und Oliven\u00f6l, angereichert mit Mandel\u00f6l und Sheabutter, pflegt diese Haarseife optimal Ihre Haare und macht sie geschmeidig. Wertvolles Rosmarin\u00f6l gibt der Seife einen angenehmen Duft und erfrischt die Kopfhaut beim Waschen und Lanolin rundet die Pflegewirkung auf nat\u00fcrliche Weise wunderbar ab. Zum Waschen der Haare einfach [&hellip;]<\/p>\n","protected":false},"featured_media":3804,"comment_status":"closed","ping_status":"closed","template":"","meta":[],"product_brand":[],"product_cat":[43],"product_tag":[],"class_list":{"0":"post-254","1":"product","2":"type-product","3":"status-publish","4":"has-post-thumbnail","6":"product_cat-spezialseifen","8":"first","9":"instock","10":"taxable","11":"shipping-taxable","12":"purchasable","13":"product-type-simple"},"_links":{"self":[{"href":"https:\/\/www.walhalla-lamm.de\/cms\/wp-json\/wp\/v2\/product\/254","targetHints":{"allow":["GET"]}}],"collection":[{"href":"https:\/\/www.walhalla-lamm.de\/cms\/wp-json\/wp\/v2\/product"}],"about":[{"href":"https:\/\/www.walhalla-lamm.de\/cms\/wp-json\/wp\/v2\/types\/product"}],"replies":[{"embeddable":true,"href":"https:\/\/www.walhalla-lamm.de\/cms\/wp-json\/wp\/v2\/comments?post=254"}],"wp:featuredmedia":[{"embeddable":true,"href":"https:\/\/www.walhalla-lamm.de\/cms\/wp-json\/wp\/v2\/media\/3804"}],"wp:attachment":[{"href":"https:\/\/www.walhalla-lamm.de\/cms\/wp-json\/wp\/v2\/media?parent=254"}],"wp:term":[{"taxonomy":"product_brand","embeddable":true,"href":"https:\/\/www.walhalla-lamm.de\/cms\/wp-json\/wp\/v2\/product_brand?post=254"},{"taxonomy":"product_cat","embeddable":true,"href":"https:\/\/www.walhalla-lamm.de\/cms\/wp-json\/wp\/v2\/product_cat?post=254"},{"taxonomy":"product_tag","embeddable":true,"href":"https:\/\/www.walhalla-lamm.de\/cms\/wp-json\/wp\/v2\/product_tag?post=254"}],"curies":[{"name":"wp","href":"https:\/\/api.w.org\/{rel}","templated":true}]}}