{"id":258,"date":"2020-04-21T10:58:17","date_gmt":"2020-04-21T08:58:17","guid":{"rendered":"http:\/\/www.walhalla-lamm.de\/cms\/?post_type=product&#038;p=258"},"modified":"2026-02-21T17:29:20","modified_gmt":"2026-02-21T16:29:20","slug":"aktivkohleseife-handgeschoepft-kopie","status":"publish","type":"product","link":"https:\/\/www.walhalla-lamm.de\/cms\/shop\/seife-kosmetik\/spezialseifen\/aktivkohleseife-handgeschoepft-kopie\/","title":{"rendered":"Aktivkohleseife, handgesch\u00f6pft"},"content":{"rendered":"<p>Schwarz wie die Nacht ist diese nat\u00fcrlich, rein pflanzlichen Aktivkohle-Seife, die Eigenschaften einer entschlackenden und entgiftenden Detox-Kur f\u00fcr Gesicht und K\u00f6rper besitzt.<\/p>\n<p>Aktivkohle reinigt porentief, sie reguliert die Fettproduktion der Haut und absorbiert Talgablagerungen und Verunreinigungen. Sie wird auf Basis von hochwertigem Kokos- und Oliven\u00f6l hergestellt und ist mit wertvoller Sheabutter und nachhaltig pflegendem Mandel\u00f6l angereichert.<\/p>\n<p>Sie pflegt Ihre Haut hervorragend, versorgt sie mit Feuchtigkeit und gibt ihr einen samtigen Teint.<\/p>\n<p>Unsere Seifen werden bei der Herstellung schonend kaltger\u00fchrt. Bei der Verseifung entsteht das nat\u00fcrliche Glyzerin, welches erhalten bleibt und diese Seife durch ihre sanfte und hautschonende Pflege mit einem milden Seifenschaum auszeichnet.<\/p>\n<p>Unsere Aktivkohleseife ist handgesch\u00f6pft, <strong>ohne Palm\u00f6l, Farb- und Duftstoffe<\/strong>.<\/p>\n<p>&nbsp;<\/p>\n","protected":false},"excerpt":{"rendered":"<p>Schwarz wie die Nacht ist diese nat\u00fcrlich, rein pflanzlichen Aktivkohle-Seife, die Eigenschaften einer entschlackenden und entgiftenden Detox-Kur f\u00fcr Gesicht und K\u00f6rper besitzt. Aktivkohle reinigt porentief, sie reguliert die Fettproduktion der Haut und absorbiert Talgablagerungen und Verunreinigungen. Sie wird auf Basis von hochwertigem Kokos- und Oliven\u00f6l hergestellt und ist mit wertvoller Sheabutter und nachhaltig pflegendem Mandel\u00f6l [&hellip;]<\/p>\n","protected":false},"featured_media":4724,"comment_status":"closed","ping_status":"closed","template":"","meta":[],"product_brand":[],"product_cat":[43],"product_tag":[],"class_list":{"0":"post-258","1":"product","2":"type-product","3":"status-publish","4":"has-post-thumbnail","6":"product_cat-spezialseifen","8":"first","9":"instock","10":"taxable","11":"shipping-taxable","12":"purchasable","13":"product-type-simple"},"_links":{"self":[{"href":"https:\/\/www.walhalla-lamm.de\/cms\/wp-json\/wp\/v2\/product\/258","targetHints":{"allow":["GET"]}}],"collection":[{"href":"https:\/\/www.walhalla-lamm.de\/cms\/wp-json\/wp\/v2\/product"}],"about":[{"href":"https:\/\/www.walhalla-lamm.de\/cms\/wp-json\/wp\/v2\/types\/product"}],"replies":[{"embeddable":true,"href":"https:\/\/www.walhalla-lamm.de\/cms\/wp-json\/wp\/v2\/comments?post=258"}],"wp:featuredmedia":[{"embeddable":true,"href":"https:\/\/www.walhalla-lamm.de\/cms\/wp-json\/wp\/v2\/media\/4724"}],"wp:attachment":[{"href":"https:\/\/www.walhalla-lamm.de\/cms\/wp-json\/wp\/v2\/media?parent=258"}],"wp:term":[{"taxonomy":"product_brand","embeddable":true,"href":"https:\/\/www.walhalla-lamm.de\/cms\/wp-json\/wp\/v2\/product_brand?post=258"},{"taxonomy":"product_cat","embeddable":true,"href":"https:\/\/www.walhalla-lamm.de\/cms\/wp-json\/wp\/v2\/product_cat?post=258"},{"taxonomy":"product_tag","embeddable":true,"href":"https:\/\/www.walhalla-lamm.de\/cms\/wp-json\/wp\/v2\/product_tag?post=258"}],"curies":[{"name":"wp","href":"https:\/\/api.w.org\/{rel}","templated":true}]}}