{"id":261,"date":"2020-04-14T11:11:35","date_gmt":"2020-04-14T09:11:35","guid":{"rendered":"http:\/\/www.walhalla-lamm.de\/cms\/?post_type=product&#038;p=261"},"modified":"2026-04-15T10:56:00","modified_gmt":"2026-04-15T08:56:00","slug":"heilerdeseife-handgeschoepft","status":"publish","type":"product","link":"https:\/\/www.walhalla-lamm.de\/cms\/shop\/seife-kosmetik\/spezialseifen\/heilerdeseife-handgeschoepft\/","title":{"rendered":"Heilerdeseife handgesch\u00f6pft palm\u00f6lfrei"},"content":{"rendered":"<p>Diese Heilerdeseife ist reich an Mineralien.<\/p>\n<p>Heilerde bindet Fett und Bakterien und f\u00f6rdert somit die Wundheilung. Bestens geeignet zur unterst\u00fctzenden Behandlung und Reinigung bei Akne, Neurodermitis, Sonnenbrand und Insektenstichen.<\/p>\n<p>Ihren angenehmen Duft erh\u00e4lt sie durch die Zugabe von hochwertigem Patchouli- und Orangen\u00f6l.<\/p>\n<p>Unsere Seifen werden bei der Herstellung schonend kaltger\u00fchrt. Bei der Verseifung entsteht das nat\u00fcrliche Glyzerin, welches erhalten bleibt und diese Seife durch ihre sanfte und hautschonende Pflege mit einem milden Seifenschaum auszeichnet.<\/p>\n<p>Die Seife ist handgesch\u00f6pft und wurde <strong>ohne Palm\u00f6l<\/strong> und Farbstoffe hergestellt.<\/p>\n","protected":false},"excerpt":{"rendered":"<p>Diese Heilerdeseife ist reich an Mineralien. Heilerde bindet Fett und Bakterien und f\u00f6rdert somit die Wundheilung. Bestens geeignet zur unterst\u00fctzenden Behandlung und Reinigung bei Akne, Neurodermitis, Sonnenbrand und Insektenstichen. Ihren angenehmen Duft erh\u00e4lt sie durch die Zugabe von hochwertigem Patchouli- und Orangen\u00f6l. Unsere Seifen werden bei der Herstellung schonend kaltger\u00fchrt. Bei der Verseifung entsteht das [&hellip;]<\/p>\n","protected":false},"featured_media":3807,"comment_status":"closed","ping_status":"closed","template":"","meta":[],"product_brand":[],"product_cat":[43],"product_tag":[],"class_list":{"0":"post-261","1":"product","2":"type-product","3":"status-publish","4":"has-post-thumbnail","6":"product_cat-spezialseifen","8":"first","9":"instock","10":"taxable","11":"shipping-taxable","12":"purchasable","13":"product-type-simple"},"_links":{"self":[{"href":"https:\/\/www.walhalla-lamm.de\/cms\/wp-json\/wp\/v2\/product\/261","targetHints":{"allow":["GET"]}}],"collection":[{"href":"https:\/\/www.walhalla-lamm.de\/cms\/wp-json\/wp\/v2\/product"}],"about":[{"href":"https:\/\/www.walhalla-lamm.de\/cms\/wp-json\/wp\/v2\/types\/product"}],"replies":[{"embeddable":true,"href":"https:\/\/www.walhalla-lamm.de\/cms\/wp-json\/wp\/v2\/comments?post=261"}],"wp:featuredmedia":[{"embeddable":true,"href":"https:\/\/www.walhalla-lamm.de\/cms\/wp-json\/wp\/v2\/media\/3807"}],"wp:attachment":[{"href":"https:\/\/www.walhalla-lamm.de\/cms\/wp-json\/wp\/v2\/media?parent=261"}],"wp:term":[{"taxonomy":"product_brand","embeddable":true,"href":"https:\/\/www.walhalla-lamm.de\/cms\/wp-json\/wp\/v2\/product_brand?post=261"},{"taxonomy":"product_cat","embeddable":true,"href":"https:\/\/www.walhalla-lamm.de\/cms\/wp-json\/wp\/v2\/product_cat?post=261"},{"taxonomy":"product_tag","embeddable":true,"href":"https:\/\/www.walhalla-lamm.de\/cms\/wp-json\/wp\/v2\/product_tag?post=261"}],"curies":[{"name":"wp","href":"https:\/\/api.w.org\/{rel}","templated":true}]}}