{"id":299,"date":"2020-04-15T09:14:02","date_gmt":"2020-04-15T07:14:02","guid":{"rendered":"http:\/\/www.walhalla-lamm.de\/cms\/?post_type=product&#038;p=299"},"modified":"2026-03-23T11:01:55","modified_gmt":"2026-03-23T10:01:55","slug":"seifenschale-aluminium-mit-abtropfgitter","status":"publish","type":"product","link":"https:\/\/www.walhalla-lamm.de\/cms\/shop\/kosmetikzubehoer\/seifenschale-aluminium-mit-abtropfgitter\/","title":{"rendered":"Seifendose Aluminium mit Abtropfgitter"},"content":{"rendered":"<p>Unsere Seifendose sorgt durch ein Abtropfgitter f\u00fcr die trockene Aufbewahrung Ihrer Seife, da die Feuchtigkeit nach unten abflie\u00dfen kann. Da die Dose aus Aluminium besteht, l\u00e4sst sie sich sehr gut reinigen.<\/p>\n<p>Ideal f\u00fcr unterwegs um Ihre &#8220;Duschseife&#8221; auf Reisen, in die Sauna oder ins Schwimmbad mitzunehmen.<\/p>\n<p>Gr\u00f6\u00dfe: 9 x 7,5 cm<\/p>\n<p>&nbsp;<\/p>\n","protected":false},"excerpt":{"rendered":"<p>Unsere Seifendose sorgt durch ein Abtropfgitter f\u00fcr die trockene Aufbewahrung Ihrer Seife, da die Feuchtigkeit nach unten abflie\u00dfen kann. Da die Dose aus Aluminium besteht, l\u00e4sst sie sich sehr gut reinigen. Ideal f\u00fcr unterwegs um Ihre &#8220;Duschseife&#8221; auf Reisen, in die Sauna oder ins Schwimmbad mitzunehmen. Gr\u00f6\u00dfe: 9 x 7,5 cm &nbsp;<\/p>\n","protected":false},"featured_media":3810,"comment_status":"closed","ping_status":"closed","template":"","meta":[],"product_brand":[],"product_cat":[42],"product_tag":[],"class_list":{"0":"post-299","1":"product","2":"type-product","3":"status-publish","4":"has-post-thumbnail","6":"product_cat-kosmetikzubehoer","8":"first","9":"instock","10":"taxable","11":"shipping-taxable","12":"purchasable","13":"product-type-simple"},"_links":{"self":[{"href":"https:\/\/www.walhalla-lamm.de\/cms\/wp-json\/wp\/v2\/product\/299","targetHints":{"allow":["GET"]}}],"collection":[{"href":"https:\/\/www.walhalla-lamm.de\/cms\/wp-json\/wp\/v2\/product"}],"about":[{"href":"https:\/\/www.walhalla-lamm.de\/cms\/wp-json\/wp\/v2\/types\/product"}],"replies":[{"embeddable":true,"href":"https:\/\/www.walhalla-lamm.de\/cms\/wp-json\/wp\/v2\/comments?post=299"}],"wp:featuredmedia":[{"embeddable":true,"href":"https:\/\/www.walhalla-lamm.de\/cms\/wp-json\/wp\/v2\/media\/3810"}],"wp:attachment":[{"href":"https:\/\/www.walhalla-lamm.de\/cms\/wp-json\/wp\/v2\/media?parent=299"}],"wp:term":[{"taxonomy":"product_brand","embeddable":true,"href":"https:\/\/www.walhalla-lamm.de\/cms\/wp-json\/wp\/v2\/product_brand?post=299"},{"taxonomy":"product_cat","embeddable":true,"href":"https:\/\/www.walhalla-lamm.de\/cms\/wp-json\/wp\/v2\/product_cat?post=299"},{"taxonomy":"product_tag","embeddable":true,"href":"https:\/\/www.walhalla-lamm.de\/cms\/wp-json\/wp\/v2\/product_tag?post=299"}],"curies":[{"name":"wp","href":"https:\/\/api.w.org\/{rel}","templated":true}]}}