{"id":3224,"date":"2022-01-07T12:48:07","date_gmt":"2022-01-07T11:48:07","guid":{"rendered":"http:\/\/www.walhalla-lamm.de\/cms\/?post_type=product&#038;p=3224"},"modified":"2025-11-16T07:37:58","modified_gmt":"2025-11-16T06:37:58","slug":"schafwoll-kuscheltier-schlenker-baer","status":"publish","type":"product","link":"https:\/\/www.walhalla-lamm.de\/cms\/shop\/schafwoll-kuscheltiere\/schafwoll-kuscheltier-schlenker-baer\/","title":{"rendered":"Schafwoll-Kuscheltier Schlenker-B\u00e4r"},"content":{"rendered":"<p>Schafwoll-Kuscheltier Schlenker-B\u00e4r, aus 100%iger, reiner Schafwolle ohne Kunstfasern und nat\u00fcrlich farbecht <strong>in Bayern<\/strong> hergestellt und mit Schurwolle weich gef\u00fcllt.<\/p>\n<p>Die langen Arme und Beine des gro\u00dfen Teddyb\u00e4rs laden zum Kuscheln und Liebhaben geradezu ein.<\/p>\n<p>Es gibt zwei Farben zur Auswahl, die Sie durch anklicken der Farbe w\u00e4hlen.<\/p>\n<p>Frei von Giftstoffen, mit Sicherheitsaugen, schwer entflammbar, speichelecht und CE-zertifiziert.<\/p>\n","protected":false},"excerpt":{"rendered":"<p>Der Schlenker-B\u00e4r ist ca. 47 cm lang (Beine 17 cm, Rumpf 16 cm, Kopf 13cm), 44 cm breit (je 15 cm Arme, 14 cm Rumpf)\u00a0 und 15 cm &#8220;dick&#8221; und in braun und naturwei\u00df erh\u00e4ltlich.<\/p>\n","protected":false},"featured_media":6737,"comment_status":"closed","ping_status":"closed","template":"","meta":[],"product_brand":[],"product_cat":[45],"product_tag":[],"class_list":{"0":"post-3224","1":"product","2":"type-product","3":"status-publish","4":"has-post-thumbnail","6":"product_cat-schafwoll-kuscheltiere","8":"first","9":"instock","10":"taxable","11":"shipping-taxable","12":"purchasable","13":"product-type-variable"},"_links":{"self":[{"href":"https:\/\/www.walhalla-lamm.de\/cms\/wp-json\/wp\/v2\/product\/3224","targetHints":{"allow":["GET"]}}],"collection":[{"href":"https:\/\/www.walhalla-lamm.de\/cms\/wp-json\/wp\/v2\/product"}],"about":[{"href":"https:\/\/www.walhalla-lamm.de\/cms\/wp-json\/wp\/v2\/types\/product"}],"replies":[{"embeddable":true,"href":"https:\/\/www.walhalla-lamm.de\/cms\/wp-json\/wp\/v2\/comments?post=3224"}],"wp:featuredmedia":[{"embeddable":true,"href":"https:\/\/www.walhalla-lamm.de\/cms\/wp-json\/wp\/v2\/media\/6737"}],"wp:attachment":[{"href":"https:\/\/www.walhalla-lamm.de\/cms\/wp-json\/wp\/v2\/media?parent=3224"}],"wp:term":[{"taxonomy":"product_brand","embeddable":true,"href":"https:\/\/www.walhalla-lamm.de\/cms\/wp-json\/wp\/v2\/product_brand?post=3224"},{"taxonomy":"product_cat","embeddable":true,"href":"https:\/\/www.walhalla-lamm.de\/cms\/wp-json\/wp\/v2\/product_cat?post=3224"},{"taxonomy":"product_tag","embeddable":true,"href":"https:\/\/www.walhalla-lamm.de\/cms\/wp-json\/wp\/v2\/product_tag?post=3224"}],"curies":[{"name":"wp","href":"https:\/\/api.w.org\/{rel}","templated":true}]}}