{"id":3236,"date":"2022-01-10T15:13:03","date_gmt":"2022-01-10T14:13:03","guid":{"rendered":"http:\/\/www.walhalla-lamm.de\/cms\/?post_type=product&#038;p=3236"},"modified":"2025-07-29T21:51:39","modified_gmt":"2025-07-29T19:51:39","slug":"schafwoll-kuscheltier-pandabaer","status":"publish","type":"product","link":"https:\/\/www.walhalla-lamm.de\/cms\/shop\/schafwoll-kuscheltiere\/schafwoll-kuscheltier-pandabaer\/","title":{"rendered":"Schafwoll-Kuscheltier Pandab\u00e4r"},"content":{"rendered":"<p>Schafwoll-Kuscheltier Pandab\u00e4r, aus 100%iger, reiner Schafwolle ohne Kunstfasern und nat\u00fcrlich farbecht <strong>in Bayern<\/strong> hergestellt und mit Schurwolle weich gef\u00fcllt.<\/p>\n<p>Frei von Giftstoffen, mit Sicherheitsaugen, schwer entflammbar, speichelecht und CE-zertifiziert.<\/p>\n","protected":false},"excerpt":{"rendered":"<p>Der Waschb\u00e4r ist ca. 27 cm lang, 12 cm breit und 17 cm hoch.<\/p>\n","protected":false},"featured_media":6722,"comment_status":"closed","ping_status":"closed","template":"","meta":[],"product_brand":[],"product_cat":[45],"product_tag":[],"class_list":{"0":"post-3236","1":"product","2":"type-product","3":"status-publish","4":"has-post-thumbnail","6":"product_cat-schafwoll-kuscheltiere","8":"first","9":"onbackorder","10":"taxable","11":"shipping-taxable","12":"purchasable","13":"product-type-simple"},"_links":{"self":[{"href":"https:\/\/www.walhalla-lamm.de\/cms\/wp-json\/wp\/v2\/product\/3236","targetHints":{"allow":["GET"]}}],"collection":[{"href":"https:\/\/www.walhalla-lamm.de\/cms\/wp-json\/wp\/v2\/product"}],"about":[{"href":"https:\/\/www.walhalla-lamm.de\/cms\/wp-json\/wp\/v2\/types\/product"}],"replies":[{"embeddable":true,"href":"https:\/\/www.walhalla-lamm.de\/cms\/wp-json\/wp\/v2\/comments?post=3236"}],"wp:featuredmedia":[{"embeddable":true,"href":"https:\/\/www.walhalla-lamm.de\/cms\/wp-json\/wp\/v2\/media\/6722"}],"wp:attachment":[{"href":"https:\/\/www.walhalla-lamm.de\/cms\/wp-json\/wp\/v2\/media?parent=3236"}],"wp:term":[{"taxonomy":"product_brand","embeddable":true,"href":"https:\/\/www.walhalla-lamm.de\/cms\/wp-json\/wp\/v2\/product_brand?post=3236"},{"taxonomy":"product_cat","embeddable":true,"href":"https:\/\/www.walhalla-lamm.de\/cms\/wp-json\/wp\/v2\/product_cat?post=3236"},{"taxonomy":"product_tag","embeddable":true,"href":"https:\/\/www.walhalla-lamm.de\/cms\/wp-json\/wp\/v2\/product_tag?post=3236"}],"curies":[{"name":"wp","href":"https:\/\/api.w.org\/{rel}","templated":true}]}}