{"id":3276,"date":"2022-01-14T14:33:02","date_gmt":"2022-01-14T13:33:02","guid":{"rendered":"http:\/\/www.walhalla-lamm.de\/cms\/?post_type=product&#038;p=3276"},"modified":"2026-02-07T04:37:31","modified_gmt":"2026-02-07T03:37:31","slug":"schafwoll-nackenhoernchen-mit-lammkopf","status":"publish","type":"product","link":"https:\/\/www.walhalla-lamm.de\/cms\/shop\/schafwoll-kuscheltiere\/schafwoll-nackenhoernchen-mit-lammkopf\/","title":{"rendered":"Schafwoll-Nackenh\u00f6rnchen mit Lammkopf"},"content":{"rendered":"<p>Schafwoll-Nackenh\u00f6rnchen mit Lammkopf und angedeuteten Beinen und Schwanz, aus 100%iger, reiner Schafwolle ohne Kunstfasern und nat\u00fcrlich farbecht <strong>in Bayern<\/strong> hergestellt und mit Schurwolle weich gef\u00fcllt.<\/p>\n<p><span class=\"ILfuVd\"><span class=\"hgKElc\"><b>Nackenkissen<\/b> sind so konzipiert, dass sie den Raum zwischen Schulter und Kopf perfekt ausf\u00fcllen. So st\u00fctzen sie den Kopf, halten die Wirbels\u00e4ule gerade und entlasten die Muskeln in Schultern und Nacken.<\/span><\/span><\/p>\n<p>Das Nackenh\u00f6rnchen mit Wolle ist besonders gut im Nacken- und Halsbereich geeignet. Es ist eine angenehme, wohltuende und sanfte St\u00fctze, wo man keinen Druck versp\u00fcrt. Das H\u00f6rnchen wird auch gerne beim Lesen, Liegen und Fernseh schauen oder verreisen eingesetzt.<\/p>\n<p><strong>Was ist Wollflor?<\/strong><\/p>\n<p>Wollflor ist eine Meterware bei welcher Schafschurwolle (welche schonend gewaschen, gek\u00e4mmt und als Vlies verarbeitet wurde) in ein Gewebegeflecht eingearbeitet wird. Das Gewebegeflecht dient dabei nur als Tr\u00e4germaterial und ist weder zu sehen noch zu f\u00fchlen. Es ist in seiner Struktur so durchl\u00e4ssig und zur\u00fcckhaltend, dass die positiven Eigenschaften der Schafwolle erhalten bleiben.<\/p>\n<p><strong>Flor<\/strong> bezeichnet in der Textiltechnik Fasern, die aus dem Gewebe abstehen.<\/p>\n<p>&nbsp;<\/p>\n<p><strong>Pflegetipp:<\/strong><\/p>\n<p>&nbsp;<\/p>\n<p>Unsere Nackenh\u00f6rnchen-Bez\u00fcge (bitte vor dem Waschen die F\u00fcllung entnehmen) k\u00f6nnen in der Waschmaschine im Wollwaschgang bei 30\u00b0 C gewaschen werden. Verwenden Sie nach M\u00f6glichkeit ein r\u00fcckfettendes Wollwaschmittel, hier zu finden in der Kategorie Waschen.<\/p>\n<p>Es erh\u00e4lt die guten Eigenschaften von Schafwolle.<\/p>\n<p>Oft reicht es, Schafwollprodukte mit einem feuchten Tuch abzuwischen und zu l\u00fcften. Da Schafwolle antistatisch ist, nimmt sie den Schmutz nicht so schnell an. Der Pflegeaufwand ist gering.<\/p>\n<p>Frei von Giftstoffen, mit Sicherheitsaugen, schwer entflammbar, speichelecht und CE-zertifiziert.<\/p>\n","protected":false},"excerpt":{"rendered":"<p>Der Au\u00dfendurchmesser des Nackenh\u00f6rnchens betr\u00e4gt 36, der Innendurchmesser 12 cm. Der Kopf ist 9, die Ohren zusammen 10 cm breit.<\/p>\n","protected":false},"featured_media":6755,"comment_status":"closed","ping_status":"closed","template":"","meta":[],"product_brand":[],"product_cat":[45],"product_tag":[],"class_list":{"0":"post-3276","1":"product","2":"type-product","3":"status-publish","4":"has-post-thumbnail","6":"product_cat-schafwoll-kuscheltiere","8":"first","9":"instock","10":"taxable","11":"shipping-taxable","12":"purchasable","13":"product-type-simple"},"_links":{"self":[{"href":"https:\/\/www.walhalla-lamm.de\/cms\/wp-json\/wp\/v2\/product\/3276","targetHints":{"allow":["GET"]}}],"collection":[{"href":"https:\/\/www.walhalla-lamm.de\/cms\/wp-json\/wp\/v2\/product"}],"about":[{"href":"https:\/\/www.walhalla-lamm.de\/cms\/wp-json\/wp\/v2\/types\/product"}],"replies":[{"embeddable":true,"href":"https:\/\/www.walhalla-lamm.de\/cms\/wp-json\/wp\/v2\/comments?post=3276"}],"wp:featuredmedia":[{"embeddable":true,"href":"https:\/\/www.walhalla-lamm.de\/cms\/wp-json\/wp\/v2\/media\/6755"}],"wp:attachment":[{"href":"https:\/\/www.walhalla-lamm.de\/cms\/wp-json\/wp\/v2\/media?parent=3276"}],"wp:term":[{"taxonomy":"product_brand","embeddable":true,"href":"https:\/\/www.walhalla-lamm.de\/cms\/wp-json\/wp\/v2\/product_brand?post=3276"},{"taxonomy":"product_cat","embeddable":true,"href":"https:\/\/www.walhalla-lamm.de\/cms\/wp-json\/wp\/v2\/product_cat?post=3276"},{"taxonomy":"product_tag","embeddable":true,"href":"https:\/\/www.walhalla-lamm.de\/cms\/wp-json\/wp\/v2\/product_tag?post=3276"}],"curies":[{"name":"wp","href":"https:\/\/api.w.org\/{rel}","templated":true}]}}