{"id":3342,"date":"2022-01-19T17:43:07","date_gmt":"2022-01-19T16:43:07","guid":{"rendered":"http:\/\/www.walhalla-lamm.de\/cms\/?post_type=product&#038;p=3342"},"modified":"2025-08-03T05:45:00","modified_gmt":"2025-08-03T03:45:00","slug":"schafwoll-kuscheltier-gans","status":"publish","type":"product","link":"https:\/\/www.walhalla-lamm.de\/cms\/shop\/schafwoll-kuscheltiere\/schafwoll-kuscheltier-gans\/","title":{"rendered":"Schafwoll-Kuscheltier Gans"},"content":{"rendered":"<p>Schafwoll-Kuscheltier Gans, aus 100%iger, reiner Schafwolle ohne Kunstfasern und nat\u00fcrlich farbecht <strong>in Bayern<\/strong> hergestellt und mit Schurwolle weich gef\u00fcllt.<\/p>\n<p>Es gibt zwei Versionen zur Auswahl: ein G\u00e4nschen mit eingebauter Rassel oder ein G\u00e4nschen mit eingebauter Quietschstimme.<\/p>\n<p>Frei von Giftstoffen, mit Sicherheitsaugen, schwer entflammbar, speichelecht und CE-zertifiziert.<\/p>\n","protected":false},"excerpt":{"rendered":"<p>Schafwoll-Kuscheltier Gans, aus 100%iger, reiner Schafwolle ohne Kunstfasern und nat\u00fcrlich farbecht in Bayern hergestellt und mit Schurwolle weich gef\u00fcllt. Es gibt zwei Versionen zur Auswahl: ein G\u00e4nschen mit eingebauter Rassel oder ein G\u00e4nschen mit eingebauter Quietschstimme. Frei von Giftstoffen, mit Sicherheitsaugen, schwer entflammbar, speichelecht und CE-zertifiziert.<\/p>\n","protected":false},"featured_media":6798,"comment_status":"closed","ping_status":"closed","template":"","meta":[],"product_brand":[],"product_cat":[45],"product_tag":[],"class_list":{"0":"post-3342","1":"product","2":"type-product","3":"status-publish","4":"has-post-thumbnail","6":"product_cat-schafwoll-kuscheltiere","8":"first","9":"instock","10":"taxable","11":"shipping-taxable","12":"purchasable","13":"product-type-variable"},"_links":{"self":[{"href":"https:\/\/www.walhalla-lamm.de\/cms\/wp-json\/wp\/v2\/product\/3342","targetHints":{"allow":["GET"]}}],"collection":[{"href":"https:\/\/www.walhalla-lamm.de\/cms\/wp-json\/wp\/v2\/product"}],"about":[{"href":"https:\/\/www.walhalla-lamm.de\/cms\/wp-json\/wp\/v2\/types\/product"}],"replies":[{"embeddable":true,"href":"https:\/\/www.walhalla-lamm.de\/cms\/wp-json\/wp\/v2\/comments?post=3342"}],"wp:featuredmedia":[{"embeddable":true,"href":"https:\/\/www.walhalla-lamm.de\/cms\/wp-json\/wp\/v2\/media\/6798"}],"wp:attachment":[{"href":"https:\/\/www.walhalla-lamm.de\/cms\/wp-json\/wp\/v2\/media?parent=3342"}],"wp:term":[{"taxonomy":"product_brand","embeddable":true,"href":"https:\/\/www.walhalla-lamm.de\/cms\/wp-json\/wp\/v2\/product_brand?post=3342"},{"taxonomy":"product_cat","embeddable":true,"href":"https:\/\/www.walhalla-lamm.de\/cms\/wp-json\/wp\/v2\/product_cat?post=3342"},{"taxonomy":"product_tag","embeddable":true,"href":"https:\/\/www.walhalla-lamm.de\/cms\/wp-json\/wp\/v2\/product_tag?post=3342"}],"curies":[{"name":"wp","href":"https:\/\/api.w.org\/{rel}","templated":true}]}}