{"id":3359,"date":"2022-01-22T11:34:20","date_gmt":"2022-01-22T10:34:20","guid":{"rendered":"http:\/\/www.walhalla-lamm.de\/cms\/?post_type=product&#038;p=3359"},"modified":"2026-04-01T07:24:28","modified_gmt":"2026-04-01T05:24:28","slug":"schafwoll-kuscheltier-liegender-hund","status":"publish","type":"product","link":"https:\/\/www.walhalla-lamm.de\/cms\/shop\/schafwoll-kuscheltiere\/schafwoll-kuscheltier-liegender-hund\/","title":{"rendered":"Schafwoll-Kuscheltier liegender Hund"},"content":{"rendered":"<p>Schafwoll-Kuscheltier liegender Hund unterschiedliche Augen dank dunklem Augenring und Schlappohren<\/p>\n<p>Schafwoll-Kuscheltier liegender Hund, aus 100%iger, reiner Schafwolle ohne Kunstfasern und nat\u00fcrlich farbecht <strong>in Bayern<\/strong> hergestellt und mit Schurwolle weich gef\u00fcllt.<\/p>\n<p>Frei von Giftstoffen, mit Sicherheitsaugen, schwer entflammbar, speichelecht und CE-zertifiziert.<\/p>\n","protected":false},"excerpt":{"rendered":"<p>Gesamtl\u00e4nge 36 cm, K\u00f6rperl\u00e4nge 18 cm, Arml\u00e4nge 11 cm, Schwanzl\u00e4nge 6 cm, Kopfbreite 10 cm,\u00a0 Ohren je 11 cm- Gesamth\u00f6he 22 cm.<\/p>\n","protected":false},"featured_media":6957,"comment_status":"closed","ping_status":"closed","template":"","meta":[],"product_brand":[],"product_cat":[45],"product_tag":[],"class_list":{"0":"post-3359","1":"product","2":"type-product","3":"status-publish","4":"has-post-thumbnail","6":"product_cat-schafwoll-kuscheltiere","8":"first","9":"instock","10":"taxable","11":"shipping-taxable","12":"purchasable","13":"product-type-simple"},"_links":{"self":[{"href":"https:\/\/www.walhalla-lamm.de\/cms\/wp-json\/wp\/v2\/product\/3359","targetHints":{"allow":["GET"]}}],"collection":[{"href":"https:\/\/www.walhalla-lamm.de\/cms\/wp-json\/wp\/v2\/product"}],"about":[{"href":"https:\/\/www.walhalla-lamm.de\/cms\/wp-json\/wp\/v2\/types\/product"}],"replies":[{"embeddable":true,"href":"https:\/\/www.walhalla-lamm.de\/cms\/wp-json\/wp\/v2\/comments?post=3359"}],"wp:featuredmedia":[{"embeddable":true,"href":"https:\/\/www.walhalla-lamm.de\/cms\/wp-json\/wp\/v2\/media\/6957"}],"wp:attachment":[{"href":"https:\/\/www.walhalla-lamm.de\/cms\/wp-json\/wp\/v2\/media?parent=3359"}],"wp:term":[{"taxonomy":"product_brand","embeddable":true,"href":"https:\/\/www.walhalla-lamm.de\/cms\/wp-json\/wp\/v2\/product_brand?post=3359"},{"taxonomy":"product_cat","embeddable":true,"href":"https:\/\/www.walhalla-lamm.de\/cms\/wp-json\/wp\/v2\/product_cat?post=3359"},{"taxonomy":"product_tag","embeddable":true,"href":"https:\/\/www.walhalla-lamm.de\/cms\/wp-json\/wp\/v2\/product_tag?post=3359"}],"curies":[{"name":"wp","href":"https:\/\/api.w.org\/{rel}","templated":true}]}}