{"id":3405,"date":"2022-01-26T16:31:09","date_gmt":"2022-01-26T15:31:09","guid":{"rendered":"http:\/\/www.walhalla-lamm.de\/cms\/?post_type=product&#038;p=3405"},"modified":"2026-02-07T04:37:39","modified_gmt":"2026-02-07T03:37:39","slug":"schafwoll-flachtier-fisch","status":"publish","type":"product","link":"https:\/\/www.walhalla-lamm.de\/cms\/shop\/schafwoll-kuscheltiere\/schafwoll-flachtiere\/schafwoll-flachtier-fisch\/","title":{"rendered":"Schafwoll-Flachtier Fisch"},"content":{"rendered":"<p>Schafwoll-Flachtier Fisch mit Rassel im Bauch<\/p>\n<p>Speziell f\u00fcr S\u00e4uglinge entwickelt, mit gen\u00e4hten Augen und speichelecht.<\/p>\n<p>Gr\u00f6\u00dfe: 19 cm<\/p>\n","protected":false},"excerpt":{"rendered":"<p>Schafwoll-Flachtier Fisch mit Rassel im Bauch Speziell f\u00fcr S\u00e4uglinge entwickelt, mit gen\u00e4hten Augen und speichelecht. Gr\u00f6\u00dfe: 19 cm<\/p>\n","protected":false},"featured_media":3406,"comment_status":"closed","ping_status":"closed","template":"","meta":[],"product_brand":[],"product_cat":[46],"product_tag":[],"class_list":{"0":"post-3405","1":"product","2":"type-product","3":"status-publish","4":"has-post-thumbnail","6":"product_cat-schafwoll-flachtiere","8":"first","9":"instock","10":"taxable","11":"shipping-taxable","12":"purchasable","13":"product-type-simple"},"_links":{"self":[{"href":"https:\/\/www.walhalla-lamm.de\/cms\/wp-json\/wp\/v2\/product\/3405","targetHints":{"allow":["GET"]}}],"collection":[{"href":"https:\/\/www.walhalla-lamm.de\/cms\/wp-json\/wp\/v2\/product"}],"about":[{"href":"https:\/\/www.walhalla-lamm.de\/cms\/wp-json\/wp\/v2\/types\/product"}],"replies":[{"embeddable":true,"href":"https:\/\/www.walhalla-lamm.de\/cms\/wp-json\/wp\/v2\/comments?post=3405"}],"wp:featuredmedia":[{"embeddable":true,"href":"https:\/\/www.walhalla-lamm.de\/cms\/wp-json\/wp\/v2\/media\/3406"}],"wp:attachment":[{"href":"https:\/\/www.walhalla-lamm.de\/cms\/wp-json\/wp\/v2\/media?parent=3405"}],"wp:term":[{"taxonomy":"product_brand","embeddable":true,"href":"https:\/\/www.walhalla-lamm.de\/cms\/wp-json\/wp\/v2\/product_brand?post=3405"},{"taxonomy":"product_cat","embeddable":true,"href":"https:\/\/www.walhalla-lamm.de\/cms\/wp-json\/wp\/v2\/product_cat?post=3405"},{"taxonomy":"product_tag","embeddable":true,"href":"https:\/\/www.walhalla-lamm.de\/cms\/wp-json\/wp\/v2\/product_tag?post=3405"}],"curies":[{"name":"wp","href":"https:\/\/api.w.org\/{rel}","templated":true}]}}