{"id":344,"date":"2020-04-15T11:02:46","date_gmt":"2020-04-15T09:02:46","guid":{"rendered":"http:\/\/www.walhalla-lamm.de\/cms\/?post_type=product&#038;p=344"},"modified":"2026-04-10T15:02:30","modified_gmt":"2026-04-10T13:02:30","slug":"lippenbalsam-mit-lanolin","status":"publish","type":"product","link":"https:\/\/www.walhalla-lamm.de\/cms\/shop\/seife-kosmetik\/koerperpflege\/lippenbalsam-mit-lanolin\/","title":{"rendered":"Lippenbalsam mit Lanolin"},"content":{"rendered":"<p>Kostbare Pflege f\u00fcr samtweiche Lippen!<\/p>\n<p>Zu Trockenheit neigenden Lippen bietet der Lippenbalsam idealen Schutz. Bei regelm\u00e4\u00dfiger Anwendung geh\u00f6ren spr\u00f6de Lippen dank pflegender Sheabutter, Bienenwachs und wirksamem Lanolin der Vergangenheit an. Der reichhaltige Lippenbalsam beruhigt, regeneriert und sch\u00fctzt die Lippen.<\/p>\n<p>Besonders hilfreich in der Winterzeit, wenn die Lippen bei K\u00e4lte leicht austrocknen, spr\u00f6de werden und einrei\u00dfen.<\/p>\n<p>Den Lippenbalsam nach Belieben mit dem Finger auf die Lippen auftragen, damit sie weich bleiben.<\/p>\n<p>&nbsp;<\/p>\n","protected":false},"excerpt":{"rendered":"<p>Kostbare Pflege f\u00fcr samtweiche Lippen! Zu Trockenheit neigenden Lippen bietet der Lippenbalsam idealen Schutz. Bei regelm\u00e4\u00dfiger Anwendung geh\u00f6ren spr\u00f6de Lippen dank pflegender Sheabutter, Bienenwachs und wirksamem Lanolin der Vergangenheit an. Der reichhaltige Lippenbalsam beruhigt, regeneriert und sch\u00fctzt die Lippen. Besonders hilfreich in der Winterzeit, wenn die Lippen bei K\u00e4lte leicht austrocknen, spr\u00f6de werden und einrei\u00dfen. [&hellip;]<\/p>\n","protected":false},"featured_media":4058,"comment_status":"closed","ping_status":"closed","template":"","meta":[],"product_brand":[],"product_cat":[41,22],"product_tag":[],"class_list":{"0":"post-344","1":"product","2":"type-product","3":"status-publish","4":"has-post-thumbnail","6":"product_cat-koerperpflege","7":"product_cat-seife-kosmetik","9":"first","10":"outofstock","11":"taxable","12":"shipping-taxable","13":"purchasable","14":"product-type-simple"},"_links":{"self":[{"href":"https:\/\/www.walhalla-lamm.de\/cms\/wp-json\/wp\/v2\/product\/344","targetHints":{"allow":["GET"]}}],"collection":[{"href":"https:\/\/www.walhalla-lamm.de\/cms\/wp-json\/wp\/v2\/product"}],"about":[{"href":"https:\/\/www.walhalla-lamm.de\/cms\/wp-json\/wp\/v2\/types\/product"}],"replies":[{"embeddable":true,"href":"https:\/\/www.walhalla-lamm.de\/cms\/wp-json\/wp\/v2\/comments?post=344"}],"wp:featuredmedia":[{"embeddable":true,"href":"https:\/\/www.walhalla-lamm.de\/cms\/wp-json\/wp\/v2\/media\/4058"}],"wp:attachment":[{"href":"https:\/\/www.walhalla-lamm.de\/cms\/wp-json\/wp\/v2\/media?parent=344"}],"wp:term":[{"taxonomy":"product_brand","embeddable":true,"href":"https:\/\/www.walhalla-lamm.de\/cms\/wp-json\/wp\/v2\/product_brand?post=344"},{"taxonomy":"product_cat","embeddable":true,"href":"https:\/\/www.walhalla-lamm.de\/cms\/wp-json\/wp\/v2\/product_cat?post=344"},{"taxonomy":"product_tag","embeddable":true,"href":"https:\/\/www.walhalla-lamm.de\/cms\/wp-json\/wp\/v2\/product_tag?post=344"}],"curies":[{"name":"wp","href":"https:\/\/api.w.org\/{rel}","templated":true}]}}